{"id":831,"date":"2018-03-20T16:38:32","date_gmt":"2018-03-20T19:38:32","guid":{"rendered":"http:\/\/piscinasdelsur.com.ar\/newWeb\/?post_type=product&#038;p=831"},"modified":"2020-11-24T17:14:10","modified_gmt":"2020-11-24T20:14:10","slug":"filtro-sobre-mesada","status":"publish","type":"product","link":"https:\/\/piscinasdelsur.com.ar\/newWeb\/?product=filtro-sobre-mesada","title":{"rendered":"Filtro sobre mesada"},"content":{"rendered":"<p><strong>Purificador de agua sobre mesada Vulcano<\/strong><\/p>\n<p>Caracter\u00edsticas t\u00e9cnicas:<\/p>\n<p>&#8211; Este equipo se compone por una carcasa opaca de PP blanco, grifo de acero inoxidable y kit de instalaci\u00f3n.<\/p>\n<p>&#8211; Su cartucho filtrante es bactericida y puede retener hasta part\u00edculas en suspensi\u00f3n de 1 micra.<\/p>\n<p>&#8211; El filtro Vulcano sobre mesada cumple con los par\u00e1metros del C\u00f3digo Alimenticio Argentino y la Organizaci\u00f3n Mundial de la Salud.\u00a0Fabricado acorde a las norma internacionales de la Calidad y avalado por Organismos Oficiales.<\/p>\n<p><img fetchpriority=\"high\" decoding=\"async\" class=\"alignnone  wp-image-833\" src=\"http:\/\/piscinasdelsur.com.ar\/newWeb\/wp-content\/uploads\/2018\/03\/filtro_sobre_mesada-300x178.jpg\" alt=\"\" width=\"438\" height=\"260\" srcset=\"https:\/\/piscinasdelsur.com.ar\/newWeb\/wp-content\/uploads\/2018\/03\/filtro_sobre_mesada-300x178.jpg 300w, https:\/\/piscinasdelsur.com.ar\/newWeb\/wp-content\/uploads\/2018\/03\/filtro_sobre_mesada.jpg 545w\" sizes=\"(max-width: 438px) 100vw, 438px\" \/><\/p>\n","protected":false},"excerpt":{"rendered":"<p class=\"p1\"><span class=\"s1\">C\u00f3digo: 600010<\/span><\/p>\n<p class=\"p2\"><span class=\"s1\">DESCRIPCI\u00d3N<\/span><\/p>\n<p class=\"p3\"><span class=\"s1\">El filtro sobre mesada Vulcano es ideal para purificar el agua de su domicilio. Gracias a su tecnolog\u00eda Nanosilver se posiciona como el mejor filtro del mercado. Esta tecnolog\u00eda adem\u00e1s de eliminar el cloro y sus derivados (fenoles, trihalometanos, cloraminas), filtra sedimentos, arcillas, \u00f3xidos, part\u00edculas en suspensi\u00f3n, metales pesados, pesticidas y otros elementos perjudiciales para la salud, que pudiera contener el agua potable, corriente y de red; es bactericida.<\/p>\n<p>Su instalaci\u00f3n es sencilla y su cartucho de larga duraci\u00f3n se cambia f\u00e1cilmente.<\/span><\/p>\n<p class=\"p1\">\n","protected":false},"featured_media":835,"template":"","meta":{"_monsterinsights_skip_tracking":false,"_monsterinsights_sitenote_active":false,"_monsterinsights_sitenote_note":"","_monsterinsights_sitenote_category":0},"product_brand":[],"product_cat":[167],"product_tag":[95,171,169,173,175],"class_list":{"0":"post-831","1":"product","2":"type-product","3":"status-publish","4":"has-post-thumbnail","6":"product_cat-purificadores-de-agua","7":"product_tag-filtro","8":"product_tag-filtro-de-agua","9":"product_tag-filtro-sobre-mesada","10":"product_tag-filtro-vulcano","11":"product_tag-purificador","13":"first","14":"instock","15":"shipping-taxable","16":"product-type-simple"},"yoast_head":"<!-- This site is optimized with the Yoast SEO plugin v27.3 - https:\/\/yoast.com\/product\/yoast-seo-wordpress\/ -->\n<title>Filtro sobre mesada - Piscinas del Sur<\/title>\n<meta name=\"robots\" content=\"index, follow, max-snippet:-1, max-image-preview:large, max-video-preview:-1\" \/>\n<link rel=\"canonical\" href=\"https:\/\/piscinasdelsur.com.ar\/newWeb\/?product=filtro-sobre-mesada\" \/>\n<meta property=\"og:locale\" content=\"es_ES\" \/>\n<meta property=\"og:type\" content=\"article\" \/>\n<meta property=\"og:title\" content=\"Filtro sobre mesada - Piscinas del Sur\" \/>\n<meta property=\"og:description\" content=\"C\u00f3digo: 600010 DESCRIPCI\u00d3N El filtro sobre mesada Vulcano es ideal para purificar el agua de su domicilio. Gracias a su tecnolog\u00eda Nanosilver se posiciona como el mejor filtro del mercado. Esta tecnolog\u00eda adem\u00e1s de eliminar el cloro y sus derivados (fenoles, trihalometanos, cloraminas), filtra sedimentos, arcillas, \u00f3xidos, part\u00edculas en suspensi\u00f3n, metales pesados, pesticidas y otros elementos perjudiciales para la salud, que pudiera contener el agua potable, corriente y de red; es bactericida. Su instalaci\u00f3n es sencilla y su cartucho de larga duraci\u00f3n se cambia f\u00e1cilmente.\" \/>\n<meta property=\"og:url\" content=\"https:\/\/piscinasdelsur.com.ar\/newWeb\/?product=filtro-sobre-mesada\" \/>\n<meta property=\"og:site_name\" content=\"Piscinas del Sur\" \/>\n<meta property=\"article:modified_time\" content=\"2020-11-24T20:14:10+00:00\" \/>\n<meta property=\"og:image\" content=\"https:\/\/piscinasdelsur.com.ar\/newWeb\/wp-content\/uploads\/2018\/03\/filtro-sobremesada.jpg\" \/>\n\t<meta property=\"og:image:width\" content=\"458\" \/>\n\t<meta property=\"og:image:height\" content=\"458\" \/>\n\t<meta property=\"og:image:type\" content=\"image\/jpeg\" \/>\n<meta name=\"twitter:card\" content=\"summary_large_image\" \/>\n<script type=\"application\/ld+json\" class=\"yoast-schema-graph\">{\"@context\":\"https:\\\/\\\/schema.org\",\"@graph\":[{\"@type\":\"WebPage\",\"@id\":\"https:\\\/\\\/piscinasdelsur.com.ar\\\/newWeb\\\/?product=filtro-sobre-mesada\",\"url\":\"https:\\\/\\\/piscinasdelsur.com.ar\\\/newWeb\\\/?product=filtro-sobre-mesada\",\"name\":\"Filtro sobre mesada - Piscinas del Sur\",\"isPartOf\":{\"@id\":\"https:\\\/\\\/piscinasdelsur.com.ar\\\/newWeb\\\/#website\"},\"primaryImageOfPage\":{\"@id\":\"https:\\\/\\\/piscinasdelsur.com.ar\\\/newWeb\\\/?product=filtro-sobre-mesada#primaryimage\"},\"image\":{\"@id\":\"https:\\\/\\\/piscinasdelsur.com.ar\\\/newWeb\\\/?product=filtro-sobre-mesada#primaryimage\"},\"thumbnailUrl\":\"https:\\\/\\\/piscinasdelsur.com.ar\\\/newWeb\\\/wp-content\\\/uploads\\\/2018\\\/03\\\/filtro-sobremesada.jpg\",\"datePublished\":\"2018-03-20T19:38:32+00:00\",\"dateModified\":\"2020-11-24T20:14:10+00:00\",\"breadcrumb\":{\"@id\":\"https:\\\/\\\/piscinasdelsur.com.ar\\\/newWeb\\\/?product=filtro-sobre-mesada#breadcrumb\"},\"inLanguage\":\"es-AR\",\"potentialAction\":[{\"@type\":\"ReadAction\",\"target\":[\"https:\\\/\\\/piscinasdelsur.com.ar\\\/newWeb\\\/?product=filtro-sobre-mesada\"]}]},{\"@type\":\"ImageObject\",\"inLanguage\":\"es-AR\",\"@id\":\"https:\\\/\\\/piscinasdelsur.com.ar\\\/newWeb\\\/?product=filtro-sobre-mesada#primaryimage\",\"url\":\"https:\\\/\\\/piscinasdelsur.com.ar\\\/newWeb\\\/wp-content\\\/uploads\\\/2018\\\/03\\\/filtro-sobremesada.jpg\",\"contentUrl\":\"https:\\\/\\\/piscinasdelsur.com.ar\\\/newWeb\\\/wp-content\\\/uploads\\\/2018\\\/03\\\/filtro-sobremesada.jpg\",\"width\":458,\"height\":458},{\"@type\":\"BreadcrumbList\",\"@id\":\"https:\\\/\\\/piscinasdelsur.com.ar\\\/newWeb\\\/?product=filtro-sobre-mesada#breadcrumb\",\"itemListElement\":[{\"@type\":\"ListItem\",\"position\":1,\"name\":\"Inicio\",\"item\":\"https:\\\/\\\/piscinasdelsur.com.ar\\\/newWeb\\\/\"},{\"@type\":\"ListItem\",\"position\":2,\"name\":\"Shop\",\"item\":\"https:\\\/\\\/piscinasdelsur.com.ar\\\/newWeb\\\/?page_id=318\"},{\"@type\":\"ListItem\",\"position\":3,\"name\":\"Filtro sobre mesada\"}]},{\"@type\":\"WebSite\",\"@id\":\"https:\\\/\\\/piscinasdelsur.com.ar\\\/newWeb\\\/#website\",\"url\":\"https:\\\/\\\/piscinasdelsur.com.ar\\\/newWeb\\\/\",\"name\":\"Piscinas del Sur\",\"description\":\"\",\"publisher\":{\"@id\":\"https:\\\/\\\/piscinasdelsur.com.ar\\\/newWeb\\\/#organization\"},\"potentialAction\":[{\"@type\":\"SearchAction\",\"target\":{\"@type\":\"EntryPoint\",\"urlTemplate\":\"https:\\\/\\\/piscinasdelsur.com.ar\\\/newWeb\\\/?s={search_term_string}\"},\"query-input\":{\"@type\":\"PropertyValueSpecification\",\"valueRequired\":true,\"valueName\":\"search_term_string\"}}],\"inLanguage\":\"es-AR\"},{\"@type\":\"Organization\",\"@id\":\"https:\\\/\\\/piscinasdelsur.com.ar\\\/newWeb\\\/#organization\",\"name\":\"Piscinas del Sur\",\"url\":\"https:\\\/\\\/piscinasdelsur.com.ar\\\/newWeb\\\/\",\"logo\":{\"@type\":\"ImageObject\",\"inLanguage\":\"es-AR\",\"@id\":\"https:\\\/\\\/piscinasdelsur.com.ar\\\/newWeb\\\/#\\\/schema\\\/logo\\\/image\\\/\",\"url\":\"https:\\\/\\\/piscinasdelsur.com.ar\\\/newWeb\\\/wp-content\\\/uploads\\\/2017\\\/12\\\/cropped-LOGO-PISCINAS-DEL-SUR1.png\",\"contentUrl\":\"https:\\\/\\\/piscinasdelsur.com.ar\\\/newWeb\\\/wp-content\\\/uploads\\\/2017\\\/12\\\/cropped-LOGO-PISCINAS-DEL-SUR1.png\",\"width\":350,\"height\":152,\"caption\":\"Piscinas del Sur\"},\"image\":{\"@id\":\"https:\\\/\\\/piscinasdelsur.com.ar\\\/newWeb\\\/#\\\/schema\\\/logo\\\/image\\\/\"}}]}<\/script>\n<!-- \/ Yoast SEO plugin. -->","yoast_head_json":{"title":"Filtro sobre mesada - Piscinas del Sur","robots":{"index":"index","follow":"follow","max-snippet":"max-snippet:-1","max-image-preview":"max-image-preview:large","max-video-preview":"max-video-preview:-1"},"canonical":"https:\/\/piscinasdelsur.com.ar\/newWeb\/?product=filtro-sobre-mesada","og_locale":"es_ES","og_type":"article","og_title":"Filtro sobre mesada - Piscinas del Sur","og_description":"C\u00f3digo: 600010 DESCRIPCI\u00d3N El filtro sobre mesada Vulcano es ideal para purificar el agua de su domicilio. Gracias a su tecnolog\u00eda Nanosilver se posiciona como el mejor filtro del mercado. Esta tecnolog\u00eda adem\u00e1s de eliminar el cloro y sus derivados (fenoles, trihalometanos, cloraminas), filtra sedimentos, arcillas, \u00f3xidos, part\u00edculas en suspensi\u00f3n, metales pesados, pesticidas y otros elementos perjudiciales para la salud, que pudiera contener el agua potable, corriente y de red; es bactericida. Su instalaci\u00f3n es sencilla y su cartucho de larga duraci\u00f3n se cambia f\u00e1cilmente.","og_url":"https:\/\/piscinasdelsur.com.ar\/newWeb\/?product=filtro-sobre-mesada","og_site_name":"Piscinas del Sur","article_modified_time":"2020-11-24T20:14:10+00:00","og_image":[{"width":458,"height":458,"url":"https:\/\/piscinasdelsur.com.ar\/newWeb\/wp-content\/uploads\/2018\/03\/filtro-sobremesada.jpg","type":"image\/jpeg"}],"twitter_card":"summary_large_image","schema":{"@context":"https:\/\/schema.org","@graph":[{"@type":"WebPage","@id":"https:\/\/piscinasdelsur.com.ar\/newWeb\/?product=filtro-sobre-mesada","url":"https:\/\/piscinasdelsur.com.ar\/newWeb\/?product=filtro-sobre-mesada","name":"Filtro sobre mesada - Piscinas del Sur","isPartOf":{"@id":"https:\/\/piscinasdelsur.com.ar\/newWeb\/#website"},"primaryImageOfPage":{"@id":"https:\/\/piscinasdelsur.com.ar\/newWeb\/?product=filtro-sobre-mesada#primaryimage"},"image":{"@id":"https:\/\/piscinasdelsur.com.ar\/newWeb\/?product=filtro-sobre-mesada#primaryimage"},"thumbnailUrl":"https:\/\/piscinasdelsur.com.ar\/newWeb\/wp-content\/uploads\/2018\/03\/filtro-sobremesada.jpg","datePublished":"2018-03-20T19:38:32+00:00","dateModified":"2020-11-24T20:14:10+00:00","breadcrumb":{"@id":"https:\/\/piscinasdelsur.com.ar\/newWeb\/?product=filtro-sobre-mesada#breadcrumb"},"inLanguage":"es-AR","potentialAction":[{"@type":"ReadAction","target":["https:\/\/piscinasdelsur.com.ar\/newWeb\/?product=filtro-sobre-mesada"]}]},{"@type":"ImageObject","inLanguage":"es-AR","@id":"https:\/\/piscinasdelsur.com.ar\/newWeb\/?product=filtro-sobre-mesada#primaryimage","url":"https:\/\/piscinasdelsur.com.ar\/newWeb\/wp-content\/uploads\/2018\/03\/filtro-sobremesada.jpg","contentUrl":"https:\/\/piscinasdelsur.com.ar\/newWeb\/wp-content\/uploads\/2018\/03\/filtro-sobremesada.jpg","width":458,"height":458},{"@type":"BreadcrumbList","@id":"https:\/\/piscinasdelsur.com.ar\/newWeb\/?product=filtro-sobre-mesada#breadcrumb","itemListElement":[{"@type":"ListItem","position":1,"name":"Inicio","item":"https:\/\/piscinasdelsur.com.ar\/newWeb\/"},{"@type":"ListItem","position":2,"name":"Shop","item":"https:\/\/piscinasdelsur.com.ar\/newWeb\/?page_id=318"},{"@type":"ListItem","position":3,"name":"Filtro sobre mesada"}]},{"@type":"WebSite","@id":"https:\/\/piscinasdelsur.com.ar\/newWeb\/#website","url":"https:\/\/piscinasdelsur.com.ar\/newWeb\/","name":"Piscinas del Sur","description":"","publisher":{"@id":"https:\/\/piscinasdelsur.com.ar\/newWeb\/#organization"},"potentialAction":[{"@type":"SearchAction","target":{"@type":"EntryPoint","urlTemplate":"https:\/\/piscinasdelsur.com.ar\/newWeb\/?s={search_term_string}"},"query-input":{"@type":"PropertyValueSpecification","valueRequired":true,"valueName":"search_term_string"}}],"inLanguage":"es-AR"},{"@type":"Organization","@id":"https:\/\/piscinasdelsur.com.ar\/newWeb\/#organization","name":"Piscinas del Sur","url":"https:\/\/piscinasdelsur.com.ar\/newWeb\/","logo":{"@type":"ImageObject","inLanguage":"es-AR","@id":"https:\/\/piscinasdelsur.com.ar\/newWeb\/#\/schema\/logo\/image\/","url":"https:\/\/piscinasdelsur.com.ar\/newWeb\/wp-content\/uploads\/2017\/12\/cropped-LOGO-PISCINAS-DEL-SUR1.png","contentUrl":"https:\/\/piscinasdelsur.com.ar\/newWeb\/wp-content\/uploads\/2017\/12\/cropped-LOGO-PISCINAS-DEL-SUR1.png","width":350,"height":152,"caption":"Piscinas del Sur"},"image":{"@id":"https:\/\/piscinasdelsur.com.ar\/newWeb\/#\/schema\/logo\/image\/"}}]}},"_links":{"self":[{"href":"https:\/\/piscinasdelsur.com.ar\/newWeb\/index.php?rest_route=\/wp\/v2\/product\/831","targetHints":{"allow":["GET"]}}],"collection":[{"href":"https:\/\/piscinasdelsur.com.ar\/newWeb\/index.php?rest_route=\/wp\/v2\/product"}],"about":[{"href":"https:\/\/piscinasdelsur.com.ar\/newWeb\/index.php?rest_route=\/wp\/v2\/types\/product"}],"version-history":[{"count":0,"href":"https:\/\/piscinasdelsur.com.ar\/newWeb\/index.php?rest_route=\/wp\/v2\/product\/831\/revisions"}],"wp:featuredmedia":[{"embeddable":true,"href":"https:\/\/piscinasdelsur.com.ar\/newWeb\/index.php?rest_route=\/wp\/v2\/media\/835"}],"wp:attachment":[{"href":"https:\/\/piscinasdelsur.com.ar\/newWeb\/index.php?rest_route=%2Fwp%2Fv2%2Fmedia&parent=831"}],"wp:term":[{"taxonomy":"product_brand","embeddable":true,"href":"https:\/\/piscinasdelsur.com.ar\/newWeb\/index.php?rest_route=%2Fwp%2Fv2%2Fproduct_brand&post=831"},{"taxonomy":"product_cat","embeddable":true,"href":"https:\/\/piscinasdelsur.com.ar\/newWeb\/index.php?rest_route=%2Fwp%2Fv2%2Fproduct_cat&post=831"},{"taxonomy":"product_tag","embeddable":true,"href":"https:\/\/piscinasdelsur.com.ar\/newWeb\/index.php?rest_route=%2Fwp%2Fv2%2Fproduct_tag&post=831"}],"curies":[{"name":"wp","href":"https:\/\/api.w.org\/{rel}","templated":true}]}}