{"id":743,"date":"2018-02-28T10:43:14","date_gmt":"2018-02-28T13:43:14","guid":{"rendered":"http:\/\/piscinasdelsur.com.ar\/newWeb\/?post_type=product&#038;p=743"},"modified":"2020-06-16T13:18:15","modified_gmt":"2020-06-16T16:18:15","slug":"mak-power-floc-clarificante","status":"publish","type":"product","link":"https:\/\/piscinasdelsur.com.ar\/newWeb\/?product=mak-power-floc-clarificante","title":{"rendered":"MAK Power Floc clarificante"},"content":{"rendered":"<p>Mak Power Floc clarificante<\/p>\n<p>La dosificaci\u00f3n depender\u00e1 del grado de turbidez del agua:<\/p>\n<ul>\n<li>50cc en 50.000 lts de agua para casos de baja turbiedad.<\/li>\n<li>100cc en 50.000 lts de agua para casos de alta turbiedad.<\/li>\n<\/ul>\n<p>Realizar un centrifugado de 2hs para ayudar al proceso, luego dejar reposar el agua hasta el d\u00eda siguiente.<\/p>\n<p>*Se recomienda no excederse de la dosis para no producir un floc inverso.<\/p>\n<p>El pH de la piscina debe mantenerse siempre entre 7,2 y 7,6.<\/p>\n<p>&nbsp;<\/p>\n","protected":false},"excerpt":{"rendered":"<p class=\"p2\"><span class=\"s1\">DESCRIPCI\u00d3N<\/span><\/p>\n<p class=\"p3\">\n<p>Mak Power Floc &#8211; clarificante concentrado &#8211; act\u00faa sobre las part\u00edculas en suspensi\u00f3n que generan la p\u00e9rdida de transparencia del agua (llamada turbiedad).<\/p>\n<p>Floculante, decantador, coagulante, clarificante, son los distintos nombres que recibe el producto para ayudar al agua de su piscina, a acelerar el proceso de decantaci\u00f3n, aglomerando las part\u00edculas suspendidas en el agua, deposit\u00e1ndolas en el fondo para ser removidas f\u00e1cilmente por el limpiafondo.<\/p>\n<p>Mak Power Floc clarificante es un producto formulado para un \u00f3ptimo tratamiento de aguas de piscinas en cuanto al grado de turbidez.<\/p>\n<p>&nbsp;<\/p>\n<p class=\"p1\">\n","protected":false},"featured_media":745,"template":"","meta":{"_monsterinsights_skip_tracking":false,"_monsterinsights_sitenote_active":false,"_monsterinsights_sitenote_note":"","_monsterinsights_sitenote_category":0},"product_brand":[],"product_cat":[77],"product_tag":[135,147,139,145,141,137,143],"class_list":{"0":"post-743","1":"product","2":"type-product","3":"status-publish","4":"has-post-thumbnail","6":"product_cat-clarificadores","7":"product_tag-clarificador","8":"product_tag-clarificante","9":"product_tag-coagulante","10":"product_tag-cristalizador","11":"product_tag-decantador","12":"product_tag-floculante","13":"product_tag-power-floc","15":"first","16":"instock","17":"shipping-taxable","18":"product-type-simple"},"yoast_head":"<!-- This site is optimized with the Yoast SEO plugin v27.5 - https:\/\/yoast.com\/product\/yoast-seo-wordpress\/ -->\n<title>MAK Power Floc clarificante - Piscinas del Sur<\/title>\n<meta name=\"robots\" content=\"index, follow, max-snippet:-1, max-image-preview:large, max-video-preview:-1\" \/>\n<link rel=\"canonical\" href=\"https:\/\/piscinasdelsur.com.ar\/newWeb\/?product=mak-power-floc-clarificante\" \/>\n<meta property=\"og:locale\" content=\"es_ES\" \/>\n<meta property=\"og:type\" content=\"article\" \/>\n<meta property=\"og:title\" content=\"MAK Power Floc clarificante - Piscinas del Sur\" \/>\n<meta property=\"og:description\" content=\"DESCRIPCI\u00d3N  Mak Power Floc - clarificante concentrado - act\u00faa sobre las part\u00edculas en suspensi\u00f3n que generan la p\u00e9rdida de transparencia del agua (llamada turbiedad).  Floculante, decantador, coagulante, clarificante, son los distintos nombres que recibe el producto para ayudar al agua de su piscina, a acelerar el proceso de decantaci\u00f3n, aglomerando las part\u00edculas suspendidas en el agua, deposit\u00e1ndolas en el fondo para ser removidas f\u00e1cilmente por el limpiafondo.  Mak Power Floc clarificante es un producto formulado para un \u00f3ptimo tratamiento de aguas de piscinas en cuanto al grado de turbidez.  &nbsp;\" \/>\n<meta property=\"og:url\" content=\"https:\/\/piscinasdelsur.com.ar\/newWeb\/?product=mak-power-floc-clarificante\" \/>\n<meta property=\"og:site_name\" content=\"Piscinas del Sur\" \/>\n<meta property=\"article:modified_time\" content=\"2020-06-16T16:18:15+00:00\" \/>\n<meta property=\"og:image\" content=\"https:\/\/piscinasdelsur.com.ar\/newWeb\/wp-content\/uploads\/2018\/02\/mak-power-floc-x-1lt.jpg\" \/>\n\t<meta property=\"og:image:width\" content=\"800\" \/>\n\t<meta property=\"og:image:height\" content=\"800\" \/>\n\t<meta property=\"og:image:type\" content=\"image\/jpeg\" \/>\n<meta name=\"twitter:card\" content=\"summary_large_image\" \/>\n<script type=\"application\/ld+json\" class=\"yoast-schema-graph\">{\"@context\":\"https:\\\/\\\/schema.org\",\"@graph\":[{\"@type\":\"WebPage\",\"@id\":\"https:\\\/\\\/piscinasdelsur.com.ar\\\/newWeb\\\/?product=mak-power-floc-clarificante\",\"url\":\"https:\\\/\\\/piscinasdelsur.com.ar\\\/newWeb\\\/?product=mak-power-floc-clarificante\",\"name\":\"MAK Power Floc clarificante - Piscinas del Sur\",\"isPartOf\":{\"@id\":\"https:\\\/\\\/piscinasdelsur.com.ar\\\/newWeb\\\/#website\"},\"primaryImageOfPage\":{\"@id\":\"https:\\\/\\\/piscinasdelsur.com.ar\\\/newWeb\\\/?product=mak-power-floc-clarificante#primaryimage\"},\"image\":{\"@id\":\"https:\\\/\\\/piscinasdelsur.com.ar\\\/newWeb\\\/?product=mak-power-floc-clarificante#primaryimage\"},\"thumbnailUrl\":\"https:\\\/\\\/piscinasdelsur.com.ar\\\/newWeb\\\/wp-content\\\/uploads\\\/2018\\\/02\\\/mak-power-floc-x-1lt.jpg\",\"datePublished\":\"2018-02-28T13:43:14+00:00\",\"dateModified\":\"2020-06-16T16:18:15+00:00\",\"breadcrumb\":{\"@id\":\"https:\\\/\\\/piscinasdelsur.com.ar\\\/newWeb\\\/?product=mak-power-floc-clarificante#breadcrumb\"},\"inLanguage\":\"es-AR\",\"potentialAction\":[{\"@type\":\"ReadAction\",\"target\":[\"https:\\\/\\\/piscinasdelsur.com.ar\\\/newWeb\\\/?product=mak-power-floc-clarificante\"]}]},{\"@type\":\"ImageObject\",\"inLanguage\":\"es-AR\",\"@id\":\"https:\\\/\\\/piscinasdelsur.com.ar\\\/newWeb\\\/?product=mak-power-floc-clarificante#primaryimage\",\"url\":\"https:\\\/\\\/piscinasdelsur.com.ar\\\/newWeb\\\/wp-content\\\/uploads\\\/2018\\\/02\\\/mak-power-floc-x-1lt.jpg\",\"contentUrl\":\"https:\\\/\\\/piscinasdelsur.com.ar\\\/newWeb\\\/wp-content\\\/uploads\\\/2018\\\/02\\\/mak-power-floc-x-1lt.jpg\",\"width\":800,\"height\":800},{\"@type\":\"BreadcrumbList\",\"@id\":\"https:\\\/\\\/piscinasdelsur.com.ar\\\/newWeb\\\/?product=mak-power-floc-clarificante#breadcrumb\",\"itemListElement\":[{\"@type\":\"ListItem\",\"position\":1,\"name\":\"Inicio\",\"item\":\"https:\\\/\\\/piscinasdelsur.com.ar\\\/newWeb\\\/\"},{\"@type\":\"ListItem\",\"position\":2,\"name\":\"Shop\",\"item\":\"https:\\\/\\\/piscinasdelsur.com.ar\\\/newWeb\\\/?page_id=318\"},{\"@type\":\"ListItem\",\"position\":3,\"name\":\"MAK Power Floc clarificante\"}]},{\"@type\":\"WebSite\",\"@id\":\"https:\\\/\\\/piscinasdelsur.com.ar\\\/newWeb\\\/#website\",\"url\":\"https:\\\/\\\/piscinasdelsur.com.ar\\\/newWeb\\\/\",\"name\":\"Piscinas del Sur\",\"description\":\"\",\"publisher\":{\"@id\":\"https:\\\/\\\/piscinasdelsur.com.ar\\\/newWeb\\\/#organization\"},\"potentialAction\":[{\"@type\":\"SearchAction\",\"target\":{\"@type\":\"EntryPoint\",\"urlTemplate\":\"https:\\\/\\\/piscinasdelsur.com.ar\\\/newWeb\\\/?s={search_term_string}\"},\"query-input\":{\"@type\":\"PropertyValueSpecification\",\"valueRequired\":true,\"valueName\":\"search_term_string\"}}],\"inLanguage\":\"es-AR\"},{\"@type\":\"Organization\",\"@id\":\"https:\\\/\\\/piscinasdelsur.com.ar\\\/newWeb\\\/#organization\",\"name\":\"Piscinas del Sur\",\"url\":\"https:\\\/\\\/piscinasdelsur.com.ar\\\/newWeb\\\/\",\"logo\":{\"@type\":\"ImageObject\",\"inLanguage\":\"es-AR\",\"@id\":\"https:\\\/\\\/piscinasdelsur.com.ar\\\/newWeb\\\/#\\\/schema\\\/logo\\\/image\\\/\",\"url\":\"https:\\\/\\\/piscinasdelsur.com.ar\\\/newWeb\\\/wp-content\\\/uploads\\\/2017\\\/12\\\/cropped-LOGO-PISCINAS-DEL-SUR1.png\",\"contentUrl\":\"https:\\\/\\\/piscinasdelsur.com.ar\\\/newWeb\\\/wp-content\\\/uploads\\\/2017\\\/12\\\/cropped-LOGO-PISCINAS-DEL-SUR1.png\",\"width\":350,\"height\":152,\"caption\":\"Piscinas del Sur\"},\"image\":{\"@id\":\"https:\\\/\\\/piscinasdelsur.com.ar\\\/newWeb\\\/#\\\/schema\\\/logo\\\/image\\\/\"}}]}<\/script>\n<!-- \/ Yoast SEO plugin. -->","yoast_head_json":{"title":"MAK Power Floc clarificante - Piscinas del Sur","robots":{"index":"index","follow":"follow","max-snippet":"max-snippet:-1","max-image-preview":"max-image-preview:large","max-video-preview":"max-video-preview:-1"},"canonical":"https:\/\/piscinasdelsur.com.ar\/newWeb\/?product=mak-power-floc-clarificante","og_locale":"es_ES","og_type":"article","og_title":"MAK Power Floc clarificante - Piscinas del Sur","og_description":"DESCRIPCI\u00d3N  Mak Power Floc - clarificante concentrado - act\u00faa sobre las part\u00edculas en suspensi\u00f3n que generan la p\u00e9rdida de transparencia del agua (llamada turbiedad).  Floculante, decantador, coagulante, clarificante, son los distintos nombres que recibe el producto para ayudar al agua de su piscina, a acelerar el proceso de decantaci\u00f3n, aglomerando las part\u00edculas suspendidas en el agua, deposit\u00e1ndolas en el fondo para ser removidas f\u00e1cilmente por el limpiafondo.  Mak Power Floc clarificante es un producto formulado para un \u00f3ptimo tratamiento de aguas de piscinas en cuanto al grado de turbidez.  &nbsp;","og_url":"https:\/\/piscinasdelsur.com.ar\/newWeb\/?product=mak-power-floc-clarificante","og_site_name":"Piscinas del Sur","article_modified_time":"2020-06-16T16:18:15+00:00","og_image":[{"width":800,"height":800,"url":"https:\/\/piscinasdelsur.com.ar\/newWeb\/wp-content\/uploads\/2018\/02\/mak-power-floc-x-1lt.jpg","type":"image\/jpeg"}],"twitter_card":"summary_large_image","schema":{"@context":"https:\/\/schema.org","@graph":[{"@type":"WebPage","@id":"https:\/\/piscinasdelsur.com.ar\/newWeb\/?product=mak-power-floc-clarificante","url":"https:\/\/piscinasdelsur.com.ar\/newWeb\/?product=mak-power-floc-clarificante","name":"MAK Power Floc clarificante - Piscinas del Sur","isPartOf":{"@id":"https:\/\/piscinasdelsur.com.ar\/newWeb\/#website"},"primaryImageOfPage":{"@id":"https:\/\/piscinasdelsur.com.ar\/newWeb\/?product=mak-power-floc-clarificante#primaryimage"},"image":{"@id":"https:\/\/piscinasdelsur.com.ar\/newWeb\/?product=mak-power-floc-clarificante#primaryimage"},"thumbnailUrl":"https:\/\/piscinasdelsur.com.ar\/newWeb\/wp-content\/uploads\/2018\/02\/mak-power-floc-x-1lt.jpg","datePublished":"2018-02-28T13:43:14+00:00","dateModified":"2020-06-16T16:18:15+00:00","breadcrumb":{"@id":"https:\/\/piscinasdelsur.com.ar\/newWeb\/?product=mak-power-floc-clarificante#breadcrumb"},"inLanguage":"es-AR","potentialAction":[{"@type":"ReadAction","target":["https:\/\/piscinasdelsur.com.ar\/newWeb\/?product=mak-power-floc-clarificante"]}]},{"@type":"ImageObject","inLanguage":"es-AR","@id":"https:\/\/piscinasdelsur.com.ar\/newWeb\/?product=mak-power-floc-clarificante#primaryimage","url":"https:\/\/piscinasdelsur.com.ar\/newWeb\/wp-content\/uploads\/2018\/02\/mak-power-floc-x-1lt.jpg","contentUrl":"https:\/\/piscinasdelsur.com.ar\/newWeb\/wp-content\/uploads\/2018\/02\/mak-power-floc-x-1lt.jpg","width":800,"height":800},{"@type":"BreadcrumbList","@id":"https:\/\/piscinasdelsur.com.ar\/newWeb\/?product=mak-power-floc-clarificante#breadcrumb","itemListElement":[{"@type":"ListItem","position":1,"name":"Inicio","item":"https:\/\/piscinasdelsur.com.ar\/newWeb\/"},{"@type":"ListItem","position":2,"name":"Shop","item":"https:\/\/piscinasdelsur.com.ar\/newWeb\/?page_id=318"},{"@type":"ListItem","position":3,"name":"MAK Power Floc clarificante"}]},{"@type":"WebSite","@id":"https:\/\/piscinasdelsur.com.ar\/newWeb\/#website","url":"https:\/\/piscinasdelsur.com.ar\/newWeb\/","name":"Piscinas del Sur","description":"","publisher":{"@id":"https:\/\/piscinasdelsur.com.ar\/newWeb\/#organization"},"potentialAction":[{"@type":"SearchAction","target":{"@type":"EntryPoint","urlTemplate":"https:\/\/piscinasdelsur.com.ar\/newWeb\/?s={search_term_string}"},"query-input":{"@type":"PropertyValueSpecification","valueRequired":true,"valueName":"search_term_string"}}],"inLanguage":"es-AR"},{"@type":"Organization","@id":"https:\/\/piscinasdelsur.com.ar\/newWeb\/#organization","name":"Piscinas del Sur","url":"https:\/\/piscinasdelsur.com.ar\/newWeb\/","logo":{"@type":"ImageObject","inLanguage":"es-AR","@id":"https:\/\/piscinasdelsur.com.ar\/newWeb\/#\/schema\/logo\/image\/","url":"https:\/\/piscinasdelsur.com.ar\/newWeb\/wp-content\/uploads\/2017\/12\/cropped-LOGO-PISCINAS-DEL-SUR1.png","contentUrl":"https:\/\/piscinasdelsur.com.ar\/newWeb\/wp-content\/uploads\/2017\/12\/cropped-LOGO-PISCINAS-DEL-SUR1.png","width":350,"height":152,"caption":"Piscinas del Sur"},"image":{"@id":"https:\/\/piscinasdelsur.com.ar\/newWeb\/#\/schema\/logo\/image\/"}}]}},"_links":{"self":[{"href":"https:\/\/piscinasdelsur.com.ar\/newWeb\/index.php?rest_route=\/wp\/v2\/product\/743","targetHints":{"allow":["GET"]}}],"collection":[{"href":"https:\/\/piscinasdelsur.com.ar\/newWeb\/index.php?rest_route=\/wp\/v2\/product"}],"about":[{"href":"https:\/\/piscinasdelsur.com.ar\/newWeb\/index.php?rest_route=\/wp\/v2\/types\/product"}],"version-history":[{"count":0,"href":"https:\/\/piscinasdelsur.com.ar\/newWeb\/index.php?rest_route=\/wp\/v2\/product\/743\/revisions"}],"wp:featuredmedia":[{"embeddable":true,"href":"https:\/\/piscinasdelsur.com.ar\/newWeb\/index.php?rest_route=\/wp\/v2\/media\/745"}],"wp:attachment":[{"href":"https:\/\/piscinasdelsur.com.ar\/newWeb\/index.php?rest_route=%2Fwp%2Fv2%2Fmedia&parent=743"}],"wp:term":[{"taxonomy":"product_brand","embeddable":true,"href":"https:\/\/piscinasdelsur.com.ar\/newWeb\/index.php?rest_route=%2Fwp%2Fv2%2Fproduct_brand&post=743"},{"taxonomy":"product_cat","embeddable":true,"href":"https:\/\/piscinasdelsur.com.ar\/newWeb\/index.php?rest_route=%2Fwp%2Fv2%2Fproduct_cat&post=743"},{"taxonomy":"product_tag","embeddable":true,"href":"https:\/\/piscinasdelsur.com.ar\/newWeb\/index.php?rest_route=%2Fwp%2Fv2%2Fproduct_tag&post=743"}],"curies":[{"name":"wp","href":"https:\/\/api.w.org\/{rel}","templated":true}]}}