{"id":594,"date":"2018-01-07T02:11:56","date_gmt":"2018-01-07T05:11:56","guid":{"rendered":"http:\/\/piscinasdelsur.com.ar\/newWeb\/?post_type=product&#038;p=594"},"modified":"2020-11-24T17:13:29","modified_gmt":"2020-11-24T20:13:29","slug":"filtro-vc-10","status":"publish","type":"product","link":"https:\/\/piscinasdelsur.com.ar\/newWeb\/?product=filtro-vc-10","title":{"rendered":"Filtro VC-10"},"content":{"rendered":"","protected":false},"excerpt":{"rendered":"<p class=\"p1\"><span class=\"s1\">C\u00f3digo: 139910<\/span><\/p>\n<p class=\"p2\"><span class=\"s1\">DESCRIPCI\u00d3N<\/span><\/p>\n<p class=\"p3\"><span class=\"s1\">Filtro soplado VC-10 Vulcano de \u00d8 290mm, para piletas de hasta 20m\u00b3, con multiv\u00e1lvula selectora de 6 v\u00edas con las funciones de filtrado, retrolavado, desagote, enjuague, centrifugado y cerrado. Fabricados en una sola pieza y con materiales de alta resistencia a la corrosi\u00f3n, \u00e9stos equipos de filtrado garantizan una larga vida \u00fatil de \u00f3ptimo funcionamiento.<\/span><\/p>\n<p class=\"p1\">\n","protected":false},"featured_media":602,"template":"","meta":{"_monsterinsights_skip_tracking":false,"_monsterinsights_sitenote_active":false,"_monsterinsights_sitenote_note":"","_monsterinsights_sitenote_category":0},"product_brand":[],"product_cat":[27],"product_tag":[98,95,94,97,96],"class_list":{"0":"post-594","1":"product","2":"type-product","3":"status-publish","4":"has-post-thumbnail","6":"product_cat-residenciales","7":"product_tag-98","8":"product_tag-filtro","9":"product_tag-filtro-vc-10","10":"product_tag-vc","11":"product_tag-vc-10","13":"first","14":"outofstock","15":"shipping-taxable","16":"product-type-simple"},"yoast_head":"<!-- This site is optimized with the Yoast SEO plugin v27.3 - https:\/\/yoast.com\/product\/yoast-seo-wordpress\/ -->\n<title>Filtro VC-10 - Piscinas del Sur<\/title>\n<meta name=\"robots\" content=\"index, follow, max-snippet:-1, max-image-preview:large, max-video-preview:-1\" \/>\n<link rel=\"canonical\" href=\"https:\/\/piscinasdelsur.com.ar\/newWeb\/?product=filtro-vc-10\" \/>\n<meta property=\"og:locale\" content=\"es_ES\" \/>\n<meta property=\"og:type\" content=\"article\" \/>\n<meta property=\"og:title\" content=\"Filtro VC-10 - Piscinas del Sur\" \/>\n<meta property=\"og:description\" content=\"C\u00f3digo: 139910 DESCRIPCI\u00d3N Filtro soplado VC-10 Vulcano de \u00d8 290mm, para piletas de hasta 20m\u00b3, con multiv\u00e1lvula selectora de 6 v\u00edas con las funciones de filtrado, retrolavado, desagote, enjuague, centrifugado y cerrado. Fabricados en una sola pieza y con materiales de alta resistencia a la corrosi\u00f3n, \u00e9stos equipos de filtrado garantizan una larga vida \u00fatil de \u00f3ptimo funcionamiento.\" \/>\n<meta property=\"og:url\" content=\"https:\/\/piscinasdelsur.com.ar\/newWeb\/?product=filtro-vc-10\" \/>\n<meta property=\"og:site_name\" content=\"Piscinas del Sur\" \/>\n<meta property=\"article:modified_time\" content=\"2020-11-24T20:13:29+00:00\" \/>\n<meta property=\"og:image\" content=\"https:\/\/piscinasdelsur.com.ar\/newWeb\/wp-content\/uploads\/2018\/01\/139910_5.jpg\" \/>\n\t<meta property=\"og:image:width\" content=\"767\" \/>\n\t<meta property=\"og:image:height\" content=\"767\" \/>\n\t<meta property=\"og:image:type\" content=\"image\/jpeg\" \/>\n<meta name=\"twitter:card\" content=\"summary_large_image\" \/>\n<script type=\"application\/ld+json\" class=\"yoast-schema-graph\">{\"@context\":\"https:\\\/\\\/schema.org\",\"@graph\":[{\"@type\":\"WebPage\",\"@id\":\"https:\\\/\\\/piscinasdelsur.com.ar\\\/newWeb\\\/?product=filtro-vc-10\",\"url\":\"https:\\\/\\\/piscinasdelsur.com.ar\\\/newWeb\\\/?product=filtro-vc-10\",\"name\":\"Filtro VC-10 - Piscinas del Sur\",\"isPartOf\":{\"@id\":\"https:\\\/\\\/piscinasdelsur.com.ar\\\/newWeb\\\/#website\"},\"primaryImageOfPage\":{\"@id\":\"https:\\\/\\\/piscinasdelsur.com.ar\\\/newWeb\\\/?product=filtro-vc-10#primaryimage\"},\"image\":{\"@id\":\"https:\\\/\\\/piscinasdelsur.com.ar\\\/newWeb\\\/?product=filtro-vc-10#primaryimage\"},\"thumbnailUrl\":\"https:\\\/\\\/piscinasdelsur.com.ar\\\/newWeb\\\/wp-content\\\/uploads\\\/2018\\\/01\\\/139910_5.jpg\",\"datePublished\":\"2018-01-07T05:11:56+00:00\",\"dateModified\":\"2020-11-24T20:13:29+00:00\",\"breadcrumb\":{\"@id\":\"https:\\\/\\\/piscinasdelsur.com.ar\\\/newWeb\\\/?product=filtro-vc-10#breadcrumb\"},\"inLanguage\":\"es-AR\",\"potentialAction\":[{\"@type\":\"ReadAction\",\"target\":[\"https:\\\/\\\/piscinasdelsur.com.ar\\\/newWeb\\\/?product=filtro-vc-10\"]}]},{\"@type\":\"ImageObject\",\"inLanguage\":\"es-AR\",\"@id\":\"https:\\\/\\\/piscinasdelsur.com.ar\\\/newWeb\\\/?product=filtro-vc-10#primaryimage\",\"url\":\"https:\\\/\\\/piscinasdelsur.com.ar\\\/newWeb\\\/wp-content\\\/uploads\\\/2018\\\/01\\\/139910_5.jpg\",\"contentUrl\":\"https:\\\/\\\/piscinasdelsur.com.ar\\\/newWeb\\\/wp-content\\\/uploads\\\/2018\\\/01\\\/139910_5.jpg\",\"width\":767,\"height\":767},{\"@type\":\"BreadcrumbList\",\"@id\":\"https:\\\/\\\/piscinasdelsur.com.ar\\\/newWeb\\\/?product=filtro-vc-10#breadcrumb\",\"itemListElement\":[{\"@type\":\"ListItem\",\"position\":1,\"name\":\"Inicio\",\"item\":\"https:\\\/\\\/piscinasdelsur.com.ar\\\/newWeb\\\/\"},{\"@type\":\"ListItem\",\"position\":2,\"name\":\"Shop\",\"item\":\"https:\\\/\\\/piscinasdelsur.com.ar\\\/newWeb\\\/?page_id=318\"},{\"@type\":\"ListItem\",\"position\":3,\"name\":\"Filtro VC-10\"}]},{\"@type\":\"WebSite\",\"@id\":\"https:\\\/\\\/piscinasdelsur.com.ar\\\/newWeb\\\/#website\",\"url\":\"https:\\\/\\\/piscinasdelsur.com.ar\\\/newWeb\\\/\",\"name\":\"Piscinas del Sur\",\"description\":\"\",\"publisher\":{\"@id\":\"https:\\\/\\\/piscinasdelsur.com.ar\\\/newWeb\\\/#organization\"},\"potentialAction\":[{\"@type\":\"SearchAction\",\"target\":{\"@type\":\"EntryPoint\",\"urlTemplate\":\"https:\\\/\\\/piscinasdelsur.com.ar\\\/newWeb\\\/?s={search_term_string}\"},\"query-input\":{\"@type\":\"PropertyValueSpecification\",\"valueRequired\":true,\"valueName\":\"search_term_string\"}}],\"inLanguage\":\"es-AR\"},{\"@type\":\"Organization\",\"@id\":\"https:\\\/\\\/piscinasdelsur.com.ar\\\/newWeb\\\/#organization\",\"name\":\"Piscinas del Sur\",\"url\":\"https:\\\/\\\/piscinasdelsur.com.ar\\\/newWeb\\\/\",\"logo\":{\"@type\":\"ImageObject\",\"inLanguage\":\"es-AR\",\"@id\":\"https:\\\/\\\/piscinasdelsur.com.ar\\\/newWeb\\\/#\\\/schema\\\/logo\\\/image\\\/\",\"url\":\"https:\\\/\\\/piscinasdelsur.com.ar\\\/newWeb\\\/wp-content\\\/uploads\\\/2017\\\/12\\\/cropped-LOGO-PISCINAS-DEL-SUR1.png\",\"contentUrl\":\"https:\\\/\\\/piscinasdelsur.com.ar\\\/newWeb\\\/wp-content\\\/uploads\\\/2017\\\/12\\\/cropped-LOGO-PISCINAS-DEL-SUR1.png\",\"width\":350,\"height\":152,\"caption\":\"Piscinas del Sur\"},\"image\":{\"@id\":\"https:\\\/\\\/piscinasdelsur.com.ar\\\/newWeb\\\/#\\\/schema\\\/logo\\\/image\\\/\"}}]}<\/script>\n<!-- \/ Yoast SEO plugin. -->","yoast_head_json":{"title":"Filtro VC-10 - Piscinas del Sur","robots":{"index":"index","follow":"follow","max-snippet":"max-snippet:-1","max-image-preview":"max-image-preview:large","max-video-preview":"max-video-preview:-1"},"canonical":"https:\/\/piscinasdelsur.com.ar\/newWeb\/?product=filtro-vc-10","og_locale":"es_ES","og_type":"article","og_title":"Filtro VC-10 - Piscinas del Sur","og_description":"C\u00f3digo: 139910 DESCRIPCI\u00d3N Filtro soplado VC-10 Vulcano de \u00d8 290mm, para piletas de hasta 20m\u00b3, con multiv\u00e1lvula selectora de 6 v\u00edas con las funciones de filtrado, retrolavado, desagote, enjuague, centrifugado y cerrado. Fabricados en una sola pieza y con materiales de alta resistencia a la corrosi\u00f3n, \u00e9stos equipos de filtrado garantizan una larga vida \u00fatil de \u00f3ptimo funcionamiento.","og_url":"https:\/\/piscinasdelsur.com.ar\/newWeb\/?product=filtro-vc-10","og_site_name":"Piscinas del Sur","article_modified_time":"2020-11-24T20:13:29+00:00","og_image":[{"width":767,"height":767,"url":"https:\/\/piscinasdelsur.com.ar\/newWeb\/wp-content\/uploads\/2018\/01\/139910_5.jpg","type":"image\/jpeg"}],"twitter_card":"summary_large_image","schema":{"@context":"https:\/\/schema.org","@graph":[{"@type":"WebPage","@id":"https:\/\/piscinasdelsur.com.ar\/newWeb\/?product=filtro-vc-10","url":"https:\/\/piscinasdelsur.com.ar\/newWeb\/?product=filtro-vc-10","name":"Filtro VC-10 - Piscinas del Sur","isPartOf":{"@id":"https:\/\/piscinasdelsur.com.ar\/newWeb\/#website"},"primaryImageOfPage":{"@id":"https:\/\/piscinasdelsur.com.ar\/newWeb\/?product=filtro-vc-10#primaryimage"},"image":{"@id":"https:\/\/piscinasdelsur.com.ar\/newWeb\/?product=filtro-vc-10#primaryimage"},"thumbnailUrl":"https:\/\/piscinasdelsur.com.ar\/newWeb\/wp-content\/uploads\/2018\/01\/139910_5.jpg","datePublished":"2018-01-07T05:11:56+00:00","dateModified":"2020-11-24T20:13:29+00:00","breadcrumb":{"@id":"https:\/\/piscinasdelsur.com.ar\/newWeb\/?product=filtro-vc-10#breadcrumb"},"inLanguage":"es-AR","potentialAction":[{"@type":"ReadAction","target":["https:\/\/piscinasdelsur.com.ar\/newWeb\/?product=filtro-vc-10"]}]},{"@type":"ImageObject","inLanguage":"es-AR","@id":"https:\/\/piscinasdelsur.com.ar\/newWeb\/?product=filtro-vc-10#primaryimage","url":"https:\/\/piscinasdelsur.com.ar\/newWeb\/wp-content\/uploads\/2018\/01\/139910_5.jpg","contentUrl":"https:\/\/piscinasdelsur.com.ar\/newWeb\/wp-content\/uploads\/2018\/01\/139910_5.jpg","width":767,"height":767},{"@type":"BreadcrumbList","@id":"https:\/\/piscinasdelsur.com.ar\/newWeb\/?product=filtro-vc-10#breadcrumb","itemListElement":[{"@type":"ListItem","position":1,"name":"Inicio","item":"https:\/\/piscinasdelsur.com.ar\/newWeb\/"},{"@type":"ListItem","position":2,"name":"Shop","item":"https:\/\/piscinasdelsur.com.ar\/newWeb\/?page_id=318"},{"@type":"ListItem","position":3,"name":"Filtro VC-10"}]},{"@type":"WebSite","@id":"https:\/\/piscinasdelsur.com.ar\/newWeb\/#website","url":"https:\/\/piscinasdelsur.com.ar\/newWeb\/","name":"Piscinas del Sur","description":"","publisher":{"@id":"https:\/\/piscinasdelsur.com.ar\/newWeb\/#organization"},"potentialAction":[{"@type":"SearchAction","target":{"@type":"EntryPoint","urlTemplate":"https:\/\/piscinasdelsur.com.ar\/newWeb\/?s={search_term_string}"},"query-input":{"@type":"PropertyValueSpecification","valueRequired":true,"valueName":"search_term_string"}}],"inLanguage":"es-AR"},{"@type":"Organization","@id":"https:\/\/piscinasdelsur.com.ar\/newWeb\/#organization","name":"Piscinas del Sur","url":"https:\/\/piscinasdelsur.com.ar\/newWeb\/","logo":{"@type":"ImageObject","inLanguage":"es-AR","@id":"https:\/\/piscinasdelsur.com.ar\/newWeb\/#\/schema\/logo\/image\/","url":"https:\/\/piscinasdelsur.com.ar\/newWeb\/wp-content\/uploads\/2017\/12\/cropped-LOGO-PISCINAS-DEL-SUR1.png","contentUrl":"https:\/\/piscinasdelsur.com.ar\/newWeb\/wp-content\/uploads\/2017\/12\/cropped-LOGO-PISCINAS-DEL-SUR1.png","width":350,"height":152,"caption":"Piscinas del Sur"},"image":{"@id":"https:\/\/piscinasdelsur.com.ar\/newWeb\/#\/schema\/logo\/image\/"}}]}},"_links":{"self":[{"href":"https:\/\/piscinasdelsur.com.ar\/newWeb\/index.php?rest_route=\/wp\/v2\/product\/594","targetHints":{"allow":["GET"]}}],"collection":[{"href":"https:\/\/piscinasdelsur.com.ar\/newWeb\/index.php?rest_route=\/wp\/v2\/product"}],"about":[{"href":"https:\/\/piscinasdelsur.com.ar\/newWeb\/index.php?rest_route=\/wp\/v2\/types\/product"}],"version-history":[{"count":0,"href":"https:\/\/piscinasdelsur.com.ar\/newWeb\/index.php?rest_route=\/wp\/v2\/product\/594\/revisions"}],"wp:featuredmedia":[{"embeddable":true,"href":"https:\/\/piscinasdelsur.com.ar\/newWeb\/index.php?rest_route=\/wp\/v2\/media\/602"}],"wp:attachment":[{"href":"https:\/\/piscinasdelsur.com.ar\/newWeb\/index.php?rest_route=%2Fwp%2Fv2%2Fmedia&parent=594"}],"wp:term":[{"taxonomy":"product_brand","embeddable":true,"href":"https:\/\/piscinasdelsur.com.ar\/newWeb\/index.php?rest_route=%2Fwp%2Fv2%2Fproduct_brand&post=594"},{"taxonomy":"product_cat","embeddable":true,"href":"https:\/\/piscinasdelsur.com.ar\/newWeb\/index.php?rest_route=%2Fwp%2Fv2%2Fproduct_cat&post=594"},{"taxonomy":"product_tag","embeddable":true,"href":"https:\/\/piscinasdelsur.com.ar\/newWeb\/index.php?rest_route=%2Fwp%2Fv2%2Fproduct_tag&post=594"}],"curies":[{"name":"wp","href":"https:\/\/api.w.org\/{rel}","templated":true}]}}