{"id":322,"date":"2017-12-23T12:17:35","date_gmt":"2017-12-23T15:17:35","guid":{"rendered":"http:\/\/piscinasdelsur.com.ar\/newWeb\/?post_type=product&#038;p=322"},"modified":"2021-08-09T16:31:28","modified_gmt":"2021-08-09T19:31:28","slug":"electrobomba-0-33hp-vulcano","status":"publish","type":"product","link":"https:\/\/piscinasdelsur.com.ar\/newWeb\/?product=electrobomba-0-33hp-vulcano","title":{"rendered":"Bomba autocebante BAE 033"},"content":{"rendered":"","protected":false},"excerpt":{"rendered":"<p class=\"p1\"><span class=\"s1\">C\u00f3digo: 106009<\/span><\/p>\n<p class=\"p2\"><span class=\"s1\">DESCRIPCI\u00d3N<\/span><\/p>\n<p class=\"p3\"><span class=\"s1\">Bomba autocebante BAE 033 Vulcano de 0.33 HP de potencia y tensi\u00f3n monof\u00e1sica de 220V-50HZ. Con cuerpo autocebante reforzado y prefiltro incorporado, conexiones con uniones dobles; con bujes de rosca hembra 1 \u00bd\u201d para ca\u00f1os de polipropileno y lisos de \u00d8 50 para pegar ca\u00f1os de PVC. Su impecable desempe\u00f1o, optimiza la circulaci\u00f3n de agua convirti\u00e9ndola en una excelente opci\u00f3n para su pileta.<\/span><\/p>\n<p class=\"p1\">\n","protected":false},"featured_media":402,"template":"","meta":{"_monsterinsights_skip_tracking":false,"_monsterinsights_sitenote_active":false,"_monsterinsights_sitenote_note":"","_monsterinsights_sitenote_category":0},"product_brand":[],"product_cat":[21],"product_tag":[392,390,386,388,235],"class_list":{"0":"post-322","1":"product","2":"type-product","3":"status-publish","4":"has-post-thumbnail","6":"product_cat-autocebantes","7":"product_tag-0-33hp","8":"product_tag-1-3hp","9":"product_tag-bomba","10":"product_tag-electrobomba","11":"product_tag-vulcano","13":"first","14":"instock","15":"sold-individually","16":"shipping-taxable","17":"product-type-simple"},"yoast_head":"<!-- This site is optimized with the Yoast SEO plugin v27.4 - https:\/\/yoast.com\/product\/yoast-seo-wordpress\/ -->\n<title>Bomba autocebante BAE 033 - Piscinas del Sur<\/title>\n<meta name=\"description\" content=\"Bomba autocebante BAE 033 Vulcano de 0.33 HP de potencia y tensi\u00f3n monof\u00e1sica de 220V-50HZ. Con cuerpo autocebante reforzado y prefiltro incorporado, conexiones con uniones dobles; con bujes de rosca hembra 1 \u00bd\u201d para ca\u00f1os de polipropileno y lisos de \u00d8 50 para pegar ca\u00f1os de PVC. Su impecable desempe\u00f1o, optimiza la circulaci\u00f3n de agua convirti\u00e9ndola en una excelente opci\u00f3n para su pileta.\" \/>\n<meta name=\"robots\" content=\"index, follow, max-snippet:-1, max-image-preview:large, max-video-preview:-1\" \/>\n<link rel=\"canonical\" href=\"https:\/\/piscinasdelsur.com.ar\/newWeb\/?product=electrobomba-0-33hp-vulcano\" \/>\n<meta property=\"og:locale\" content=\"es_ES\" \/>\n<meta property=\"og:type\" content=\"article\" \/>\n<meta property=\"og:title\" content=\"Bomba autocebante BAE 033 - Piscinas del Sur\" \/>\n<meta property=\"og:description\" content=\"Bomba autocebante BAE 033 Vulcano de 0.33 HP de potencia y tensi\u00f3n monof\u00e1sica de 220V-50HZ. Con cuerpo autocebante reforzado y prefiltro incorporado, conexiones con uniones dobles; con bujes de rosca hembra 1 \u00bd\u201d para ca\u00f1os de polipropileno y lisos de \u00d8 50 para pegar ca\u00f1os de PVC. Su impecable desempe\u00f1o, optimiza la circulaci\u00f3n de agua convirti\u00e9ndola en una excelente opci\u00f3n para su pileta.\" \/>\n<meta property=\"og:url\" content=\"https:\/\/piscinasdelsur.com.ar\/newWeb\/?product=electrobomba-0-33hp-vulcano\" \/>\n<meta property=\"og:site_name\" content=\"Piscinas del Sur\" \/>\n<meta property=\"article:modified_time\" content=\"2021-08-09T19:31:28+00:00\" \/>\n<meta property=\"og:image\" content=\"https:\/\/piscinasdelsur.com.ar\/newWeb\/wp-content\/uploads\/2017\/12\/106009_1_10.jpg\" \/>\n\t<meta property=\"og:image:width\" content=\"767\" \/>\n\t<meta property=\"og:image:height\" content=\"767\" \/>\n\t<meta property=\"og:image:type\" content=\"image\/jpeg\" \/>\n<meta name=\"twitter:card\" content=\"summary_large_image\" \/>\n<script type=\"application\/ld+json\" class=\"yoast-schema-graph\">{\"@context\":\"https:\\\/\\\/schema.org\",\"@graph\":[{\"@type\":\"WebPage\",\"@id\":\"https:\\\/\\\/piscinasdelsur.com.ar\\\/newWeb\\\/?product=electrobomba-0-33hp-vulcano\",\"url\":\"https:\\\/\\\/piscinasdelsur.com.ar\\\/newWeb\\\/?product=electrobomba-0-33hp-vulcano\",\"name\":\"Bomba autocebante BAE 033 - Piscinas del Sur\",\"isPartOf\":{\"@id\":\"https:\\\/\\\/piscinasdelsur.com.ar\\\/newWeb\\\/#website\"},\"primaryImageOfPage\":{\"@id\":\"https:\\\/\\\/piscinasdelsur.com.ar\\\/newWeb\\\/?product=electrobomba-0-33hp-vulcano#primaryimage\"},\"image\":{\"@id\":\"https:\\\/\\\/piscinasdelsur.com.ar\\\/newWeb\\\/?product=electrobomba-0-33hp-vulcano#primaryimage\"},\"thumbnailUrl\":\"https:\\\/\\\/piscinasdelsur.com.ar\\\/newWeb\\\/wp-content\\\/uploads\\\/2017\\\/12\\\/106009_1_10.jpg\",\"datePublished\":\"2017-12-23T15:17:35+00:00\",\"dateModified\":\"2021-08-09T19:31:28+00:00\",\"description\":\"Bomba autocebante BAE 033 Vulcano de 0.33 HP de potencia y tensi\u00f3n monof\u00e1sica de 220V-50HZ. Con cuerpo autocebante reforzado y prefiltro incorporado, conexiones con uniones dobles; con bujes de rosca hembra 1 \u00bd\u201d para ca\u00f1os de polipropileno y lisos de \u00d8 50 para pegar ca\u00f1os de PVC. Su impecable desempe\u00f1o, optimiza la circulaci\u00f3n de agua convirti\u00e9ndola en una excelente opci\u00f3n para su pileta.\",\"breadcrumb\":{\"@id\":\"https:\\\/\\\/piscinasdelsur.com.ar\\\/newWeb\\\/?product=electrobomba-0-33hp-vulcano#breadcrumb\"},\"inLanguage\":\"es-AR\",\"potentialAction\":[{\"@type\":\"ReadAction\",\"target\":[\"https:\\\/\\\/piscinasdelsur.com.ar\\\/newWeb\\\/?product=electrobomba-0-33hp-vulcano\"]}]},{\"@type\":\"ImageObject\",\"inLanguage\":\"es-AR\",\"@id\":\"https:\\\/\\\/piscinasdelsur.com.ar\\\/newWeb\\\/?product=electrobomba-0-33hp-vulcano#primaryimage\",\"url\":\"https:\\\/\\\/piscinasdelsur.com.ar\\\/newWeb\\\/wp-content\\\/uploads\\\/2017\\\/12\\\/106009_1_10.jpg\",\"contentUrl\":\"https:\\\/\\\/piscinasdelsur.com.ar\\\/newWeb\\\/wp-content\\\/uploads\\\/2017\\\/12\\\/106009_1_10.jpg\",\"width\":767,\"height\":767},{\"@type\":\"BreadcrumbList\",\"@id\":\"https:\\\/\\\/piscinasdelsur.com.ar\\\/newWeb\\\/?product=electrobomba-0-33hp-vulcano#breadcrumb\",\"itemListElement\":[{\"@type\":\"ListItem\",\"position\":1,\"name\":\"Inicio\",\"item\":\"https:\\\/\\\/piscinasdelsur.com.ar\\\/newWeb\\\/\"},{\"@type\":\"ListItem\",\"position\":2,\"name\":\"Shop\",\"item\":\"https:\\\/\\\/piscinasdelsur.com.ar\\\/newWeb\\\/?page_id=318\"},{\"@type\":\"ListItem\",\"position\":3,\"name\":\"Bomba autocebante BAE 033\"}]},{\"@type\":\"WebSite\",\"@id\":\"https:\\\/\\\/piscinasdelsur.com.ar\\\/newWeb\\\/#website\",\"url\":\"https:\\\/\\\/piscinasdelsur.com.ar\\\/newWeb\\\/\",\"name\":\"Piscinas del Sur\",\"description\":\"\",\"publisher\":{\"@id\":\"https:\\\/\\\/piscinasdelsur.com.ar\\\/newWeb\\\/#organization\"},\"potentialAction\":[{\"@type\":\"SearchAction\",\"target\":{\"@type\":\"EntryPoint\",\"urlTemplate\":\"https:\\\/\\\/piscinasdelsur.com.ar\\\/newWeb\\\/?s={search_term_string}\"},\"query-input\":{\"@type\":\"PropertyValueSpecification\",\"valueRequired\":true,\"valueName\":\"search_term_string\"}}],\"inLanguage\":\"es-AR\"},{\"@type\":\"Organization\",\"@id\":\"https:\\\/\\\/piscinasdelsur.com.ar\\\/newWeb\\\/#organization\",\"name\":\"Piscinas del Sur\",\"url\":\"https:\\\/\\\/piscinasdelsur.com.ar\\\/newWeb\\\/\",\"logo\":{\"@type\":\"ImageObject\",\"inLanguage\":\"es-AR\",\"@id\":\"https:\\\/\\\/piscinasdelsur.com.ar\\\/newWeb\\\/#\\\/schema\\\/logo\\\/image\\\/\",\"url\":\"https:\\\/\\\/piscinasdelsur.com.ar\\\/newWeb\\\/wp-content\\\/uploads\\\/2017\\\/12\\\/cropped-LOGO-PISCINAS-DEL-SUR1.png\",\"contentUrl\":\"https:\\\/\\\/piscinasdelsur.com.ar\\\/newWeb\\\/wp-content\\\/uploads\\\/2017\\\/12\\\/cropped-LOGO-PISCINAS-DEL-SUR1.png\",\"width\":350,\"height\":152,\"caption\":\"Piscinas del Sur\"},\"image\":{\"@id\":\"https:\\\/\\\/piscinasdelsur.com.ar\\\/newWeb\\\/#\\\/schema\\\/logo\\\/image\\\/\"}}]}<\/script>\n<!-- \/ Yoast SEO plugin. -->","yoast_head_json":{"title":"Bomba autocebante BAE 033 - Piscinas del Sur","description":"Bomba autocebante BAE 033 Vulcano de 0.33 HP de potencia y tensi\u00f3n monof\u00e1sica de 220V-50HZ. Con cuerpo autocebante reforzado y prefiltro incorporado, conexiones con uniones dobles; con bujes de rosca hembra 1 \u00bd\u201d para ca\u00f1os de polipropileno y lisos de \u00d8 50 para pegar ca\u00f1os de PVC. Su impecable desempe\u00f1o, optimiza la circulaci\u00f3n de agua convirti\u00e9ndola en una excelente opci\u00f3n para su pileta.","robots":{"index":"index","follow":"follow","max-snippet":"max-snippet:-1","max-image-preview":"max-image-preview:large","max-video-preview":"max-video-preview:-1"},"canonical":"https:\/\/piscinasdelsur.com.ar\/newWeb\/?product=electrobomba-0-33hp-vulcano","og_locale":"es_ES","og_type":"article","og_title":"Bomba autocebante BAE 033 - Piscinas del Sur","og_description":"Bomba autocebante BAE 033 Vulcano de 0.33 HP de potencia y tensi\u00f3n monof\u00e1sica de 220V-50HZ. Con cuerpo autocebante reforzado y prefiltro incorporado, conexiones con uniones dobles; con bujes de rosca hembra 1 \u00bd\u201d para ca\u00f1os de polipropileno y lisos de \u00d8 50 para pegar ca\u00f1os de PVC. Su impecable desempe\u00f1o, optimiza la circulaci\u00f3n de agua convirti\u00e9ndola en una excelente opci\u00f3n para su pileta.","og_url":"https:\/\/piscinasdelsur.com.ar\/newWeb\/?product=electrobomba-0-33hp-vulcano","og_site_name":"Piscinas del Sur","article_modified_time":"2021-08-09T19:31:28+00:00","og_image":[{"width":767,"height":767,"url":"https:\/\/piscinasdelsur.com.ar\/newWeb\/wp-content\/uploads\/2017\/12\/106009_1_10.jpg","type":"image\/jpeg"}],"twitter_card":"summary_large_image","schema":{"@context":"https:\/\/schema.org","@graph":[{"@type":"WebPage","@id":"https:\/\/piscinasdelsur.com.ar\/newWeb\/?product=electrobomba-0-33hp-vulcano","url":"https:\/\/piscinasdelsur.com.ar\/newWeb\/?product=electrobomba-0-33hp-vulcano","name":"Bomba autocebante BAE 033 - Piscinas del Sur","isPartOf":{"@id":"https:\/\/piscinasdelsur.com.ar\/newWeb\/#website"},"primaryImageOfPage":{"@id":"https:\/\/piscinasdelsur.com.ar\/newWeb\/?product=electrobomba-0-33hp-vulcano#primaryimage"},"image":{"@id":"https:\/\/piscinasdelsur.com.ar\/newWeb\/?product=electrobomba-0-33hp-vulcano#primaryimage"},"thumbnailUrl":"https:\/\/piscinasdelsur.com.ar\/newWeb\/wp-content\/uploads\/2017\/12\/106009_1_10.jpg","datePublished":"2017-12-23T15:17:35+00:00","dateModified":"2021-08-09T19:31:28+00:00","description":"Bomba autocebante BAE 033 Vulcano de 0.33 HP de potencia y tensi\u00f3n monof\u00e1sica de 220V-50HZ. Con cuerpo autocebante reforzado y prefiltro incorporado, conexiones con uniones dobles; con bujes de rosca hembra 1 \u00bd\u201d para ca\u00f1os de polipropileno y lisos de \u00d8 50 para pegar ca\u00f1os de PVC. Su impecable desempe\u00f1o, optimiza la circulaci\u00f3n de agua convirti\u00e9ndola en una excelente opci\u00f3n para su pileta.","breadcrumb":{"@id":"https:\/\/piscinasdelsur.com.ar\/newWeb\/?product=electrobomba-0-33hp-vulcano#breadcrumb"},"inLanguage":"es-AR","potentialAction":[{"@type":"ReadAction","target":["https:\/\/piscinasdelsur.com.ar\/newWeb\/?product=electrobomba-0-33hp-vulcano"]}]},{"@type":"ImageObject","inLanguage":"es-AR","@id":"https:\/\/piscinasdelsur.com.ar\/newWeb\/?product=electrobomba-0-33hp-vulcano#primaryimage","url":"https:\/\/piscinasdelsur.com.ar\/newWeb\/wp-content\/uploads\/2017\/12\/106009_1_10.jpg","contentUrl":"https:\/\/piscinasdelsur.com.ar\/newWeb\/wp-content\/uploads\/2017\/12\/106009_1_10.jpg","width":767,"height":767},{"@type":"BreadcrumbList","@id":"https:\/\/piscinasdelsur.com.ar\/newWeb\/?product=electrobomba-0-33hp-vulcano#breadcrumb","itemListElement":[{"@type":"ListItem","position":1,"name":"Inicio","item":"https:\/\/piscinasdelsur.com.ar\/newWeb\/"},{"@type":"ListItem","position":2,"name":"Shop","item":"https:\/\/piscinasdelsur.com.ar\/newWeb\/?page_id=318"},{"@type":"ListItem","position":3,"name":"Bomba autocebante BAE 033"}]},{"@type":"WebSite","@id":"https:\/\/piscinasdelsur.com.ar\/newWeb\/#website","url":"https:\/\/piscinasdelsur.com.ar\/newWeb\/","name":"Piscinas del Sur","description":"","publisher":{"@id":"https:\/\/piscinasdelsur.com.ar\/newWeb\/#organization"},"potentialAction":[{"@type":"SearchAction","target":{"@type":"EntryPoint","urlTemplate":"https:\/\/piscinasdelsur.com.ar\/newWeb\/?s={search_term_string}"},"query-input":{"@type":"PropertyValueSpecification","valueRequired":true,"valueName":"search_term_string"}}],"inLanguage":"es-AR"},{"@type":"Organization","@id":"https:\/\/piscinasdelsur.com.ar\/newWeb\/#organization","name":"Piscinas del Sur","url":"https:\/\/piscinasdelsur.com.ar\/newWeb\/","logo":{"@type":"ImageObject","inLanguage":"es-AR","@id":"https:\/\/piscinasdelsur.com.ar\/newWeb\/#\/schema\/logo\/image\/","url":"https:\/\/piscinasdelsur.com.ar\/newWeb\/wp-content\/uploads\/2017\/12\/cropped-LOGO-PISCINAS-DEL-SUR1.png","contentUrl":"https:\/\/piscinasdelsur.com.ar\/newWeb\/wp-content\/uploads\/2017\/12\/cropped-LOGO-PISCINAS-DEL-SUR1.png","width":350,"height":152,"caption":"Piscinas del Sur"},"image":{"@id":"https:\/\/piscinasdelsur.com.ar\/newWeb\/#\/schema\/logo\/image\/"}}]}},"_links":{"self":[{"href":"https:\/\/piscinasdelsur.com.ar\/newWeb\/index.php?rest_route=\/wp\/v2\/product\/322","targetHints":{"allow":["GET"]}}],"collection":[{"href":"https:\/\/piscinasdelsur.com.ar\/newWeb\/index.php?rest_route=\/wp\/v2\/product"}],"about":[{"href":"https:\/\/piscinasdelsur.com.ar\/newWeb\/index.php?rest_route=\/wp\/v2\/types\/product"}],"version-history":[{"count":0,"href":"https:\/\/piscinasdelsur.com.ar\/newWeb\/index.php?rest_route=\/wp\/v2\/product\/322\/revisions"}],"wp:featuredmedia":[{"embeddable":true,"href":"https:\/\/piscinasdelsur.com.ar\/newWeb\/index.php?rest_route=\/wp\/v2\/media\/402"}],"wp:attachment":[{"href":"https:\/\/piscinasdelsur.com.ar\/newWeb\/index.php?rest_route=%2Fwp%2Fv2%2Fmedia&parent=322"}],"wp:term":[{"taxonomy":"product_brand","embeddable":true,"href":"https:\/\/piscinasdelsur.com.ar\/newWeb\/index.php?rest_route=%2Fwp%2Fv2%2Fproduct_brand&post=322"},{"taxonomy":"product_cat","embeddable":true,"href":"https:\/\/piscinasdelsur.com.ar\/newWeb\/index.php?rest_route=%2Fwp%2Fv2%2Fproduct_cat&post=322"},{"taxonomy":"product_tag","embeddable":true,"href":"https:\/\/piscinasdelsur.com.ar\/newWeb\/index.php?rest_route=%2Fwp%2Fv2%2Fproduct_tag&post=322"}],"curies":[{"name":"wp","href":"https:\/\/api.w.org\/{rel}","templated":true}]}}