{"id":3144,"date":"2025-03-08T10:15:37","date_gmt":"2025-03-08T13:15:37","guid":{"rendered":"https:\/\/piscinasdelsur.com.ar\/newWeb\/?post_type=product&#038;p=3144"},"modified":"2025-03-08T13:30:26","modified_gmt":"2025-03-08T16:30:26","slug":"bomba-autocebante-bas-050","status":"publish","type":"product","link":"https:\/\/piscinasdelsur.com.ar\/newWeb\/?product=bomba-autocebante-bas-050","title":{"rendered":"Bomba autocebante BAS 050"},"content":{"rendered":"<h2><strong><span style=\"vertical-align: inherit\"><span style=\"vertical-align: inherit\">Bomba autocebante BAS 050 <\/span><\/span><\/strong><strong><span style=\"vertical-align: inherit\">Vulcano <\/span><\/strong><\/h2>\n<div class=\"elementor-element elementor-element-49c8425 e-con-full e-flex e-con e-child\" data-id=\"49c8425\" data-element_type=\"container\">\n<div class=\"elementor-element elementor-element-25e633b oculto-descripcion elementor-widget elementor-widget-woocommerce-product-short-description\" data-id=\"25e633b\" data-element_type=\"widget\" data-widget_type=\"woocommerce-product-short-description.default\">\n<div class=\"elementor-widget-container\">\n<div class=\"woocommerce-product-details__short-description\">\n<div>\n<div class=\"elementor-element elementor-element-25e633b oculto-descripcion elementor-widget elementor-widget-woocommerce-product-short-description\" data-id=\"25e633b\" data-element_type=\"widget\" data-widget_type=\"woocommerce-product-short-description.default\">\n<div class=\"elementor-widget-container\">\n<div class=\"woocommerce-product-details__short-description\">\n<p>La bomba autocebante BAS 050 Vulcano se caracteriza por su dise\u00f1o ultra compacto, que ofrece un excelente rendimiento para piscinas peque\u00f1as.<\/p>\n<\/div>\n<\/div>\n<\/div>\n<div class=\"elementor-element elementor-element-8875f92 elementor-widget elementor-widget-shortcode\" data-id=\"8875f92\" data-element_type=\"widget\" data-widget_type=\"shortcode.default\">\n<div class=\"elementor-widget-container\">\n<div class=\"elementor-shortcode\">\n<div class=\"product-description\">\n<div class=\"description\">\n<p>Cuenta con cuerpo pre-filtro incorporado, sistema de tapa tipo mariposa de r\u00e1pida apertura con un \u00bc de giro. Adem\u00e1s posee uniones dobles incorporadas para un montaje y desmontaje simple. Provista con bujes para roscar de 1 \u00bd\u201d y de \u00f850 mm para pegar ca\u00f1os de PVC, para adaptarse a la ca\u00f1er\u00eda de la instalaci\u00f3n.<\/p>\n<\/div>\n<\/div>\n<\/div>\n<\/div>\n<\/div>\n<\/div>\n<div class=\"contenedor-tabla\"><b>Alimentaci\u00f3n:<\/b>\u00a0monof\u00e1sica 220V ~ 50Hz<\/div>\n<div class=\"contenedor-tabla\"><b>Potencia:<\/b>\u00a00.50HP<\/div>\n<div class=\"contenedor-tabla\"><b>Caudal m\u00e1ximo:<\/b>\u00a012.6 m\u00b3\/h<\/div>\n<div class=\"contenedor-tabla\"><b>Altura m\u00e1xima:<\/b>\u00a011 m<\/div>\n<div class=\"contenedor-tabla\"><b>Conexi\u00f3n:<\/b>\u00a0UD con bujes RH 1 1\/2\u2033 y \u00f850<\/div>\n<\/div>\n<\/div>\n<\/div>\n<div class=\"elementor-element elementor-element-8875f92 elementor-widget elementor-widget-shortcode\" data-id=\"8875f92\" data-element_type=\"widget\" data-widget_type=\"shortcode.default\">\n<div class=\"elementor-widget-container\">\n<div class=\"elementor-shortcode\">\n<div class=\"product-description\">\n<div class=\"description\">\n<p>&nbsp;<\/p>\n<h4><b>Caracter\u00edsticas t\u00e9cnicas<\/b><\/h4>\n<ul>\n<li>Motor el\u00e9ctrico Vulcano con certificaci\u00f3n de Servicio 1 (S1): alta eficiencia y fiabilidad de trabajo continuo.<\/li>\n<li>Certificaci\u00f3n el\u00e9ctrica seg\u00fan Resoluci\u00f3n S.C. N\u00ba 169\/18.<\/li>\n<li>Protector t\u00e9rmico incorporado.<\/li>\n<li>Grado de protecci\u00f3n IPX4 apto para usar a la intemperie.<\/li>\n<li>Cuerpo autocebante, inyectado en polipropileno reforzado.<\/li>\n<li>Impulsor de Noryl.<\/li>\n<li>Sello mec\u00e1nico con pista cer\u00e1mica.<\/li>\n<li>Garant\u00eda de 1 a\u00f1o.<\/li>\n<\/ul>\n<p>&nbsp;<\/p>\n<h4><b>Recomendaciones<\/b><\/h4>\n<ul>\n<li>Instalar en lugar ventilado y de f\u00e1cil acceso, con el espacio suficiente para poder limpiar el equipo cuando se requiera.<\/li>\n<li>Utilizar junto a filtro VC-30 para piscinas residenciales.<\/li>\n<li>Se sugiere solicitar los servicios de un electricista matriculado y capacitado para realizar instalaciones el\u00e9ctricas, empleando normas vigentes AEA (Asociaci\u00f3n Electrot\u00e9cnica Argentina).<\/li>\n<li>Realice las conexiones de la tuber\u00eda de forma herm\u00e9tica y verifique que no haya ingreso de aire al circuito para asegurar el correcto cebado y normal funcionamiento de la bomba.<\/li>\n<li>Verificar peri\u00f3dicamente la limpieza del desag\u00fce y drenajes, especialmente en casillas bajo nivel de suelo.<\/li>\n<li>En caso de temperaturas bajo 0\u00b0, vaciar la bomba retirando el tap\u00f3n de drenaje y las uniones dobles, y guardelos dentro en el canasto atrapa hojas.<\/li>\n<\/ul>\n<\/div>\n<\/div>\n<\/div>\n<\/div>\n<\/div>\n<div class=\"elementor-element elementor-element-5609ada elementor-widget elementor-widget-html\" data-id=\"5609ada\" data-element_type=\"widget\" data-widget_type=\"html.default\">\n<div class=\"elementor-widget-container\"><\/div>\n<\/div>\n<\/div>\n<div class=\"elementor-element elementor-element-736586c e-con-full e-flex e-con e-child\" data-id=\"736586c\" data-element_type=\"container\">\n<div class=\"elementor-element elementor-element-9baf6aa contenedor-folleto e-flex e-con-boxed e-con e-child\" data-id=\"9baf6aa\" data-element_type=\"container\">\n<div class=\"e-con-inner\">\n<div class=\"elementor-element elementor-element-45d2d28 elementor-widget elementor-widget-text-editor\" data-id=\"45d2d28\" data-element_type=\"widget\" data-widget_type=\"text-editor.default\">\n<div class=\"elementor-widget-container\"><img fetchpriority=\"high\" decoding=\"async\" class=\"alignnone wp-image-3149\" src=\"https:\/\/piscinasdelsur.com.ar\/newWeb\/wp-content\/uploads\/2025\/03\/bas-300x275.jpg\" alt=\"\" width=\"616\" height=\"565\" srcset=\"https:\/\/piscinasdelsur.com.ar\/newWeb\/wp-content\/uploads\/2025\/03\/bas-300x275.jpg 300w, https:\/\/piscinasdelsur.com.ar\/newWeb\/wp-content\/uploads\/2025\/03\/bas-600x549.jpg 600w, https:\/\/piscinasdelsur.com.ar\/newWeb\/wp-content\/uploads\/2025\/03\/bas.jpg 640w\" sizes=\"(max-width: 616px) 100vw, 616px\" \/><\/div>\n<\/div>\n<\/div>\n<\/div>\n<\/div>\n<p>&nbsp;<\/p>\n<p>&nbsp;<\/p>\n<p>&nbsp;<\/p>\n<p>&nbsp;<\/p>\n<p>&nbsp;<\/p>\n","protected":false},"excerpt":{"rendered":"<p class=\"p1\"><span class=\"s1\"><span style=\"vertical-align: inherit\"><span style=\"vertical-align: inherit\">C\u00f3digo: 106102\u00a0<\/span><\/span><\/span><\/p>\n<p class=\"yoast-text-mark\"><strong><span class=\"s1\">DESCRIPCI\u00d3N\u00a0<\/span><\/strong><\/p>\n<p>Bomba autocebante para piscina BAS 050 Vulcano. Se caracteriza por su dise\u00f1o ultra compacto que ofrece un excelente rendimiento para piscinas peque\u00f1as.<br \/>\nCuenta con cuerpo pre-filtro incorporado, sistema de tapa tipo mariposa de r\u00e1pida apertura con un \u00bc de giro. Adem\u00e1s posee uniones dobles incorporadas para un montaje y desmontaje simple. Provista con bujes para roscar de 1 \u00bd\u201d y de \u00f850 mm para pegar ca\u00f1os de PVC, para adaptarse a la ca\u00f1er\u00eda de la instalaci\u00f3n.<\/p>\n<p>&nbsp;<\/p>\n","protected":false},"featured_media":3150,"template":"","meta":{"_monsterinsights_skip_tracking":false,"_monsterinsights_sitenote_active":false,"_monsterinsights_sitenote_note":"","_monsterinsights_sitenote_category":0},"product_brand":[550],"product_cat":[21],"product_tag":[552,553,386,388,235],"class_list":{"0":"post-3144","1":"product","2":"type-product","3":"status-publish","4":"has-post-thumbnail","6":"product_brand-vulcano","7":"product_cat-autocebantes","8":"product_tag-autocebante","9":"product_tag-bas-050","10":"product_tag-bomba","11":"product_tag-electrobomba","12":"product_tag-vulcano","14":"first","15":"instock","16":"sold-individually","17":"shipping-taxable","18":"product-type-simple"},"yoast_head":"<!-- This site is optimized with the Yoast SEO plugin v27.4 - https:\/\/yoast.com\/product\/yoast-seo-wordpress\/ -->\n<title>Bomba autocebante BAS 050 - Piscinas del Sur<\/title>\n<meta name=\"description\" content=\"Bomba autocebante BAS 050 Vulcano. Se caracteriza por su dise\u00f1o ultra compacto que ofrece un excelente rendimiento para piscinas peque\u00f1as.\" \/>\n<meta name=\"robots\" content=\"index, follow, max-snippet:-1, max-image-preview:large, max-video-preview:-1\" \/>\n<link rel=\"canonical\" href=\"https:\/\/piscinasdelsur.com.ar\/newWeb\/?product=bomba-autocebante-bas-050\" \/>\n<meta property=\"og:locale\" content=\"es_ES\" \/>\n<meta property=\"og:type\" content=\"article\" \/>\n<meta property=\"og:title\" content=\"Bomba autocebante BAS 050 - Piscinas del Sur\" \/>\n<meta property=\"og:description\" content=\"Bomba autocebante BAS 050 Vulcano. Se caracteriza por su dise\u00f1o ultra compacto que ofrece un excelente rendimiento para piscinas peque\u00f1as.\" \/>\n<meta property=\"og:url\" content=\"https:\/\/piscinasdelsur.com.ar\/newWeb\/?product=bomba-autocebante-bas-050\" \/>\n<meta property=\"og:site_name\" content=\"Piscinas del Sur\" \/>\n<meta property=\"article:modified_time\" content=\"2025-03-08T16:30:26+00:00\" \/>\n<meta property=\"og:image\" content=\"https:\/\/piscinasdelsur.com.ar\/newWeb\/wp-content\/uploads\/2025\/03\/bas050.png\" \/>\n\t<meta property=\"og:image:width\" content=\"986\" \/>\n\t<meta property=\"og:image:height\" content=\"996\" \/>\n\t<meta property=\"og:image:type\" content=\"image\/png\" \/>\n<meta name=\"twitter:card\" content=\"summary_large_image\" \/>\n<meta name=\"twitter:label1\" content=\"Tiempo de lectura\" \/>\n\t<meta name=\"twitter:data1\" content=\"1 minuto\" \/>\n<script type=\"application\/ld+json\" class=\"yoast-schema-graph\">{\"@context\":\"https:\\\/\\\/schema.org\",\"@graph\":[{\"@type\":\"WebPage\",\"@id\":\"https:\\\/\\\/piscinasdelsur.com.ar\\\/newWeb\\\/?product=bomba-autocebante-bas-050\",\"url\":\"https:\\\/\\\/piscinasdelsur.com.ar\\\/newWeb\\\/?product=bomba-autocebante-bas-050\",\"name\":\"Bomba autocebante BAS 050 - Piscinas del Sur\",\"isPartOf\":{\"@id\":\"https:\\\/\\\/piscinasdelsur.com.ar\\\/newWeb\\\/#website\"},\"primaryImageOfPage\":{\"@id\":\"https:\\\/\\\/piscinasdelsur.com.ar\\\/newWeb\\\/?product=bomba-autocebante-bas-050#primaryimage\"},\"image\":{\"@id\":\"https:\\\/\\\/piscinasdelsur.com.ar\\\/newWeb\\\/?product=bomba-autocebante-bas-050#primaryimage\"},\"thumbnailUrl\":\"https:\\\/\\\/piscinasdelsur.com.ar\\\/newWeb\\\/wp-content\\\/uploads\\\/2025\\\/03\\\/bas050.png\",\"datePublished\":\"2025-03-08T13:15:37+00:00\",\"dateModified\":\"2025-03-08T16:30:26+00:00\",\"description\":\"Bomba autocebante BAS 050 Vulcano. Se caracteriza por su dise\u00f1o ultra compacto que ofrece un excelente rendimiento para piscinas peque\u00f1as.\",\"breadcrumb\":{\"@id\":\"https:\\\/\\\/piscinasdelsur.com.ar\\\/newWeb\\\/?product=bomba-autocebante-bas-050#breadcrumb\"},\"inLanguage\":\"es-AR\",\"potentialAction\":[{\"@type\":\"ReadAction\",\"target\":[\"https:\\\/\\\/piscinasdelsur.com.ar\\\/newWeb\\\/?product=bomba-autocebante-bas-050\"]}]},{\"@type\":\"ImageObject\",\"inLanguage\":\"es-AR\",\"@id\":\"https:\\\/\\\/piscinasdelsur.com.ar\\\/newWeb\\\/?product=bomba-autocebante-bas-050#primaryimage\",\"url\":\"https:\\\/\\\/piscinasdelsur.com.ar\\\/newWeb\\\/wp-content\\\/uploads\\\/2025\\\/03\\\/bas050.png\",\"contentUrl\":\"https:\\\/\\\/piscinasdelsur.com.ar\\\/newWeb\\\/wp-content\\\/uploads\\\/2025\\\/03\\\/bas050.png\",\"width\":986,\"height\":996},{\"@type\":\"BreadcrumbList\",\"@id\":\"https:\\\/\\\/piscinasdelsur.com.ar\\\/newWeb\\\/?product=bomba-autocebante-bas-050#breadcrumb\",\"itemListElement\":[{\"@type\":\"ListItem\",\"position\":1,\"name\":\"Inicio\",\"item\":\"https:\\\/\\\/piscinasdelsur.com.ar\\\/newWeb\\\/\"},{\"@type\":\"ListItem\",\"position\":2,\"name\":\"Shop\",\"item\":\"https:\\\/\\\/piscinasdelsur.com.ar\\\/newWeb\\\/?page_id=318\"},{\"@type\":\"ListItem\",\"position\":3,\"name\":\"Bomba autocebante BAS 050\"}]},{\"@type\":\"WebSite\",\"@id\":\"https:\\\/\\\/piscinasdelsur.com.ar\\\/newWeb\\\/#website\",\"url\":\"https:\\\/\\\/piscinasdelsur.com.ar\\\/newWeb\\\/\",\"name\":\"Piscinas del Sur\",\"description\":\"\",\"publisher\":{\"@id\":\"https:\\\/\\\/piscinasdelsur.com.ar\\\/newWeb\\\/#organization\"},\"potentialAction\":[{\"@type\":\"SearchAction\",\"target\":{\"@type\":\"EntryPoint\",\"urlTemplate\":\"https:\\\/\\\/piscinasdelsur.com.ar\\\/newWeb\\\/?s={search_term_string}\"},\"query-input\":{\"@type\":\"PropertyValueSpecification\",\"valueRequired\":true,\"valueName\":\"search_term_string\"}}],\"inLanguage\":\"es-AR\"},{\"@type\":\"Organization\",\"@id\":\"https:\\\/\\\/piscinasdelsur.com.ar\\\/newWeb\\\/#organization\",\"name\":\"Piscinas del Sur\",\"url\":\"https:\\\/\\\/piscinasdelsur.com.ar\\\/newWeb\\\/\",\"logo\":{\"@type\":\"ImageObject\",\"inLanguage\":\"es-AR\",\"@id\":\"https:\\\/\\\/piscinasdelsur.com.ar\\\/newWeb\\\/#\\\/schema\\\/logo\\\/image\\\/\",\"url\":\"https:\\\/\\\/piscinasdelsur.com.ar\\\/newWeb\\\/wp-content\\\/uploads\\\/2017\\\/12\\\/cropped-LOGO-PISCINAS-DEL-SUR1.png\",\"contentUrl\":\"https:\\\/\\\/piscinasdelsur.com.ar\\\/newWeb\\\/wp-content\\\/uploads\\\/2017\\\/12\\\/cropped-LOGO-PISCINAS-DEL-SUR1.png\",\"width\":350,\"height\":152,\"caption\":\"Piscinas del Sur\"},\"image\":{\"@id\":\"https:\\\/\\\/piscinasdelsur.com.ar\\\/newWeb\\\/#\\\/schema\\\/logo\\\/image\\\/\"}}]}<\/script>\n<!-- \/ Yoast SEO plugin. -->","yoast_head_json":{"title":"Bomba autocebante BAS 050 - Piscinas del Sur","description":"Bomba autocebante BAS 050 Vulcano. Se caracteriza por su dise\u00f1o ultra compacto que ofrece un excelente rendimiento para piscinas peque\u00f1as.","robots":{"index":"index","follow":"follow","max-snippet":"max-snippet:-1","max-image-preview":"max-image-preview:large","max-video-preview":"max-video-preview:-1"},"canonical":"https:\/\/piscinasdelsur.com.ar\/newWeb\/?product=bomba-autocebante-bas-050","og_locale":"es_ES","og_type":"article","og_title":"Bomba autocebante BAS 050 - Piscinas del Sur","og_description":"Bomba autocebante BAS 050 Vulcano. Se caracteriza por su dise\u00f1o ultra compacto que ofrece un excelente rendimiento para piscinas peque\u00f1as.","og_url":"https:\/\/piscinasdelsur.com.ar\/newWeb\/?product=bomba-autocebante-bas-050","og_site_name":"Piscinas del Sur","article_modified_time":"2025-03-08T16:30:26+00:00","og_image":[{"width":986,"height":996,"url":"https:\/\/piscinasdelsur.com.ar\/newWeb\/wp-content\/uploads\/2025\/03\/bas050.png","type":"image\/png"}],"twitter_card":"summary_large_image","twitter_misc":{"Tiempo de lectura":"1 minuto"},"schema":{"@context":"https:\/\/schema.org","@graph":[{"@type":"WebPage","@id":"https:\/\/piscinasdelsur.com.ar\/newWeb\/?product=bomba-autocebante-bas-050","url":"https:\/\/piscinasdelsur.com.ar\/newWeb\/?product=bomba-autocebante-bas-050","name":"Bomba autocebante BAS 050 - Piscinas del Sur","isPartOf":{"@id":"https:\/\/piscinasdelsur.com.ar\/newWeb\/#website"},"primaryImageOfPage":{"@id":"https:\/\/piscinasdelsur.com.ar\/newWeb\/?product=bomba-autocebante-bas-050#primaryimage"},"image":{"@id":"https:\/\/piscinasdelsur.com.ar\/newWeb\/?product=bomba-autocebante-bas-050#primaryimage"},"thumbnailUrl":"https:\/\/piscinasdelsur.com.ar\/newWeb\/wp-content\/uploads\/2025\/03\/bas050.png","datePublished":"2025-03-08T13:15:37+00:00","dateModified":"2025-03-08T16:30:26+00:00","description":"Bomba autocebante BAS 050 Vulcano. Se caracteriza por su dise\u00f1o ultra compacto que ofrece un excelente rendimiento para piscinas peque\u00f1as.","breadcrumb":{"@id":"https:\/\/piscinasdelsur.com.ar\/newWeb\/?product=bomba-autocebante-bas-050#breadcrumb"},"inLanguage":"es-AR","potentialAction":[{"@type":"ReadAction","target":["https:\/\/piscinasdelsur.com.ar\/newWeb\/?product=bomba-autocebante-bas-050"]}]},{"@type":"ImageObject","inLanguage":"es-AR","@id":"https:\/\/piscinasdelsur.com.ar\/newWeb\/?product=bomba-autocebante-bas-050#primaryimage","url":"https:\/\/piscinasdelsur.com.ar\/newWeb\/wp-content\/uploads\/2025\/03\/bas050.png","contentUrl":"https:\/\/piscinasdelsur.com.ar\/newWeb\/wp-content\/uploads\/2025\/03\/bas050.png","width":986,"height":996},{"@type":"BreadcrumbList","@id":"https:\/\/piscinasdelsur.com.ar\/newWeb\/?product=bomba-autocebante-bas-050#breadcrumb","itemListElement":[{"@type":"ListItem","position":1,"name":"Inicio","item":"https:\/\/piscinasdelsur.com.ar\/newWeb\/"},{"@type":"ListItem","position":2,"name":"Shop","item":"https:\/\/piscinasdelsur.com.ar\/newWeb\/?page_id=318"},{"@type":"ListItem","position":3,"name":"Bomba autocebante BAS 050"}]},{"@type":"WebSite","@id":"https:\/\/piscinasdelsur.com.ar\/newWeb\/#website","url":"https:\/\/piscinasdelsur.com.ar\/newWeb\/","name":"Piscinas del Sur","description":"","publisher":{"@id":"https:\/\/piscinasdelsur.com.ar\/newWeb\/#organization"},"potentialAction":[{"@type":"SearchAction","target":{"@type":"EntryPoint","urlTemplate":"https:\/\/piscinasdelsur.com.ar\/newWeb\/?s={search_term_string}"},"query-input":{"@type":"PropertyValueSpecification","valueRequired":true,"valueName":"search_term_string"}}],"inLanguage":"es-AR"},{"@type":"Organization","@id":"https:\/\/piscinasdelsur.com.ar\/newWeb\/#organization","name":"Piscinas del Sur","url":"https:\/\/piscinasdelsur.com.ar\/newWeb\/","logo":{"@type":"ImageObject","inLanguage":"es-AR","@id":"https:\/\/piscinasdelsur.com.ar\/newWeb\/#\/schema\/logo\/image\/","url":"https:\/\/piscinasdelsur.com.ar\/newWeb\/wp-content\/uploads\/2017\/12\/cropped-LOGO-PISCINAS-DEL-SUR1.png","contentUrl":"https:\/\/piscinasdelsur.com.ar\/newWeb\/wp-content\/uploads\/2017\/12\/cropped-LOGO-PISCINAS-DEL-SUR1.png","width":350,"height":152,"caption":"Piscinas del Sur"},"image":{"@id":"https:\/\/piscinasdelsur.com.ar\/newWeb\/#\/schema\/logo\/image\/"}}]}},"_links":{"self":[{"href":"https:\/\/piscinasdelsur.com.ar\/newWeb\/index.php?rest_route=\/wp\/v2\/product\/3144","targetHints":{"allow":["GET"]}}],"collection":[{"href":"https:\/\/piscinasdelsur.com.ar\/newWeb\/index.php?rest_route=\/wp\/v2\/product"}],"about":[{"href":"https:\/\/piscinasdelsur.com.ar\/newWeb\/index.php?rest_route=\/wp\/v2\/types\/product"}],"version-history":[{"count":0,"href":"https:\/\/piscinasdelsur.com.ar\/newWeb\/index.php?rest_route=\/wp\/v2\/product\/3144\/revisions"}],"wp:featuredmedia":[{"embeddable":true,"href":"https:\/\/piscinasdelsur.com.ar\/newWeb\/index.php?rest_route=\/wp\/v2\/media\/3150"}],"wp:attachment":[{"href":"https:\/\/piscinasdelsur.com.ar\/newWeb\/index.php?rest_route=%2Fwp%2Fv2%2Fmedia&parent=3144"}],"wp:term":[{"taxonomy":"product_brand","embeddable":true,"href":"https:\/\/piscinasdelsur.com.ar\/newWeb\/index.php?rest_route=%2Fwp%2Fv2%2Fproduct_brand&post=3144"},{"taxonomy":"product_cat","embeddable":true,"href":"https:\/\/piscinasdelsur.com.ar\/newWeb\/index.php?rest_route=%2Fwp%2Fv2%2Fproduct_cat&post=3144"},{"taxonomy":"product_tag","embeddable":true,"href":"https:\/\/piscinasdelsur.com.ar\/newWeb\/index.php?rest_route=%2Fwp%2Fv2%2Fproduct_tag&post=3144"}],"curies":[{"name":"wp","href":"https:\/\/api.w.org\/{rel}","templated":true}]}}