{"id":3134,"date":"2025-03-08T09:16:54","date_gmt":"2025-03-08T12:16:54","guid":{"rendered":"https:\/\/piscinasdelsur.com.ar\/newWeb\/?post_type=product&#038;p=3134"},"modified":"2025-10-21T19:51:53","modified_gmt":"2025-10-21T22:51:53","slug":"bomba-autocebante-baf-033-vulcano","status":"publish","type":"product","link":"https:\/\/piscinasdelsur.com.ar\/newWeb\/?product=bomba-autocebante-baf-033-vulcano","title":{"rendered":"Bomba autocebante BAF 033 (AL)"},"content":{"rendered":"<h2><strong><span style=\"vertical-align: inherit\"><span style=\"vertical-align: inherit\">Bomba autocebante Vulcano BAF 033<\/span><\/span><\/strong><\/h2>\n<p>Dise\u00f1ada como equipo m\u00f3vil de filtraci\u00f3n para el mantenimiento y cuidado del agua, para ser trasladada f\u00e1cilmente y retirada de las proximidades de la piscina luego de su uso. La bomba autocebante Vulcano BAF 033 se puede conectar luego a un filtro VC10, ampliando su capacidad de filtrado.<\/p>\n<p>Cuenta con cartucho filtrante de papel plisado y con bujes para roscar de 1 \u00bd\u201d y de \u00f850 mm para pegar ca\u00f1os de PVC, para adaptarse a la ca\u00f1er\u00eda de la instalaci\u00f3n. Su bobinado de aluminio posiciona este modelo como una nueva alternativa en el mercado.<\/p>\n<p>Contamos con una completa l\u00ednea de repuestos disponibles para la reparaci\u00f3n y mantenimiento de este equipo.<\/p>\n<p>&nbsp;<\/p>\n<h4><b>Caracter\u00edsticas t\u00e9cnicas<\/b><\/h4>\n<ul>\n<li>Motor el\u00e9ctrico Vulcano con certificaci\u00f3n de Servicio 1 (S1): alta eficiencia y fiabilidad de trabajo continuo.<\/li>\n<li>Certificaci\u00f3n el\u00e9ctrica seg\u00fan Resoluci\u00f3n S.C. N\u00ba 169\/18.<\/li>\n<li>Protector t\u00e9rmico incorporado.<\/li>\n<li>Grado de protecci\u00f3n IPX4 apto para usar a la intemperie.<\/li>\n<li>Cuerpo autocebante, inyectado en polipropileno reforzado.<\/li>\n<li>Impulsor de Noryl.<\/li>\n<li>Sello mec\u00e1nico con pista cer\u00e1mica.<\/li>\n<li>Garant\u00eda de 1 a\u00f1o.<\/li>\n<\/ul>\n<p>&nbsp;<\/p>\n<h4><b>Recomendaciones<\/b><\/h4>\n<p>\u2022 La bomba autocebante para piscina BAF 033 (AL) Vulcano se puede situar por encima o por debajo del nivel de agua. Se recomienda, por precauci\u00f3n, nunca colocar el equipo a una distancia menor a los 2m del borde de agua.<br \/>\n\u2022 En los casos donde el agua se encuentre muy sucia, se recomienda retirar el filtro e incorporar el canasto opcional (c\u00f3d. 23936A) para proteger la bomba de elementos que pudieran ser aspirados (imagen 2). De esta manera se arroja el agua sucia fuera de la piscina.<br \/>\n\u2022 Si al filtrar se advierte una reducci\u00f3n importante en el caudal de retorno, lavar el cartucho con agua limpia bajo una canilla (no utilizar ning\u00fan tipo de cepillo).<br \/>\n\u2022 En caso de temperaturas bajo 0\u00b0, vaciar la bomba retirando el tap\u00f3n de drenaje y las uniones dobles, y guardelos dentro en el canasto atrapa hojas.<\/p>\n<p>&nbsp;<\/p>\n<p><img fetchpriority=\"high\" decoding=\"async\" class=\"alignnone size-medium wp-image-3140\" src=\"https:\/\/piscinasdelsur.com.ar\/newWeb\/wp-content\/uploads\/2025\/03\/baf033-despiece-300x300.jpg\" alt=\"\" width=\"300\" height=\"300\" srcset=\"https:\/\/piscinasdelsur.com.ar\/newWeb\/wp-content\/uploads\/2025\/03\/baf033-despiece-300x300.jpg 300w, https:\/\/piscinasdelsur.com.ar\/newWeb\/wp-content\/uploads\/2025\/03\/baf033-despiece-1024x1024.jpg 1024w, https:\/\/piscinasdelsur.com.ar\/newWeb\/wp-content\/uploads\/2025\/03\/baf033-despiece-150x150.jpg 150w, https:\/\/piscinasdelsur.com.ar\/newWeb\/wp-content\/uploads\/2025\/03\/baf033-despiece-768x768.jpg 768w, https:\/\/piscinasdelsur.com.ar\/newWeb\/wp-content\/uploads\/2025\/03\/baf033-despiece-600x600.jpg 600w, https:\/\/piscinasdelsur.com.ar\/newWeb\/wp-content\/uploads\/2025\/03\/baf033-despiece-100x100.jpg 100w, https:\/\/piscinasdelsur.com.ar\/newWeb\/wp-content\/uploads\/2025\/03\/baf033-despiece.jpg 1200w\" sizes=\"(max-width: 300px) 100vw, 300px\" \/> <img decoding=\"async\" class=\"alignnone wp-image-3139 lazyload\" data-src=\"https:\/\/piscinasdelsur.com.ar\/newWeb\/wp-content\/uploads\/2025\/03\/baf-canasto-300x194.jpg\" alt=\"\" width=\"391\" height=\"253\" data-srcset=\"https:\/\/piscinasdelsur.com.ar\/newWeb\/wp-content\/uploads\/2025\/03\/baf-canasto-300x194.jpg 300w, https:\/\/piscinasdelsur.com.ar\/newWeb\/wp-content\/uploads\/2025\/03\/baf-canasto.jpg 601w\" data-sizes=\"(max-width: 391px) 100vw, 391px\" src=\"data:image\/svg+xml;base64,PHN2ZyB3aWR0aD0iMSIgaGVpZ2h0PSIxIiB4bWxucz0iaHR0cDovL3d3dy53My5vcmcvMjAwMC9zdmciPjwvc3ZnPg==\" style=\"--smush-placeholder-width: 391px; --smush-placeholder-aspect-ratio: 391\/253;\" \/><\/p>\n<p>&nbsp;<\/p>\n<p>&nbsp;<\/p>\n","protected":false},"excerpt":{"rendered":"<p class=\"p1\"><span class=\"s1\"><span style=\"vertical-align: inherit\"><span style=\"vertical-align: inherit\">C\u00f3digo: 106113\u00a0<\/span><\/span><\/span><\/p>\n<p class=\"yoast-text-mark\"><strong><span class=\"s1\">DESCRIPCI\u00d3N\u00a0<\/span><\/strong><\/p>\n<p>Bomba autocebante para piscina BAF 033 (AL) Vulcano. Dise\u00f1ada como equipo m\u00f3vil de filtraci\u00f3n para el mantenimiento y cuidado del agua, para ser trasladada f\u00e1cilmente y retirada de las proximidades de la piscina luego de su uso.<\/p>\n<p>Cuenta con cartucho filtrante de papel plisado y con bujes para roscar de 1 \u00bd\u201d y de \u00f850 mm para pegar ca\u00f1os de PVC, para adaptarse a la ca\u00f1er\u00eda de la instalaci\u00f3n. Su bobinado de aluminio posiciona este modelo como una nueva alternativa en el mercado.<\/p>\n","protected":false},"featured_media":3136,"template":"","meta":{"_monsterinsights_skip_tracking":false,"_monsterinsights_sitenote_active":false,"_monsterinsights_sitenote_note":"","_monsterinsights_sitenote_category":0},"product_brand":[550],"product_cat":[21],"product_tag":[552,551,386,388,235],"class_list":{"0":"post-3134","1":"product","2":"type-product","3":"status-publish","4":"has-post-thumbnail","6":"product_brand-vulcano","7":"product_cat-autocebantes","8":"product_tag-autocebante","9":"product_tag-baf-033","10":"product_tag-bomba","11":"product_tag-electrobomba","12":"product_tag-vulcano","14":"first","15":"instock","16":"sold-individually","17":"shipping-taxable","18":"product-type-simple"},"yoast_head":"<!-- This site is optimized with the Yoast SEO plugin v27.4 - https:\/\/yoast.com\/product\/yoast-seo-wordpress\/ -->\n<title>Bomba autocebante BAF 033 (AL) - Piscinas del Sur<\/title>\n<meta name=\"description\" content=\"Bomba autocebante BAF 033 (AL) Vulcano. Dise\u00f1ada como equipo port\u00e1til de filtraci\u00f3n para el mantenimiento del agua. Cuenta con cartucho filtrante de papel.\" \/>\n<meta name=\"robots\" content=\"index, follow, max-snippet:-1, max-image-preview:large, max-video-preview:-1\" \/>\n<link rel=\"canonical\" href=\"https:\/\/piscinasdelsur.com.ar\/newWeb\/?product=bomba-autocebante-baf-033-vulcano\" \/>\n<meta property=\"og:locale\" content=\"es_ES\" \/>\n<meta property=\"og:type\" content=\"article\" \/>\n<meta property=\"og:title\" content=\"Bomba autocebante BAF 033 (AL) - Piscinas del Sur\" \/>\n<meta property=\"og:description\" content=\"Bomba autocebante BAF 033 (AL) Vulcano. Dise\u00f1ada como equipo port\u00e1til de filtraci\u00f3n para el mantenimiento del agua. Cuenta con cartucho filtrante de papel.\" \/>\n<meta property=\"og:url\" content=\"https:\/\/piscinasdelsur.com.ar\/newWeb\/?product=bomba-autocebante-baf-033-vulcano\" \/>\n<meta property=\"og:site_name\" content=\"Piscinas del Sur\" \/>\n<meta property=\"article:modified_time\" content=\"2025-10-21T22:51:53+00:00\" \/>\n<meta property=\"og:image\" content=\"https:\/\/piscinasdelsur.com.ar\/newWeb\/wp-content\/uploads\/2025\/03\/baf033-copia.jpeg\" \/>\n\t<meta property=\"og:image:width\" content=\"1200\" \/>\n\t<meta property=\"og:image:height\" content=\"1200\" \/>\n\t<meta property=\"og:image:type\" content=\"image\/jpeg\" \/>\n<meta name=\"twitter:card\" content=\"summary_large_image\" \/>\n<meta name=\"twitter:label1\" content=\"Tiempo de lectura\" \/>\n\t<meta name=\"twitter:data1\" content=\"3 minutos\" \/>\n<script type=\"application\/ld+json\" class=\"yoast-schema-graph\">{\"@context\":\"https:\\\/\\\/schema.org\",\"@graph\":[{\"@type\":\"WebPage\",\"@id\":\"https:\\\/\\\/piscinasdelsur.com.ar\\\/newWeb\\\/?product=bomba-autocebante-baf-033-vulcano\",\"url\":\"https:\\\/\\\/piscinasdelsur.com.ar\\\/newWeb\\\/?product=bomba-autocebante-baf-033-vulcano\",\"name\":\"Bomba autocebante BAF 033 (AL) - Piscinas del Sur\",\"isPartOf\":{\"@id\":\"https:\\\/\\\/piscinasdelsur.com.ar\\\/newWeb\\\/#website\"},\"primaryImageOfPage\":{\"@id\":\"https:\\\/\\\/piscinasdelsur.com.ar\\\/newWeb\\\/?product=bomba-autocebante-baf-033-vulcano#primaryimage\"},\"image\":{\"@id\":\"https:\\\/\\\/piscinasdelsur.com.ar\\\/newWeb\\\/?product=bomba-autocebante-baf-033-vulcano#primaryimage\"},\"thumbnailUrl\":\"https:\\\/\\\/piscinasdelsur.com.ar\\\/newWeb\\\/wp-content\\\/uploads\\\/2025\\\/03\\\/baf033-copia.jpeg\",\"datePublished\":\"2025-03-08T12:16:54+00:00\",\"dateModified\":\"2025-10-21T22:51:53+00:00\",\"description\":\"Bomba autocebante BAF 033 (AL) Vulcano. Dise\u00f1ada como equipo port\u00e1til de filtraci\u00f3n para el mantenimiento del agua. Cuenta con cartucho filtrante de papel.\",\"breadcrumb\":{\"@id\":\"https:\\\/\\\/piscinasdelsur.com.ar\\\/newWeb\\\/?product=bomba-autocebante-baf-033-vulcano#breadcrumb\"},\"inLanguage\":\"es-AR\",\"potentialAction\":[{\"@type\":\"ReadAction\",\"target\":[\"https:\\\/\\\/piscinasdelsur.com.ar\\\/newWeb\\\/?product=bomba-autocebante-baf-033-vulcano\"]}]},{\"@type\":\"ImageObject\",\"inLanguage\":\"es-AR\",\"@id\":\"https:\\\/\\\/piscinasdelsur.com.ar\\\/newWeb\\\/?product=bomba-autocebante-baf-033-vulcano#primaryimage\",\"url\":\"https:\\\/\\\/piscinasdelsur.com.ar\\\/newWeb\\\/wp-content\\\/uploads\\\/2025\\\/03\\\/baf033-copia.jpeg\",\"contentUrl\":\"https:\\\/\\\/piscinasdelsur.com.ar\\\/newWeb\\\/wp-content\\\/uploads\\\/2025\\\/03\\\/baf033-copia.jpeg\",\"width\":1200,\"height\":1200},{\"@type\":\"BreadcrumbList\",\"@id\":\"https:\\\/\\\/piscinasdelsur.com.ar\\\/newWeb\\\/?product=bomba-autocebante-baf-033-vulcano#breadcrumb\",\"itemListElement\":[{\"@type\":\"ListItem\",\"position\":1,\"name\":\"Inicio\",\"item\":\"https:\\\/\\\/piscinasdelsur.com.ar\\\/newWeb\\\/\"},{\"@type\":\"ListItem\",\"position\":2,\"name\":\"Shop\",\"item\":\"https:\\\/\\\/piscinasdelsur.com.ar\\\/newWeb\\\/?page_id=318\"},{\"@type\":\"ListItem\",\"position\":3,\"name\":\"Bomba autocebante BAF 033 (AL)\"}]},{\"@type\":\"WebSite\",\"@id\":\"https:\\\/\\\/piscinasdelsur.com.ar\\\/newWeb\\\/#website\",\"url\":\"https:\\\/\\\/piscinasdelsur.com.ar\\\/newWeb\\\/\",\"name\":\"Piscinas del Sur\",\"description\":\"\",\"publisher\":{\"@id\":\"https:\\\/\\\/piscinasdelsur.com.ar\\\/newWeb\\\/#organization\"},\"potentialAction\":[{\"@type\":\"SearchAction\",\"target\":{\"@type\":\"EntryPoint\",\"urlTemplate\":\"https:\\\/\\\/piscinasdelsur.com.ar\\\/newWeb\\\/?s={search_term_string}\"},\"query-input\":{\"@type\":\"PropertyValueSpecification\",\"valueRequired\":true,\"valueName\":\"search_term_string\"}}],\"inLanguage\":\"es-AR\"},{\"@type\":\"Organization\",\"@id\":\"https:\\\/\\\/piscinasdelsur.com.ar\\\/newWeb\\\/#organization\",\"name\":\"Piscinas del Sur\",\"url\":\"https:\\\/\\\/piscinasdelsur.com.ar\\\/newWeb\\\/\",\"logo\":{\"@type\":\"ImageObject\",\"inLanguage\":\"es-AR\",\"@id\":\"https:\\\/\\\/piscinasdelsur.com.ar\\\/newWeb\\\/#\\\/schema\\\/logo\\\/image\\\/\",\"url\":\"https:\\\/\\\/piscinasdelsur.com.ar\\\/newWeb\\\/wp-content\\\/uploads\\\/2017\\\/12\\\/cropped-LOGO-PISCINAS-DEL-SUR1.png\",\"contentUrl\":\"https:\\\/\\\/piscinasdelsur.com.ar\\\/newWeb\\\/wp-content\\\/uploads\\\/2017\\\/12\\\/cropped-LOGO-PISCINAS-DEL-SUR1.png\",\"width\":350,\"height\":152,\"caption\":\"Piscinas del Sur\"},\"image\":{\"@id\":\"https:\\\/\\\/piscinasdelsur.com.ar\\\/newWeb\\\/#\\\/schema\\\/logo\\\/image\\\/\"}}]}<\/script>\n<!-- \/ Yoast SEO plugin. -->","yoast_head_json":{"title":"Bomba autocebante BAF 033 (AL) - Piscinas del Sur","description":"Bomba autocebante BAF 033 (AL) Vulcano. Dise\u00f1ada como equipo port\u00e1til de filtraci\u00f3n para el mantenimiento del agua. Cuenta con cartucho filtrante de papel.","robots":{"index":"index","follow":"follow","max-snippet":"max-snippet:-1","max-image-preview":"max-image-preview:large","max-video-preview":"max-video-preview:-1"},"canonical":"https:\/\/piscinasdelsur.com.ar\/newWeb\/?product=bomba-autocebante-baf-033-vulcano","og_locale":"es_ES","og_type":"article","og_title":"Bomba autocebante BAF 033 (AL) - Piscinas del Sur","og_description":"Bomba autocebante BAF 033 (AL) Vulcano. Dise\u00f1ada como equipo port\u00e1til de filtraci\u00f3n para el mantenimiento del agua. Cuenta con cartucho filtrante de papel.","og_url":"https:\/\/piscinasdelsur.com.ar\/newWeb\/?product=bomba-autocebante-baf-033-vulcano","og_site_name":"Piscinas del Sur","article_modified_time":"2025-10-21T22:51:53+00:00","og_image":[{"width":1200,"height":1200,"url":"https:\/\/piscinasdelsur.com.ar\/newWeb\/wp-content\/uploads\/2025\/03\/baf033-copia.jpeg","type":"image\/jpeg"}],"twitter_card":"summary_large_image","twitter_misc":{"Tiempo de lectura":"3 minutos"},"schema":{"@context":"https:\/\/schema.org","@graph":[{"@type":"WebPage","@id":"https:\/\/piscinasdelsur.com.ar\/newWeb\/?product=bomba-autocebante-baf-033-vulcano","url":"https:\/\/piscinasdelsur.com.ar\/newWeb\/?product=bomba-autocebante-baf-033-vulcano","name":"Bomba autocebante BAF 033 (AL) - Piscinas del Sur","isPartOf":{"@id":"https:\/\/piscinasdelsur.com.ar\/newWeb\/#website"},"primaryImageOfPage":{"@id":"https:\/\/piscinasdelsur.com.ar\/newWeb\/?product=bomba-autocebante-baf-033-vulcano#primaryimage"},"image":{"@id":"https:\/\/piscinasdelsur.com.ar\/newWeb\/?product=bomba-autocebante-baf-033-vulcano#primaryimage"},"thumbnailUrl":"https:\/\/piscinasdelsur.com.ar\/newWeb\/wp-content\/uploads\/2025\/03\/baf033-copia.jpeg","datePublished":"2025-03-08T12:16:54+00:00","dateModified":"2025-10-21T22:51:53+00:00","description":"Bomba autocebante BAF 033 (AL) Vulcano. Dise\u00f1ada como equipo port\u00e1til de filtraci\u00f3n para el mantenimiento del agua. Cuenta con cartucho filtrante de papel.","breadcrumb":{"@id":"https:\/\/piscinasdelsur.com.ar\/newWeb\/?product=bomba-autocebante-baf-033-vulcano#breadcrumb"},"inLanguage":"es-AR","potentialAction":[{"@type":"ReadAction","target":["https:\/\/piscinasdelsur.com.ar\/newWeb\/?product=bomba-autocebante-baf-033-vulcano"]}]},{"@type":"ImageObject","inLanguage":"es-AR","@id":"https:\/\/piscinasdelsur.com.ar\/newWeb\/?product=bomba-autocebante-baf-033-vulcano#primaryimage","url":"https:\/\/piscinasdelsur.com.ar\/newWeb\/wp-content\/uploads\/2025\/03\/baf033-copia.jpeg","contentUrl":"https:\/\/piscinasdelsur.com.ar\/newWeb\/wp-content\/uploads\/2025\/03\/baf033-copia.jpeg","width":1200,"height":1200},{"@type":"BreadcrumbList","@id":"https:\/\/piscinasdelsur.com.ar\/newWeb\/?product=bomba-autocebante-baf-033-vulcano#breadcrumb","itemListElement":[{"@type":"ListItem","position":1,"name":"Inicio","item":"https:\/\/piscinasdelsur.com.ar\/newWeb\/"},{"@type":"ListItem","position":2,"name":"Shop","item":"https:\/\/piscinasdelsur.com.ar\/newWeb\/?page_id=318"},{"@type":"ListItem","position":3,"name":"Bomba autocebante BAF 033 (AL)"}]},{"@type":"WebSite","@id":"https:\/\/piscinasdelsur.com.ar\/newWeb\/#website","url":"https:\/\/piscinasdelsur.com.ar\/newWeb\/","name":"Piscinas del Sur","description":"","publisher":{"@id":"https:\/\/piscinasdelsur.com.ar\/newWeb\/#organization"},"potentialAction":[{"@type":"SearchAction","target":{"@type":"EntryPoint","urlTemplate":"https:\/\/piscinasdelsur.com.ar\/newWeb\/?s={search_term_string}"},"query-input":{"@type":"PropertyValueSpecification","valueRequired":true,"valueName":"search_term_string"}}],"inLanguage":"es-AR"},{"@type":"Organization","@id":"https:\/\/piscinasdelsur.com.ar\/newWeb\/#organization","name":"Piscinas del Sur","url":"https:\/\/piscinasdelsur.com.ar\/newWeb\/","logo":{"@type":"ImageObject","inLanguage":"es-AR","@id":"https:\/\/piscinasdelsur.com.ar\/newWeb\/#\/schema\/logo\/image\/","url":"https:\/\/piscinasdelsur.com.ar\/newWeb\/wp-content\/uploads\/2017\/12\/cropped-LOGO-PISCINAS-DEL-SUR1.png","contentUrl":"https:\/\/piscinasdelsur.com.ar\/newWeb\/wp-content\/uploads\/2017\/12\/cropped-LOGO-PISCINAS-DEL-SUR1.png","width":350,"height":152,"caption":"Piscinas del Sur"},"image":{"@id":"https:\/\/piscinasdelsur.com.ar\/newWeb\/#\/schema\/logo\/image\/"}}]}},"_links":{"self":[{"href":"https:\/\/piscinasdelsur.com.ar\/newWeb\/index.php?rest_route=\/wp\/v2\/product\/3134","targetHints":{"allow":["GET"]}}],"collection":[{"href":"https:\/\/piscinasdelsur.com.ar\/newWeb\/index.php?rest_route=\/wp\/v2\/product"}],"about":[{"href":"https:\/\/piscinasdelsur.com.ar\/newWeb\/index.php?rest_route=\/wp\/v2\/types\/product"}],"version-history":[{"count":0,"href":"https:\/\/piscinasdelsur.com.ar\/newWeb\/index.php?rest_route=\/wp\/v2\/product\/3134\/revisions"}],"wp:featuredmedia":[{"embeddable":true,"href":"https:\/\/piscinasdelsur.com.ar\/newWeb\/index.php?rest_route=\/wp\/v2\/media\/3136"}],"wp:attachment":[{"href":"https:\/\/piscinasdelsur.com.ar\/newWeb\/index.php?rest_route=%2Fwp%2Fv2%2Fmedia&parent=3134"}],"wp:term":[{"taxonomy":"product_brand","embeddable":true,"href":"https:\/\/piscinasdelsur.com.ar\/newWeb\/index.php?rest_route=%2Fwp%2Fv2%2Fproduct_brand&post=3134"},{"taxonomy":"product_cat","embeddable":true,"href":"https:\/\/piscinasdelsur.com.ar\/newWeb\/index.php?rest_route=%2Fwp%2Fv2%2Fproduct_cat&post=3134"},{"taxonomy":"product_tag","embeddable":true,"href":"https:\/\/piscinasdelsur.com.ar\/newWeb\/index.php?rest_route=%2Fwp%2Fv2%2Fproduct_tag&post=3134"}],"curies":[{"name":"wp","href":"https:\/\/api.w.org\/{rel}","templated":true}]}}