{"id":2623,"date":"2022-08-18T17:44:11","date_gmt":"2022-08-18T20:44:11","guid":{"rendered":"https:\/\/piscinasdelsur.com.ar\/newWeb\/?post_type=product&#038;p=2623"},"modified":"2022-08-18T18:05:59","modified_gmt":"2022-08-18T21:05:59","slug":"pastillas-triple-accion","status":"publish","type":"product","link":"https:\/\/piscinasdelsur.com.ar\/newWeb\/?product=pastillas-triple-accion","title":{"rendered":"Pastillas triple acci\u00f3n"},"content":{"rendered":"<p>&nbsp;<\/p>\n<p>Pastillas de 200 gramos, triple acci\u00f3n. Contiene cloro, alguicida y clarificador.<\/p>\n<p>&nbsp;<\/p>\n","protected":false},"excerpt":{"rendered":"<p class=\"p2\"><span class=\"s1\">DESCRIPCI\u00d3N<\/span><\/p>\n<p class=\"p1\">Pastillas triple acci\u00f3n de disoluci\u00f3n lenta : contienen cloro, alguicida y clarificador. Pesan 200 gramos cada una. Se coloca 1 pastilla cada 15.000 litros de agua y su duraci\u00f3n aproximada es de 1 semana.<\/p>\n","protected":false},"featured_media":2627,"template":"","meta":{"_monsterinsights_skip_tracking":false,"_monsterinsights_sitenote_active":false,"_monsterinsights_sitenote_note":"","_monsterinsights_sitenote_category":0},"product_brand":[],"product_cat":[80],"product_tag":[513,515],"class_list":{"0":"post-2623","1":"product","2":"type-product","3":"status-publish","4":"has-post-thumbnail","6":"product_cat-triple-accion","7":"product_tag-pastillas","8":"product_tag-triple-accion","10":"first","11":"instock","12":"shipping-taxable","13":"product-type-simple"},"yoast_head":"<!-- This site is optimized with the Yoast SEO plugin v27.5 - https:\/\/yoast.com\/product\/yoast-seo-wordpress\/ -->\n<title>Pastillas triple acci\u00f3n - Piscinas del Sur<\/title>\n<meta name=\"description\" content=\"Pastillas triple acci\u00f3n de disoluci\u00f3n lenta: contienen cloro, alguicida y clarificador. Pesan 200 gramos cada una.\" \/>\n<meta name=\"robots\" content=\"index, follow, max-snippet:-1, max-image-preview:large, max-video-preview:-1\" \/>\n<link rel=\"canonical\" href=\"https:\/\/piscinasdelsur.com.ar\/newWeb\/?product=pastillas-triple-accion\" \/>\n<meta property=\"og:locale\" content=\"es_ES\" \/>\n<meta property=\"og:type\" content=\"article\" \/>\n<meta property=\"og:title\" content=\"Pastillas triple acci\u00f3n - Piscinas del Sur\" \/>\n<meta property=\"og:description\" content=\"Pastillas triple acci\u00f3n de disoluci\u00f3n lenta: contienen cloro, alguicida y clarificador. Pesan 200 gramos cada una.\" \/>\n<meta property=\"og:url\" content=\"https:\/\/piscinasdelsur.com.ar\/newWeb\/?product=pastillas-triple-accion\" \/>\n<meta property=\"og:site_name\" content=\"Piscinas del Sur\" \/>\n<meta property=\"article:modified_time\" content=\"2022-08-18T21:05:59+00:00\" \/>\n<meta property=\"og:image\" content=\"https:\/\/piscinasdelsur.com.ar\/newWeb\/wp-content\/uploads\/2022\/08\/Mi-proyecto-1-1.png\" \/>\n\t<meta property=\"og:image:width\" content=\"905\" \/>\n\t<meta property=\"og:image:height\" content=\"1017\" \/>\n\t<meta property=\"og:image:type\" content=\"image\/png\" \/>\n<meta name=\"twitter:card\" content=\"summary_large_image\" \/>\n<script type=\"application\/ld+json\" class=\"yoast-schema-graph\">{\"@context\":\"https:\\\/\\\/schema.org\",\"@graph\":[{\"@type\":\"WebPage\",\"@id\":\"https:\\\/\\\/piscinasdelsur.com.ar\\\/newWeb\\\/?product=pastillas-triple-accion\",\"url\":\"https:\\\/\\\/piscinasdelsur.com.ar\\\/newWeb\\\/?product=pastillas-triple-accion\",\"name\":\"Pastillas triple acci\u00f3n - Piscinas del Sur\",\"isPartOf\":{\"@id\":\"https:\\\/\\\/piscinasdelsur.com.ar\\\/newWeb\\\/#website\"},\"primaryImageOfPage\":{\"@id\":\"https:\\\/\\\/piscinasdelsur.com.ar\\\/newWeb\\\/?product=pastillas-triple-accion#primaryimage\"},\"image\":{\"@id\":\"https:\\\/\\\/piscinasdelsur.com.ar\\\/newWeb\\\/?product=pastillas-triple-accion#primaryimage\"},\"thumbnailUrl\":\"https:\\\/\\\/piscinasdelsur.com.ar\\\/newWeb\\\/wp-content\\\/uploads\\\/2022\\\/08\\\/Mi-proyecto-1-1.png\",\"datePublished\":\"2022-08-18T20:44:11+00:00\",\"dateModified\":\"2022-08-18T21:05:59+00:00\",\"description\":\"Pastillas triple acci\u00f3n de disoluci\u00f3n lenta: contienen cloro, alguicida y clarificador. Pesan 200 gramos cada una.\",\"breadcrumb\":{\"@id\":\"https:\\\/\\\/piscinasdelsur.com.ar\\\/newWeb\\\/?product=pastillas-triple-accion#breadcrumb\"},\"inLanguage\":\"es-AR\",\"potentialAction\":[{\"@type\":\"ReadAction\",\"target\":[\"https:\\\/\\\/piscinasdelsur.com.ar\\\/newWeb\\\/?product=pastillas-triple-accion\"]}]},{\"@type\":\"ImageObject\",\"inLanguage\":\"es-AR\",\"@id\":\"https:\\\/\\\/piscinasdelsur.com.ar\\\/newWeb\\\/?product=pastillas-triple-accion#primaryimage\",\"url\":\"https:\\\/\\\/piscinasdelsur.com.ar\\\/newWeb\\\/wp-content\\\/uploads\\\/2022\\\/08\\\/Mi-proyecto-1-1.png\",\"contentUrl\":\"https:\\\/\\\/piscinasdelsur.com.ar\\\/newWeb\\\/wp-content\\\/uploads\\\/2022\\\/08\\\/Mi-proyecto-1-1.png\",\"width\":905,\"height\":1017},{\"@type\":\"BreadcrumbList\",\"@id\":\"https:\\\/\\\/piscinasdelsur.com.ar\\\/newWeb\\\/?product=pastillas-triple-accion#breadcrumb\",\"itemListElement\":[{\"@type\":\"ListItem\",\"position\":1,\"name\":\"Inicio\",\"item\":\"https:\\\/\\\/piscinasdelsur.com.ar\\\/newWeb\\\/\"},{\"@type\":\"ListItem\",\"position\":2,\"name\":\"Shop\",\"item\":\"https:\\\/\\\/piscinasdelsur.com.ar\\\/newWeb\\\/?page_id=318\"},{\"@type\":\"ListItem\",\"position\":3,\"name\":\"Pastillas triple acci\u00f3n\"}]},{\"@type\":\"WebSite\",\"@id\":\"https:\\\/\\\/piscinasdelsur.com.ar\\\/newWeb\\\/#website\",\"url\":\"https:\\\/\\\/piscinasdelsur.com.ar\\\/newWeb\\\/\",\"name\":\"Piscinas del Sur\",\"description\":\"\",\"publisher\":{\"@id\":\"https:\\\/\\\/piscinasdelsur.com.ar\\\/newWeb\\\/#organization\"},\"potentialAction\":[{\"@type\":\"SearchAction\",\"target\":{\"@type\":\"EntryPoint\",\"urlTemplate\":\"https:\\\/\\\/piscinasdelsur.com.ar\\\/newWeb\\\/?s={search_term_string}\"},\"query-input\":{\"@type\":\"PropertyValueSpecification\",\"valueRequired\":true,\"valueName\":\"search_term_string\"}}],\"inLanguage\":\"es-AR\"},{\"@type\":\"Organization\",\"@id\":\"https:\\\/\\\/piscinasdelsur.com.ar\\\/newWeb\\\/#organization\",\"name\":\"Piscinas del Sur\",\"url\":\"https:\\\/\\\/piscinasdelsur.com.ar\\\/newWeb\\\/\",\"logo\":{\"@type\":\"ImageObject\",\"inLanguage\":\"es-AR\",\"@id\":\"https:\\\/\\\/piscinasdelsur.com.ar\\\/newWeb\\\/#\\\/schema\\\/logo\\\/image\\\/\",\"url\":\"https:\\\/\\\/piscinasdelsur.com.ar\\\/newWeb\\\/wp-content\\\/uploads\\\/2017\\\/12\\\/cropped-LOGO-PISCINAS-DEL-SUR1.png\",\"contentUrl\":\"https:\\\/\\\/piscinasdelsur.com.ar\\\/newWeb\\\/wp-content\\\/uploads\\\/2017\\\/12\\\/cropped-LOGO-PISCINAS-DEL-SUR1.png\",\"width\":350,\"height\":152,\"caption\":\"Piscinas del Sur\"},\"image\":{\"@id\":\"https:\\\/\\\/piscinasdelsur.com.ar\\\/newWeb\\\/#\\\/schema\\\/logo\\\/image\\\/\"}}]}<\/script>\n<!-- \/ Yoast SEO plugin. -->","yoast_head_json":{"title":"Pastillas triple acci\u00f3n - Piscinas del Sur","description":"Pastillas triple acci\u00f3n de disoluci\u00f3n lenta: contienen cloro, alguicida y clarificador. Pesan 200 gramos cada una.","robots":{"index":"index","follow":"follow","max-snippet":"max-snippet:-1","max-image-preview":"max-image-preview:large","max-video-preview":"max-video-preview:-1"},"canonical":"https:\/\/piscinasdelsur.com.ar\/newWeb\/?product=pastillas-triple-accion","og_locale":"es_ES","og_type":"article","og_title":"Pastillas triple acci\u00f3n - Piscinas del Sur","og_description":"Pastillas triple acci\u00f3n de disoluci\u00f3n lenta: contienen cloro, alguicida y clarificador. Pesan 200 gramos cada una.","og_url":"https:\/\/piscinasdelsur.com.ar\/newWeb\/?product=pastillas-triple-accion","og_site_name":"Piscinas del Sur","article_modified_time":"2022-08-18T21:05:59+00:00","og_image":[{"width":905,"height":1017,"url":"https:\/\/piscinasdelsur.com.ar\/newWeb\/wp-content\/uploads\/2022\/08\/Mi-proyecto-1-1.png","type":"image\/png"}],"twitter_card":"summary_large_image","schema":{"@context":"https:\/\/schema.org","@graph":[{"@type":"WebPage","@id":"https:\/\/piscinasdelsur.com.ar\/newWeb\/?product=pastillas-triple-accion","url":"https:\/\/piscinasdelsur.com.ar\/newWeb\/?product=pastillas-triple-accion","name":"Pastillas triple acci\u00f3n - Piscinas del Sur","isPartOf":{"@id":"https:\/\/piscinasdelsur.com.ar\/newWeb\/#website"},"primaryImageOfPage":{"@id":"https:\/\/piscinasdelsur.com.ar\/newWeb\/?product=pastillas-triple-accion#primaryimage"},"image":{"@id":"https:\/\/piscinasdelsur.com.ar\/newWeb\/?product=pastillas-triple-accion#primaryimage"},"thumbnailUrl":"https:\/\/piscinasdelsur.com.ar\/newWeb\/wp-content\/uploads\/2022\/08\/Mi-proyecto-1-1.png","datePublished":"2022-08-18T20:44:11+00:00","dateModified":"2022-08-18T21:05:59+00:00","description":"Pastillas triple acci\u00f3n de disoluci\u00f3n lenta: contienen cloro, alguicida y clarificador. Pesan 200 gramos cada una.","breadcrumb":{"@id":"https:\/\/piscinasdelsur.com.ar\/newWeb\/?product=pastillas-triple-accion#breadcrumb"},"inLanguage":"es-AR","potentialAction":[{"@type":"ReadAction","target":["https:\/\/piscinasdelsur.com.ar\/newWeb\/?product=pastillas-triple-accion"]}]},{"@type":"ImageObject","inLanguage":"es-AR","@id":"https:\/\/piscinasdelsur.com.ar\/newWeb\/?product=pastillas-triple-accion#primaryimage","url":"https:\/\/piscinasdelsur.com.ar\/newWeb\/wp-content\/uploads\/2022\/08\/Mi-proyecto-1-1.png","contentUrl":"https:\/\/piscinasdelsur.com.ar\/newWeb\/wp-content\/uploads\/2022\/08\/Mi-proyecto-1-1.png","width":905,"height":1017},{"@type":"BreadcrumbList","@id":"https:\/\/piscinasdelsur.com.ar\/newWeb\/?product=pastillas-triple-accion#breadcrumb","itemListElement":[{"@type":"ListItem","position":1,"name":"Inicio","item":"https:\/\/piscinasdelsur.com.ar\/newWeb\/"},{"@type":"ListItem","position":2,"name":"Shop","item":"https:\/\/piscinasdelsur.com.ar\/newWeb\/?page_id=318"},{"@type":"ListItem","position":3,"name":"Pastillas triple acci\u00f3n"}]},{"@type":"WebSite","@id":"https:\/\/piscinasdelsur.com.ar\/newWeb\/#website","url":"https:\/\/piscinasdelsur.com.ar\/newWeb\/","name":"Piscinas del Sur","description":"","publisher":{"@id":"https:\/\/piscinasdelsur.com.ar\/newWeb\/#organization"},"potentialAction":[{"@type":"SearchAction","target":{"@type":"EntryPoint","urlTemplate":"https:\/\/piscinasdelsur.com.ar\/newWeb\/?s={search_term_string}"},"query-input":{"@type":"PropertyValueSpecification","valueRequired":true,"valueName":"search_term_string"}}],"inLanguage":"es-AR"},{"@type":"Organization","@id":"https:\/\/piscinasdelsur.com.ar\/newWeb\/#organization","name":"Piscinas del Sur","url":"https:\/\/piscinasdelsur.com.ar\/newWeb\/","logo":{"@type":"ImageObject","inLanguage":"es-AR","@id":"https:\/\/piscinasdelsur.com.ar\/newWeb\/#\/schema\/logo\/image\/","url":"https:\/\/piscinasdelsur.com.ar\/newWeb\/wp-content\/uploads\/2017\/12\/cropped-LOGO-PISCINAS-DEL-SUR1.png","contentUrl":"https:\/\/piscinasdelsur.com.ar\/newWeb\/wp-content\/uploads\/2017\/12\/cropped-LOGO-PISCINAS-DEL-SUR1.png","width":350,"height":152,"caption":"Piscinas del Sur"},"image":{"@id":"https:\/\/piscinasdelsur.com.ar\/newWeb\/#\/schema\/logo\/image\/"}}]}},"_links":{"self":[{"href":"https:\/\/piscinasdelsur.com.ar\/newWeb\/index.php?rest_route=\/wp\/v2\/product\/2623","targetHints":{"allow":["GET"]}}],"collection":[{"href":"https:\/\/piscinasdelsur.com.ar\/newWeb\/index.php?rest_route=\/wp\/v2\/product"}],"about":[{"href":"https:\/\/piscinasdelsur.com.ar\/newWeb\/index.php?rest_route=\/wp\/v2\/types\/product"}],"version-history":[{"count":0,"href":"https:\/\/piscinasdelsur.com.ar\/newWeb\/index.php?rest_route=\/wp\/v2\/product\/2623\/revisions"}],"wp:featuredmedia":[{"embeddable":true,"href":"https:\/\/piscinasdelsur.com.ar\/newWeb\/index.php?rest_route=\/wp\/v2\/media\/2627"}],"wp:attachment":[{"href":"https:\/\/piscinasdelsur.com.ar\/newWeb\/index.php?rest_route=%2Fwp%2Fv2%2Fmedia&parent=2623"}],"wp:term":[{"taxonomy":"product_brand","embeddable":true,"href":"https:\/\/piscinasdelsur.com.ar\/newWeb\/index.php?rest_route=%2Fwp%2Fv2%2Fproduct_brand&post=2623"},{"taxonomy":"product_cat","embeddable":true,"href":"https:\/\/piscinasdelsur.com.ar\/newWeb\/index.php?rest_route=%2Fwp%2Fv2%2Fproduct_cat&post=2623"},{"taxonomy":"product_tag","embeddable":true,"href":"https:\/\/piscinasdelsur.com.ar\/newWeb\/index.php?rest_route=%2Fwp%2Fv2%2Fproduct_tag&post=2623"}],"curies":[{"name":"wp","href":"https:\/\/api.w.org\/{rel}","templated":true}]}}