{"id":2340,"date":"2021-06-02T17:57:52","date_gmt":"2021-06-02T20:57:52","guid":{"rendered":"https:\/\/piscinasdelsur.com.ar\/newWeb\/?post_type=product&#038;p=2340"},"modified":"2021-06-10T18:59:46","modified_gmt":"2021-06-10T21:59:46","slug":"filtro-para-piscinas-vc-30-vulcano","status":"publish","type":"product","link":"https:\/\/piscinasdelsur.com.ar\/newWeb\/?product=filtro-para-piscinas-vc-30-vulcano","title":{"rendered":"Filtro VC-30 Vulcano"},"content":{"rendered":"<p>FILTRO VC-30<\/p>\n<p><img fetchpriority=\"high\" decoding=\"async\" class=\"alignnone wp-image-2344\" src=\"https:\/\/piscinasdelsur.com.ar\/newWeb\/wp-content\/uploads\/2021\/06\/despiece-vc30-300x256.jpg\" alt=\"\" width=\"493\" height=\"421\" srcset=\"https:\/\/piscinasdelsur.com.ar\/newWeb\/wp-content\/uploads\/2021\/06\/despiece-vc30-300x256.jpg 300w, https:\/\/piscinasdelsur.com.ar\/newWeb\/wp-content\/uploads\/2021\/06\/despiece-vc30-768x655.jpg 768w, https:\/\/piscinasdelsur.com.ar\/newWeb\/wp-content\/uploads\/2021\/06\/despiece-vc30-600x512.jpg 600w, https:\/\/piscinasdelsur.com.ar\/newWeb\/wp-content\/uploads\/2021\/06\/despiece-vc30.jpg 938w\" sizes=\"(max-width: 493px) 100vw, 493px\" \/><\/p>\n<table class=\"table table-striped\" style=\"height: 180px\" width=\"712\">\n<thead>\n<tr>\n<th class=\"a-center\">N\u00b0<\/th>\n<th>Descripci\u00f3n<\/th>\n<th>C\u00f3digo<\/th>\n<th class=\"a-center\">N\u00b0<\/th>\n<th>Descripci\u00f3n<\/th>\n<th>C\u00f3digo<\/th>\n<\/tr>\n<\/thead>\n<tbody>\n<tr class=\"odd\">\n<td class=\"a-center\">1<\/td>\n<td><a href=\"https:\/\/www.vulcano-sa.com\/ar\/multivalvula-6-vias-de-1-1-2-c-uniones-1498\/\">Multiv\u00e1lvula 6 v\u00edas de 1 1\/2&#8243; con uniones<\/a><\/td>\n<td>13591C<\/td>\n<td class=\"a-center\">5<\/td>\n<td><a href=\"https:\/\/www.vulcano-sa.com\/ar\/clamp-plastico\/\">Clamp pl\u00e1stico<\/a><\/td>\n<td>131900<\/td>\n<\/tr>\n<tr class=\"\">\n<td class=\"a-center\">2<\/td>\n<td><a href=\"https:\/\/www.vulcano-sa.com\/ar\/o-ring\/\">O&#8217;Ring<\/a><\/td>\n<td>233006<\/td>\n<td class=\"a-center\">6<\/td>\n<td><a href=\"https:\/\/www.vulcano-sa.com\/ar\/tubo-colector-vc-30\/\">Tubo colector VC-30<\/a><\/td>\n<td>23331B<\/td>\n<\/tr>\n<tr class=\"\">\n<td class=\"a-center\">3<\/td>\n<td><a href=\"https:\/\/www.vulcano-sa.com\/ar\/cupla-de-conexion\/\">Cupla de conexi\u00f3n<\/a><\/td>\n<td>233032<\/td>\n<td class=\"a-center\">7<\/td>\n<td><a href=\"https:\/\/www.vulcano-sa.com\/ar\/colector-para-filtro-vc-20-vc-50\/\">Colector para filtro VC-20 \/ VC-50<\/a><\/td>\n<td>130500<\/td>\n<\/tr>\n<tr class=\"\">\n<td class=\"a-center\">4<\/td>\n<td><a href=\"https:\/\/www.vulcano-sa.com\/ar\/cjto-tornillo-aisi-1-4-x-13-4\/\">Cjto. Tornillo AISI 1\/4 x 13\/4&#8243;<\/a><\/td>\n<td>233033<\/td>\n<td class=\"a-center\">8<\/td>\n<td><a href=\"https:\/\/www.vulcano-sa.com\/ar\/picos-difusores-vc-30\/\">Picos difusores VC-30<\/a><\/td>\n<td>137200<\/td>\n<\/tr>\n<\/tbody>\n<\/table>\n","protected":false},"excerpt":{"rendered":"<p class=\"p1\"><span class=\"s1\">C\u00f3digo: 139911<\/span><\/p>\n<p class=\"p2\"><span class=\"s1\">DESCRIPCI\u00d3N<\/span><\/p>\n<p class=\"p3\">Filtro soplado VC-30 Vulcano de \u00f8 425mm, para piletas de hasta 50m\u00b3, con multiv\u00e1lvula selectora de 6 v\u00edas con las funciones de filtrado, retrolavado, desagote, enjuague, centrifugado y cerrado. Fabricados en una sola pieza y con materiales de alta resistencia a la corrosi\u00f3n, \u00e9stos equipos de filtrado garantizan una larga vida \u00fatil de \u00f3ptimo funcionamiento.<\/p>\n<p class=\"p1\">\n","protected":false},"featured_media":2346,"template":"","meta":{"_monsterinsights_skip_tracking":false,"_monsterinsights_sitenote_active":false,"_monsterinsights_sitenote_note":"","_monsterinsights_sitenote_category":0},"product_brand":[],"product_cat":[27],"product_tag":[95,432,426,428,430],"class_list":{"0":"post-2340","1":"product","2":"type-product","3":"status-publish","4":"has-post-thumbnail","6":"product_cat-residenciales","7":"product_tag-filtro","8":"product_tag-filtro-para-piscina","9":"product_tag-filtro-vc-30","10":"product_tag-vc-30","11":"product_tag-vc30","13":"first","14":"instock","15":"sold-individually","16":"shipping-taxable","17":"product-type-simple"},"yoast_head":"<!-- This site is optimized with the Yoast SEO plugin v27.3 - https:\/\/yoast.com\/product\/yoast-seo-wordpress\/ -->\n<title>Filtro VC-30 Vulcano - Piscinas del Sur<\/title>\n<meta name=\"description\" content=\"Filtro soplado VC-30 Vulcano, para piletas de hasta 50m\u00b3, con multiv\u00e1lvula selectora de 6 v\u00edas con las funciones de filtrado.\" \/>\n<meta name=\"robots\" content=\"index, follow, max-snippet:-1, max-image-preview:large, max-video-preview:-1\" \/>\n<link rel=\"canonical\" href=\"https:\/\/piscinasdelsur.com.ar\/newWeb\/?product=filtro-para-piscinas-vc-30-vulcano\" \/>\n<meta property=\"og:locale\" content=\"es_ES\" \/>\n<meta property=\"og:type\" content=\"article\" \/>\n<meta property=\"og:title\" content=\"Filtro VC-30 Vulcano - Piscinas del Sur\" \/>\n<meta property=\"og:description\" content=\"Filtro soplado VC-30 Vulcano, para piletas de hasta 50m\u00b3, con multiv\u00e1lvula selectora de 6 v\u00edas con las funciones de filtrado.\" \/>\n<meta property=\"og:url\" content=\"https:\/\/piscinasdelsur.com.ar\/newWeb\/?product=filtro-para-piscinas-vc-30-vulcano\" \/>\n<meta property=\"og:site_name\" content=\"Piscinas del Sur\" \/>\n<meta property=\"article:modified_time\" content=\"2021-06-10T21:59:46+00:00\" \/>\n<meta property=\"og:image\" content=\"https:\/\/piscinasdelsur.com.ar\/newWeb\/wp-content\/uploads\/2021\/06\/filtro-vc30.jpg\" \/>\n\t<meta property=\"og:image:width\" content=\"362\" \/>\n\t<meta property=\"og:image:height\" content=\"489\" \/>\n\t<meta property=\"og:image:type\" content=\"image\/jpeg\" \/>\n<meta name=\"twitter:card\" content=\"summary_large_image\" \/>\n<script type=\"application\/ld+json\" class=\"yoast-schema-graph\">{\"@context\":\"https:\\\/\\\/schema.org\",\"@graph\":[{\"@type\":\"WebPage\",\"@id\":\"https:\\\/\\\/piscinasdelsur.com.ar\\\/newWeb\\\/?product=filtro-para-piscinas-vc-30-vulcano\",\"url\":\"https:\\\/\\\/piscinasdelsur.com.ar\\\/newWeb\\\/?product=filtro-para-piscinas-vc-30-vulcano\",\"name\":\"Filtro VC-30 Vulcano - Piscinas del Sur\",\"isPartOf\":{\"@id\":\"https:\\\/\\\/piscinasdelsur.com.ar\\\/newWeb\\\/#website\"},\"primaryImageOfPage\":{\"@id\":\"https:\\\/\\\/piscinasdelsur.com.ar\\\/newWeb\\\/?product=filtro-para-piscinas-vc-30-vulcano#primaryimage\"},\"image\":{\"@id\":\"https:\\\/\\\/piscinasdelsur.com.ar\\\/newWeb\\\/?product=filtro-para-piscinas-vc-30-vulcano#primaryimage\"},\"thumbnailUrl\":\"https:\\\/\\\/piscinasdelsur.com.ar\\\/newWeb\\\/wp-content\\\/uploads\\\/2021\\\/06\\\/filtro-vc30.jpg\",\"datePublished\":\"2021-06-02T20:57:52+00:00\",\"dateModified\":\"2021-06-10T21:59:46+00:00\",\"description\":\"Filtro soplado VC-30 Vulcano, para piletas de hasta 50m\u00b3, con multiv\u00e1lvula selectora de 6 v\u00edas con las funciones de filtrado.\",\"breadcrumb\":{\"@id\":\"https:\\\/\\\/piscinasdelsur.com.ar\\\/newWeb\\\/?product=filtro-para-piscinas-vc-30-vulcano#breadcrumb\"},\"inLanguage\":\"es-AR\",\"potentialAction\":[{\"@type\":\"ReadAction\",\"target\":[\"https:\\\/\\\/piscinasdelsur.com.ar\\\/newWeb\\\/?product=filtro-para-piscinas-vc-30-vulcano\"]}]},{\"@type\":\"ImageObject\",\"inLanguage\":\"es-AR\",\"@id\":\"https:\\\/\\\/piscinasdelsur.com.ar\\\/newWeb\\\/?product=filtro-para-piscinas-vc-30-vulcano#primaryimage\",\"url\":\"https:\\\/\\\/piscinasdelsur.com.ar\\\/newWeb\\\/wp-content\\\/uploads\\\/2021\\\/06\\\/filtro-vc30.jpg\",\"contentUrl\":\"https:\\\/\\\/piscinasdelsur.com.ar\\\/newWeb\\\/wp-content\\\/uploads\\\/2021\\\/06\\\/filtro-vc30.jpg\",\"width\":362,\"height\":489},{\"@type\":\"BreadcrumbList\",\"@id\":\"https:\\\/\\\/piscinasdelsur.com.ar\\\/newWeb\\\/?product=filtro-para-piscinas-vc-30-vulcano#breadcrumb\",\"itemListElement\":[{\"@type\":\"ListItem\",\"position\":1,\"name\":\"Inicio\",\"item\":\"https:\\\/\\\/piscinasdelsur.com.ar\\\/newWeb\\\/\"},{\"@type\":\"ListItem\",\"position\":2,\"name\":\"Shop\",\"item\":\"https:\\\/\\\/piscinasdelsur.com.ar\\\/newWeb\\\/?page_id=318\"},{\"@type\":\"ListItem\",\"position\":3,\"name\":\"Filtro VC-30 Vulcano\"}]},{\"@type\":\"WebSite\",\"@id\":\"https:\\\/\\\/piscinasdelsur.com.ar\\\/newWeb\\\/#website\",\"url\":\"https:\\\/\\\/piscinasdelsur.com.ar\\\/newWeb\\\/\",\"name\":\"Piscinas del Sur\",\"description\":\"\",\"publisher\":{\"@id\":\"https:\\\/\\\/piscinasdelsur.com.ar\\\/newWeb\\\/#organization\"},\"potentialAction\":[{\"@type\":\"SearchAction\",\"target\":{\"@type\":\"EntryPoint\",\"urlTemplate\":\"https:\\\/\\\/piscinasdelsur.com.ar\\\/newWeb\\\/?s={search_term_string}\"},\"query-input\":{\"@type\":\"PropertyValueSpecification\",\"valueRequired\":true,\"valueName\":\"search_term_string\"}}],\"inLanguage\":\"es-AR\"},{\"@type\":\"Organization\",\"@id\":\"https:\\\/\\\/piscinasdelsur.com.ar\\\/newWeb\\\/#organization\",\"name\":\"Piscinas del Sur\",\"url\":\"https:\\\/\\\/piscinasdelsur.com.ar\\\/newWeb\\\/\",\"logo\":{\"@type\":\"ImageObject\",\"inLanguage\":\"es-AR\",\"@id\":\"https:\\\/\\\/piscinasdelsur.com.ar\\\/newWeb\\\/#\\\/schema\\\/logo\\\/image\\\/\",\"url\":\"https:\\\/\\\/piscinasdelsur.com.ar\\\/newWeb\\\/wp-content\\\/uploads\\\/2017\\\/12\\\/cropped-LOGO-PISCINAS-DEL-SUR1.png\",\"contentUrl\":\"https:\\\/\\\/piscinasdelsur.com.ar\\\/newWeb\\\/wp-content\\\/uploads\\\/2017\\\/12\\\/cropped-LOGO-PISCINAS-DEL-SUR1.png\",\"width\":350,\"height\":152,\"caption\":\"Piscinas del Sur\"},\"image\":{\"@id\":\"https:\\\/\\\/piscinasdelsur.com.ar\\\/newWeb\\\/#\\\/schema\\\/logo\\\/image\\\/\"}}]}<\/script>\n<!-- \/ Yoast SEO plugin. -->","yoast_head_json":{"title":"Filtro VC-30 Vulcano - Piscinas del Sur","description":"Filtro soplado VC-30 Vulcano, para piletas de hasta 50m\u00b3, con multiv\u00e1lvula selectora de 6 v\u00edas con las funciones de filtrado.","robots":{"index":"index","follow":"follow","max-snippet":"max-snippet:-1","max-image-preview":"max-image-preview:large","max-video-preview":"max-video-preview:-1"},"canonical":"https:\/\/piscinasdelsur.com.ar\/newWeb\/?product=filtro-para-piscinas-vc-30-vulcano","og_locale":"es_ES","og_type":"article","og_title":"Filtro VC-30 Vulcano - Piscinas del Sur","og_description":"Filtro soplado VC-30 Vulcano, para piletas de hasta 50m\u00b3, con multiv\u00e1lvula selectora de 6 v\u00edas con las funciones de filtrado.","og_url":"https:\/\/piscinasdelsur.com.ar\/newWeb\/?product=filtro-para-piscinas-vc-30-vulcano","og_site_name":"Piscinas del Sur","article_modified_time":"2021-06-10T21:59:46+00:00","og_image":[{"width":362,"height":489,"url":"https:\/\/piscinasdelsur.com.ar\/newWeb\/wp-content\/uploads\/2021\/06\/filtro-vc30.jpg","type":"image\/jpeg"}],"twitter_card":"summary_large_image","schema":{"@context":"https:\/\/schema.org","@graph":[{"@type":"WebPage","@id":"https:\/\/piscinasdelsur.com.ar\/newWeb\/?product=filtro-para-piscinas-vc-30-vulcano","url":"https:\/\/piscinasdelsur.com.ar\/newWeb\/?product=filtro-para-piscinas-vc-30-vulcano","name":"Filtro VC-30 Vulcano - Piscinas del Sur","isPartOf":{"@id":"https:\/\/piscinasdelsur.com.ar\/newWeb\/#website"},"primaryImageOfPage":{"@id":"https:\/\/piscinasdelsur.com.ar\/newWeb\/?product=filtro-para-piscinas-vc-30-vulcano#primaryimage"},"image":{"@id":"https:\/\/piscinasdelsur.com.ar\/newWeb\/?product=filtro-para-piscinas-vc-30-vulcano#primaryimage"},"thumbnailUrl":"https:\/\/piscinasdelsur.com.ar\/newWeb\/wp-content\/uploads\/2021\/06\/filtro-vc30.jpg","datePublished":"2021-06-02T20:57:52+00:00","dateModified":"2021-06-10T21:59:46+00:00","description":"Filtro soplado VC-30 Vulcano, para piletas de hasta 50m\u00b3, con multiv\u00e1lvula selectora de 6 v\u00edas con las funciones de filtrado.","breadcrumb":{"@id":"https:\/\/piscinasdelsur.com.ar\/newWeb\/?product=filtro-para-piscinas-vc-30-vulcano#breadcrumb"},"inLanguage":"es-AR","potentialAction":[{"@type":"ReadAction","target":["https:\/\/piscinasdelsur.com.ar\/newWeb\/?product=filtro-para-piscinas-vc-30-vulcano"]}]},{"@type":"ImageObject","inLanguage":"es-AR","@id":"https:\/\/piscinasdelsur.com.ar\/newWeb\/?product=filtro-para-piscinas-vc-30-vulcano#primaryimage","url":"https:\/\/piscinasdelsur.com.ar\/newWeb\/wp-content\/uploads\/2021\/06\/filtro-vc30.jpg","contentUrl":"https:\/\/piscinasdelsur.com.ar\/newWeb\/wp-content\/uploads\/2021\/06\/filtro-vc30.jpg","width":362,"height":489},{"@type":"BreadcrumbList","@id":"https:\/\/piscinasdelsur.com.ar\/newWeb\/?product=filtro-para-piscinas-vc-30-vulcano#breadcrumb","itemListElement":[{"@type":"ListItem","position":1,"name":"Inicio","item":"https:\/\/piscinasdelsur.com.ar\/newWeb\/"},{"@type":"ListItem","position":2,"name":"Shop","item":"https:\/\/piscinasdelsur.com.ar\/newWeb\/?page_id=318"},{"@type":"ListItem","position":3,"name":"Filtro VC-30 Vulcano"}]},{"@type":"WebSite","@id":"https:\/\/piscinasdelsur.com.ar\/newWeb\/#website","url":"https:\/\/piscinasdelsur.com.ar\/newWeb\/","name":"Piscinas del Sur","description":"","publisher":{"@id":"https:\/\/piscinasdelsur.com.ar\/newWeb\/#organization"},"potentialAction":[{"@type":"SearchAction","target":{"@type":"EntryPoint","urlTemplate":"https:\/\/piscinasdelsur.com.ar\/newWeb\/?s={search_term_string}"},"query-input":{"@type":"PropertyValueSpecification","valueRequired":true,"valueName":"search_term_string"}}],"inLanguage":"es-AR"},{"@type":"Organization","@id":"https:\/\/piscinasdelsur.com.ar\/newWeb\/#organization","name":"Piscinas del Sur","url":"https:\/\/piscinasdelsur.com.ar\/newWeb\/","logo":{"@type":"ImageObject","inLanguage":"es-AR","@id":"https:\/\/piscinasdelsur.com.ar\/newWeb\/#\/schema\/logo\/image\/","url":"https:\/\/piscinasdelsur.com.ar\/newWeb\/wp-content\/uploads\/2017\/12\/cropped-LOGO-PISCINAS-DEL-SUR1.png","contentUrl":"https:\/\/piscinasdelsur.com.ar\/newWeb\/wp-content\/uploads\/2017\/12\/cropped-LOGO-PISCINAS-DEL-SUR1.png","width":350,"height":152,"caption":"Piscinas del Sur"},"image":{"@id":"https:\/\/piscinasdelsur.com.ar\/newWeb\/#\/schema\/logo\/image\/"}}]}},"_links":{"self":[{"href":"https:\/\/piscinasdelsur.com.ar\/newWeb\/index.php?rest_route=\/wp\/v2\/product\/2340","targetHints":{"allow":["GET"]}}],"collection":[{"href":"https:\/\/piscinasdelsur.com.ar\/newWeb\/index.php?rest_route=\/wp\/v2\/product"}],"about":[{"href":"https:\/\/piscinasdelsur.com.ar\/newWeb\/index.php?rest_route=\/wp\/v2\/types\/product"}],"version-history":[{"count":0,"href":"https:\/\/piscinasdelsur.com.ar\/newWeb\/index.php?rest_route=\/wp\/v2\/product\/2340\/revisions"}],"wp:featuredmedia":[{"embeddable":true,"href":"https:\/\/piscinasdelsur.com.ar\/newWeb\/index.php?rest_route=\/wp\/v2\/media\/2346"}],"wp:attachment":[{"href":"https:\/\/piscinasdelsur.com.ar\/newWeb\/index.php?rest_route=%2Fwp%2Fv2%2Fmedia&parent=2340"}],"wp:term":[{"taxonomy":"product_brand","embeddable":true,"href":"https:\/\/piscinasdelsur.com.ar\/newWeb\/index.php?rest_route=%2Fwp%2Fv2%2Fproduct_brand&post=2340"},{"taxonomy":"product_cat","embeddable":true,"href":"https:\/\/piscinasdelsur.com.ar\/newWeb\/index.php?rest_route=%2Fwp%2Fv2%2Fproduct_cat&post=2340"},{"taxonomy":"product_tag","embeddable":true,"href":"https:\/\/piscinasdelsur.com.ar\/newWeb\/index.php?rest_route=%2Fwp%2Fv2%2Fproduct_tag&post=2340"}],"curies":[{"name":"wp","href":"https:\/\/api.w.org\/{rel}","templated":true}]}}