{"id":2332,"date":"2021-06-02T17:43:28","date_gmt":"2021-06-02T20:43:28","guid":{"rendered":"https:\/\/piscinasdelsur.com.ar\/newWeb\/?post_type=product&#038;p=2332"},"modified":"2021-08-09T16:27:25","modified_gmt":"2021-08-09T19:27:25","slug":"bomba-autocebante-bae-100","status":"publish","type":"product","link":"https:\/\/piscinasdelsur.com.ar\/newWeb\/?product=bomba-autocebante-bae-100","title":{"rendered":"Bomba autocebante BAE 100"},"content":{"rendered":"<p>Bomba autocebante Vulcano BAE 100<\/p>\n<p><img fetchpriority=\"high\" decoding=\"async\" class=\"alignnone wp-image-2334\" src=\"https:\/\/piscinasdelsur.com.ar\/newWeb\/wp-content\/uploads\/2021\/06\/curva-bae100-300x288.jpg\" alt=\"\" width=\"555\" height=\"533\" srcset=\"https:\/\/piscinasdelsur.com.ar\/newWeb\/wp-content\/uploads\/2021\/06\/curva-bae100-300x288.jpg 300w, https:\/\/piscinasdelsur.com.ar\/newWeb\/wp-content\/uploads\/2021\/06\/curva-bae100-768x737.jpg 768w, https:\/\/piscinasdelsur.com.ar\/newWeb\/wp-content\/uploads\/2021\/06\/curva-bae100-600x576.jpg 600w, https:\/\/piscinasdelsur.com.ar\/newWeb\/wp-content\/uploads\/2021\/06\/curva-bae100.jpg 938w\" sizes=\"(max-width: 555px) 100vw, 555px\" \/><img decoding=\"async\" class=\"alignnone wp-image-2336 lazyload\" data-src=\"https:\/\/piscinasdelsur.com.ar\/newWeb\/wp-content\/uploads\/2021\/06\/despiece-bae-100-300x224.jpg\" alt=\"\" width=\"495\" height=\"370\" data-srcset=\"https:\/\/piscinasdelsur.com.ar\/newWeb\/wp-content\/uploads\/2021\/06\/despiece-bae-100-300x224.jpg 300w, https:\/\/piscinasdelsur.com.ar\/newWeb\/wp-content\/uploads\/2021\/06\/despiece-bae-100-768x573.jpg 768w, https:\/\/piscinasdelsur.com.ar\/newWeb\/wp-content\/uploads\/2021\/06\/despiece-bae-100-600x448.jpg 600w, https:\/\/piscinasdelsur.com.ar\/newWeb\/wp-content\/uploads\/2021\/06\/despiece-bae-100.jpg 938w\" data-sizes=\"(max-width: 495px) 100vw, 495px\" src=\"data:image\/svg+xml;base64,PHN2ZyB3aWR0aD0iMSIgaGVpZ2h0PSIxIiB4bWxucz0iaHR0cDovL3d3dy53My5vcmcvMjAwMC9zdmciPjwvc3ZnPg==\" style=\"--smush-placeholder-width: 495px; --smush-placeholder-aspect-ratio: 495\/370;\" \/><\/p>\n<p><strong>Despiece de Bomba autocebante BAE 100<\/strong><\/p>\n<p>1 . Tuerca para tapa visora BAE \/ BAF\u00a0 &#8211; C\u00f3digo 239040<\/p>\n<p>2. Tapa visora &#8211; C\u00f3digo 239037<\/p>\n<p>3. Junta de goma para tapa visora BAE \/ BAF &#8211; C\u00f3digo 239041<\/p>\n<p>4. Canasto BAE 5L\u00a0 &#8211; C\u00f3digo 23936A<\/p>\n<p>5. Tuerca superior 1 1\/2&#8243; &#8211; C\u00f3digo 239066<\/p>\n<p>6. Buje H \u00f8 50 para pegar &#8211; C\u00f3digo 239064<\/p>\n<p>7. Buje H 1 1\/2&#8243; para roscar &#8211; C\u00f3digo 239065<\/p>\n<p>8. O&#8217;Ring para buje &#8211; C\u00f3digo 239007<\/p>\n<p>9. Cuerpo BAE \/ BAF 5L &#8211; C\u00f3digo 23931A<\/p>\n<p>10. Tap\u00f3n de drenaje con O&#8217;Ring &#8211; C\u00f3digo 239029<\/p>\n<p>11. O&#8217;Ring para tap\u00f3n drenaje &#8211; C\u00f3digo 239056<\/p>\n<p>12. O&#8217;Ring para uniones doble &#8211; C\u00f3digo 239015<\/p>\n<p>13. Impulsor BAE \/ BAT \/ BAP 0.75HP &#8211; C\u00f3digo 23900C<\/p>\n<p>14. Sello mec\u00e1nico con pista cer\u00e1mica &#8211; C\u00f3digo 239009<\/p>\n<p>15. O&#8217;Ring para cuerpo intermedio &#8211; C\u00f3digo 239006<\/p>\n<p>16. Cuerpo intermedio BAE \/ BAP \/ BAF \/ BAD 5L &#8211; C\u00f3digo 23932A<\/p>\n<p>17. Arandela rompegota &#8211; C\u00f3digo 239008<\/p>\n<p>18. Motor 0.75 HP &#8211; Monof\u00e1sico &#8211; C\u00f3digo 106259<\/p>\n<p>19. Tornillo 3\/8 x 1 1\/4&#8243; &#8211; C\u00f3digo 239051<\/p>\n<p class=\"p2\">\n","protected":false},"excerpt":{"rendered":"<p class=\"p1\"><span class=\"s1\">C\u00f3digo: 106014<\/span><\/p>\n<p class=\"p2\"><span class=\"s1\">DESCRIPCI\u00d3N\u00a0<\/span><\/p>\n<p class=\"p3\">Bomba autocebante BAE 100 Vulcano de 1 HP de potencia y tensi\u00f3n monof\u00e1sica de 220V-50HZ. Con cuerpo autocebante reforzado y prefiltro incorporado, conexiones con uniones dobles; con bujes de rosca hembra 1 \u00bd\u201d para ca\u00f1os de polipropileno y lisos de \u00d8 50 para pegar ca\u00f1os de PVC. Su impecable desempe\u00f1o, optimiza la circulaci\u00f3n de agua convirti\u00e9ndola en una excelente opci\u00f3n para su pileta.<\/p>\n<p class=\"p1\">\n","protected":false},"featured_media":402,"template":"","meta":{"_monsterinsights_skip_tracking":false,"_monsterinsights_sitenote_active":false,"_monsterinsights_sitenote_note":"","_monsterinsights_sitenote_category":0},"product_brand":[],"product_cat":[21],"product_tag":[424,422,386,388,235],"class_list":{"0":"post-2332","1":"product","2":"type-product","3":"status-publish","4":"has-post-thumbnail","6":"product_cat-autocebantes","7":"product_tag-1hp","8":"product_tag-bae100","9":"product_tag-bomba","10":"product_tag-electrobomba","11":"product_tag-vulcano","13":"first","14":"instock","15":"sold-individually","16":"shipping-taxable","17":"product-type-simple"},"yoast_head":"<!-- This site is optimized with the Yoast SEO plugin v27.4 - https:\/\/yoast.com\/product\/yoast-seo-wordpress\/ -->\n<title>Bomba autocebante BAE 100 - Piscinas del Sur<\/title>\n<meta name=\"description\" content=\"Bomba autocebante BAE 100 Vulcano de 1 HP de potencia y tensi\u00f3n monof\u00e1sica de 220V-50HZ. Con cuerpo autocebante reforzado y prefiltro incorporado.\" \/>\n<meta name=\"robots\" content=\"index, follow, max-snippet:-1, max-image-preview:large, max-video-preview:-1\" \/>\n<link rel=\"canonical\" href=\"https:\/\/piscinasdelsur.com.ar\/newWeb\/?product=bomba-autocebante-bae-100\" \/>\n<meta property=\"og:locale\" content=\"es_ES\" \/>\n<meta property=\"og:type\" content=\"article\" \/>\n<meta property=\"og:title\" content=\"Bomba autocebante BAE 100 - Piscinas del Sur\" \/>\n<meta property=\"og:description\" content=\"Bomba autocebante BAE 100 Vulcano de 1 HP de potencia y tensi\u00f3n monof\u00e1sica de 220V-50HZ. Con cuerpo autocebante reforzado y prefiltro incorporado.\" \/>\n<meta property=\"og:url\" content=\"https:\/\/piscinasdelsur.com.ar\/newWeb\/?product=bomba-autocebante-bae-100\" \/>\n<meta property=\"og:site_name\" content=\"Piscinas del Sur\" \/>\n<meta property=\"article:modified_time\" content=\"2021-08-09T19:27:25+00:00\" \/>\n<meta property=\"og:image\" content=\"https:\/\/piscinasdelsur.com.ar\/newWeb\/wp-content\/uploads\/2017\/12\/106009_1_10.jpg\" \/>\n\t<meta property=\"og:image:width\" content=\"767\" \/>\n\t<meta property=\"og:image:height\" content=\"767\" \/>\n\t<meta property=\"og:image:type\" content=\"image\/jpeg\" \/>\n<meta name=\"twitter:card\" content=\"summary_large_image\" \/>\n<meta name=\"twitter:label1\" content=\"Tiempo de lectura\" \/>\n\t<meta name=\"twitter:data1\" content=\"1 minuto\" \/>\n<script type=\"application\/ld+json\" class=\"yoast-schema-graph\">{\"@context\":\"https:\\\/\\\/schema.org\",\"@graph\":[{\"@type\":\"WebPage\",\"@id\":\"https:\\\/\\\/piscinasdelsur.com.ar\\\/newWeb\\\/?product=bomba-autocebante-bae-100\",\"url\":\"https:\\\/\\\/piscinasdelsur.com.ar\\\/newWeb\\\/?product=bomba-autocebante-bae-100\",\"name\":\"Bomba autocebante BAE 100 - Piscinas del Sur\",\"isPartOf\":{\"@id\":\"https:\\\/\\\/piscinasdelsur.com.ar\\\/newWeb\\\/#website\"},\"primaryImageOfPage\":{\"@id\":\"https:\\\/\\\/piscinasdelsur.com.ar\\\/newWeb\\\/?product=bomba-autocebante-bae-100#primaryimage\"},\"image\":{\"@id\":\"https:\\\/\\\/piscinasdelsur.com.ar\\\/newWeb\\\/?product=bomba-autocebante-bae-100#primaryimage\"},\"thumbnailUrl\":\"https:\\\/\\\/piscinasdelsur.com.ar\\\/newWeb\\\/wp-content\\\/uploads\\\/2017\\\/12\\\/106009_1_10.jpg\",\"datePublished\":\"2021-06-02T20:43:28+00:00\",\"dateModified\":\"2021-08-09T19:27:25+00:00\",\"description\":\"Bomba autocebante BAE 100 Vulcano de 1 HP de potencia y tensi\u00f3n monof\u00e1sica de 220V-50HZ. Con cuerpo autocebante reforzado y prefiltro incorporado.\",\"breadcrumb\":{\"@id\":\"https:\\\/\\\/piscinasdelsur.com.ar\\\/newWeb\\\/?product=bomba-autocebante-bae-100#breadcrumb\"},\"inLanguage\":\"es-AR\",\"potentialAction\":[{\"@type\":\"ReadAction\",\"target\":[\"https:\\\/\\\/piscinasdelsur.com.ar\\\/newWeb\\\/?product=bomba-autocebante-bae-100\"]}]},{\"@type\":\"ImageObject\",\"inLanguage\":\"es-AR\",\"@id\":\"https:\\\/\\\/piscinasdelsur.com.ar\\\/newWeb\\\/?product=bomba-autocebante-bae-100#primaryimage\",\"url\":\"https:\\\/\\\/piscinasdelsur.com.ar\\\/newWeb\\\/wp-content\\\/uploads\\\/2017\\\/12\\\/106009_1_10.jpg\",\"contentUrl\":\"https:\\\/\\\/piscinasdelsur.com.ar\\\/newWeb\\\/wp-content\\\/uploads\\\/2017\\\/12\\\/106009_1_10.jpg\",\"width\":767,\"height\":767},{\"@type\":\"BreadcrumbList\",\"@id\":\"https:\\\/\\\/piscinasdelsur.com.ar\\\/newWeb\\\/?product=bomba-autocebante-bae-100#breadcrumb\",\"itemListElement\":[{\"@type\":\"ListItem\",\"position\":1,\"name\":\"Inicio\",\"item\":\"https:\\\/\\\/piscinasdelsur.com.ar\\\/newWeb\\\/\"},{\"@type\":\"ListItem\",\"position\":2,\"name\":\"Shop\",\"item\":\"https:\\\/\\\/piscinasdelsur.com.ar\\\/newWeb\\\/?page_id=318\"},{\"@type\":\"ListItem\",\"position\":3,\"name\":\"Bomba autocebante BAE 100\"}]},{\"@type\":\"WebSite\",\"@id\":\"https:\\\/\\\/piscinasdelsur.com.ar\\\/newWeb\\\/#website\",\"url\":\"https:\\\/\\\/piscinasdelsur.com.ar\\\/newWeb\\\/\",\"name\":\"Piscinas del Sur\",\"description\":\"\",\"publisher\":{\"@id\":\"https:\\\/\\\/piscinasdelsur.com.ar\\\/newWeb\\\/#organization\"},\"potentialAction\":[{\"@type\":\"SearchAction\",\"target\":{\"@type\":\"EntryPoint\",\"urlTemplate\":\"https:\\\/\\\/piscinasdelsur.com.ar\\\/newWeb\\\/?s={search_term_string}\"},\"query-input\":{\"@type\":\"PropertyValueSpecification\",\"valueRequired\":true,\"valueName\":\"search_term_string\"}}],\"inLanguage\":\"es-AR\"},{\"@type\":\"Organization\",\"@id\":\"https:\\\/\\\/piscinasdelsur.com.ar\\\/newWeb\\\/#organization\",\"name\":\"Piscinas del Sur\",\"url\":\"https:\\\/\\\/piscinasdelsur.com.ar\\\/newWeb\\\/\",\"logo\":{\"@type\":\"ImageObject\",\"inLanguage\":\"es-AR\",\"@id\":\"https:\\\/\\\/piscinasdelsur.com.ar\\\/newWeb\\\/#\\\/schema\\\/logo\\\/image\\\/\",\"url\":\"https:\\\/\\\/piscinasdelsur.com.ar\\\/newWeb\\\/wp-content\\\/uploads\\\/2017\\\/12\\\/cropped-LOGO-PISCINAS-DEL-SUR1.png\",\"contentUrl\":\"https:\\\/\\\/piscinasdelsur.com.ar\\\/newWeb\\\/wp-content\\\/uploads\\\/2017\\\/12\\\/cropped-LOGO-PISCINAS-DEL-SUR1.png\",\"width\":350,\"height\":152,\"caption\":\"Piscinas del Sur\"},\"image\":{\"@id\":\"https:\\\/\\\/piscinasdelsur.com.ar\\\/newWeb\\\/#\\\/schema\\\/logo\\\/image\\\/\"}}]}<\/script>\n<!-- \/ Yoast SEO plugin. -->","yoast_head_json":{"title":"Bomba autocebante BAE 100 - Piscinas del Sur","description":"Bomba autocebante BAE 100 Vulcano de 1 HP de potencia y tensi\u00f3n monof\u00e1sica de 220V-50HZ. Con cuerpo autocebante reforzado y prefiltro incorporado.","robots":{"index":"index","follow":"follow","max-snippet":"max-snippet:-1","max-image-preview":"max-image-preview:large","max-video-preview":"max-video-preview:-1"},"canonical":"https:\/\/piscinasdelsur.com.ar\/newWeb\/?product=bomba-autocebante-bae-100","og_locale":"es_ES","og_type":"article","og_title":"Bomba autocebante BAE 100 - Piscinas del Sur","og_description":"Bomba autocebante BAE 100 Vulcano de 1 HP de potencia y tensi\u00f3n monof\u00e1sica de 220V-50HZ. Con cuerpo autocebante reforzado y prefiltro incorporado.","og_url":"https:\/\/piscinasdelsur.com.ar\/newWeb\/?product=bomba-autocebante-bae-100","og_site_name":"Piscinas del Sur","article_modified_time":"2021-08-09T19:27:25+00:00","og_image":[{"width":767,"height":767,"url":"https:\/\/piscinasdelsur.com.ar\/newWeb\/wp-content\/uploads\/2017\/12\/106009_1_10.jpg","type":"image\/jpeg"}],"twitter_card":"summary_large_image","twitter_misc":{"Tiempo de lectura":"1 minuto"},"schema":{"@context":"https:\/\/schema.org","@graph":[{"@type":"WebPage","@id":"https:\/\/piscinasdelsur.com.ar\/newWeb\/?product=bomba-autocebante-bae-100","url":"https:\/\/piscinasdelsur.com.ar\/newWeb\/?product=bomba-autocebante-bae-100","name":"Bomba autocebante BAE 100 - Piscinas del Sur","isPartOf":{"@id":"https:\/\/piscinasdelsur.com.ar\/newWeb\/#website"},"primaryImageOfPage":{"@id":"https:\/\/piscinasdelsur.com.ar\/newWeb\/?product=bomba-autocebante-bae-100#primaryimage"},"image":{"@id":"https:\/\/piscinasdelsur.com.ar\/newWeb\/?product=bomba-autocebante-bae-100#primaryimage"},"thumbnailUrl":"https:\/\/piscinasdelsur.com.ar\/newWeb\/wp-content\/uploads\/2017\/12\/106009_1_10.jpg","datePublished":"2021-06-02T20:43:28+00:00","dateModified":"2021-08-09T19:27:25+00:00","description":"Bomba autocebante BAE 100 Vulcano de 1 HP de potencia y tensi\u00f3n monof\u00e1sica de 220V-50HZ. Con cuerpo autocebante reforzado y prefiltro incorporado.","breadcrumb":{"@id":"https:\/\/piscinasdelsur.com.ar\/newWeb\/?product=bomba-autocebante-bae-100#breadcrumb"},"inLanguage":"es-AR","potentialAction":[{"@type":"ReadAction","target":["https:\/\/piscinasdelsur.com.ar\/newWeb\/?product=bomba-autocebante-bae-100"]}]},{"@type":"ImageObject","inLanguage":"es-AR","@id":"https:\/\/piscinasdelsur.com.ar\/newWeb\/?product=bomba-autocebante-bae-100#primaryimage","url":"https:\/\/piscinasdelsur.com.ar\/newWeb\/wp-content\/uploads\/2017\/12\/106009_1_10.jpg","contentUrl":"https:\/\/piscinasdelsur.com.ar\/newWeb\/wp-content\/uploads\/2017\/12\/106009_1_10.jpg","width":767,"height":767},{"@type":"BreadcrumbList","@id":"https:\/\/piscinasdelsur.com.ar\/newWeb\/?product=bomba-autocebante-bae-100#breadcrumb","itemListElement":[{"@type":"ListItem","position":1,"name":"Inicio","item":"https:\/\/piscinasdelsur.com.ar\/newWeb\/"},{"@type":"ListItem","position":2,"name":"Shop","item":"https:\/\/piscinasdelsur.com.ar\/newWeb\/?page_id=318"},{"@type":"ListItem","position":3,"name":"Bomba autocebante BAE 100"}]},{"@type":"WebSite","@id":"https:\/\/piscinasdelsur.com.ar\/newWeb\/#website","url":"https:\/\/piscinasdelsur.com.ar\/newWeb\/","name":"Piscinas del Sur","description":"","publisher":{"@id":"https:\/\/piscinasdelsur.com.ar\/newWeb\/#organization"},"potentialAction":[{"@type":"SearchAction","target":{"@type":"EntryPoint","urlTemplate":"https:\/\/piscinasdelsur.com.ar\/newWeb\/?s={search_term_string}"},"query-input":{"@type":"PropertyValueSpecification","valueRequired":true,"valueName":"search_term_string"}}],"inLanguage":"es-AR"},{"@type":"Organization","@id":"https:\/\/piscinasdelsur.com.ar\/newWeb\/#organization","name":"Piscinas del Sur","url":"https:\/\/piscinasdelsur.com.ar\/newWeb\/","logo":{"@type":"ImageObject","inLanguage":"es-AR","@id":"https:\/\/piscinasdelsur.com.ar\/newWeb\/#\/schema\/logo\/image\/","url":"https:\/\/piscinasdelsur.com.ar\/newWeb\/wp-content\/uploads\/2017\/12\/cropped-LOGO-PISCINAS-DEL-SUR1.png","contentUrl":"https:\/\/piscinasdelsur.com.ar\/newWeb\/wp-content\/uploads\/2017\/12\/cropped-LOGO-PISCINAS-DEL-SUR1.png","width":350,"height":152,"caption":"Piscinas del Sur"},"image":{"@id":"https:\/\/piscinasdelsur.com.ar\/newWeb\/#\/schema\/logo\/image\/"}}]}},"_links":{"self":[{"href":"https:\/\/piscinasdelsur.com.ar\/newWeb\/index.php?rest_route=\/wp\/v2\/product\/2332","targetHints":{"allow":["GET"]}}],"collection":[{"href":"https:\/\/piscinasdelsur.com.ar\/newWeb\/index.php?rest_route=\/wp\/v2\/product"}],"about":[{"href":"https:\/\/piscinasdelsur.com.ar\/newWeb\/index.php?rest_route=\/wp\/v2\/types\/product"}],"version-history":[{"count":0,"href":"https:\/\/piscinasdelsur.com.ar\/newWeb\/index.php?rest_route=\/wp\/v2\/product\/2332\/revisions"}],"wp:featuredmedia":[{"embeddable":true,"href":"https:\/\/piscinasdelsur.com.ar\/newWeb\/index.php?rest_route=\/wp\/v2\/media\/402"}],"wp:attachment":[{"href":"https:\/\/piscinasdelsur.com.ar\/newWeb\/index.php?rest_route=%2Fwp%2Fv2%2Fmedia&parent=2332"}],"wp:term":[{"taxonomy":"product_brand","embeddable":true,"href":"https:\/\/piscinasdelsur.com.ar\/newWeb\/index.php?rest_route=%2Fwp%2Fv2%2Fproduct_brand&post=2332"},{"taxonomy":"product_cat","embeddable":true,"href":"https:\/\/piscinasdelsur.com.ar\/newWeb\/index.php?rest_route=%2Fwp%2Fv2%2Fproduct_cat&post=2332"},{"taxonomy":"product_tag","embeddable":true,"href":"https:\/\/piscinasdelsur.com.ar\/newWeb\/index.php?rest_route=%2Fwp%2Fv2%2Fproduct_tag&post=2332"}],"curies":[{"name":"wp","href":"https:\/\/api.w.org\/{rel}","templated":true}]}}