{"id":2308,"date":"2021-06-02T16:33:42","date_gmt":"2021-06-02T19:33:42","guid":{"rendered":"https:\/\/piscinasdelsur.com.ar\/newWeb\/?post_type=product&#038;p=2308"},"modified":"2021-08-09T16:28:47","modified_gmt":"2021-08-09T19:28:47","slug":"bomba-autocebante-vulcano","status":"publish","type":"product","link":"https:\/\/piscinasdelsur.com.ar\/newWeb\/?product=bomba-autocebante-vulcano","title":{"rendered":"Bomba autocebante BAE 050"},"content":{"rendered":"<p>Bomba autocebante Vulcano BAE 050<\/p>\n<p>&nbsp;<\/p>\n<p><img fetchpriority=\"high\" decoding=\"async\" class=\"alignnone wp-image-2312\" src=\"https:\/\/piscinasdelsur.com.ar\/newWeb\/wp-content\/uploads\/2021\/06\/CURVA-PRESTACIONES-BOMBAS-e1622663303160-300x277.jpg\" alt=\"\" width=\"371\" height=\"342\" srcset=\"https:\/\/piscinasdelsur.com.ar\/newWeb\/wp-content\/uploads\/2021\/06\/CURVA-PRESTACIONES-BOMBAS-e1622663303160-300x277.jpg 300w, https:\/\/piscinasdelsur.com.ar\/newWeb\/wp-content\/uploads\/2021\/06\/CURVA-PRESTACIONES-BOMBAS-e1622663303160-768x708.jpg 768w, https:\/\/piscinasdelsur.com.ar\/newWeb\/wp-content\/uploads\/2021\/06\/CURVA-PRESTACIONES-BOMBAS-e1622663303160-600x553.jpg 600w, https:\/\/piscinasdelsur.com.ar\/newWeb\/wp-content\/uploads\/2021\/06\/CURVA-PRESTACIONES-BOMBAS-e1622663303160.jpg 834w\" sizes=\"(max-width: 371px) 100vw, 371px\" \/><img decoding=\"async\" class=\"alignnone wp-image-2310 lazyload\" data-src=\"https:\/\/piscinasdelsur.com.ar\/newWeb\/wp-content\/uploads\/2021\/06\/dESPIECE-BAE050-106010-300x224.jpg\" alt=\"\" width=\"388\" height=\"290\" data-srcset=\"https:\/\/piscinasdelsur.com.ar\/newWeb\/wp-content\/uploads\/2021\/06\/dESPIECE-BAE050-106010-300x224.jpg 300w, https:\/\/piscinasdelsur.com.ar\/newWeb\/wp-content\/uploads\/2021\/06\/dESPIECE-BAE050-106010-768x573.jpg 768w, https:\/\/piscinasdelsur.com.ar\/newWeb\/wp-content\/uploads\/2021\/06\/dESPIECE-BAE050-106010-600x448.jpg 600w, https:\/\/piscinasdelsur.com.ar\/newWeb\/wp-content\/uploads\/2021\/06\/dESPIECE-BAE050-106010.jpg 938w\" data-sizes=\"(max-width: 388px) 100vw, 388px\" src=\"data:image\/svg+xml;base64,PHN2ZyB3aWR0aD0iMSIgaGVpZ2h0PSIxIiB4bWxucz0iaHR0cDovL3d3dy53My5vcmcvMjAwMC9zdmciPjwvc3ZnPg==\" style=\"--smush-placeholder-width: 388px; --smush-placeholder-aspect-ratio: 388\/290;\" \/><\/p>\n<p>1 . Tuerca para tapa visora BAE \/ BAF\u00a0 &#8211; C\u00f3digo 239040<\/p>\n<p>2. Tapa visora &#8211; C\u00f3digo 239037<\/p>\n<p>3. Junta de goma para tapa visora BAE \/ BAF &#8211; C\u00f3digo 239041<\/p>\n<p>4. Canasto BAE 5L\u00a0 \u2013 C\u00f3digo 23936A<\/p>\n<p>5. Tuerca superior 1 1\/2\u2033 \u2013 C\u00f3digo 239066<\/p>\n<p>6. Buje H \u00f8 50 para pegar \u2013 C\u00f3digo 239064<\/p>\n<p>7. Buje H 1 1\/2\u2033 para roscar \u2013 C\u00f3digo 239065<\/p>\n<p>8. O\u2019Ring para buje \u2013 C\u00f3digo 239007<\/p>\n<p>9. Cuerpo BAE \/ BAF 5L \u2013 C\u00f3digo 23931A<\/p>\n<p>10. Tap\u00f3n de drenaje con O\u2019Ring \u2013 C\u00f3digo 239029<\/p>\n<p>11. O\u2019Ring para tap\u00f3n drenaje \u2013 C\u00f3digo 239056<\/p>\n<p>12. O\u2019Ring para uniones doble \u2013 C\u00f3digo 239011<\/p>\n<p>13. Impulsor BAE \/ BAP \/ BAS \/ BAT 0.50HP \u2013 C\u00f3digo 23900B<\/p>\n<p>14. Sello mec\u00e1nico con pista cer\u00e1mica \u2013 C\u00f3digo 239009<\/p>\n<p>15. O\u2019Ring para cuerpo intermedio \u2013 C\u00f3digo 239006<\/p>\n<p>16. Cuerpo intermedio BAE \/ BAP \/ BAF \/ BAD 5L \u2013 C\u00f3digo 23932A<\/p>\n<p>17. Arandela rompegota \u2013 C\u00f3digo 239008<\/p>\n<p>18. Motor 0.50 HP \u2013 Monof\u00e1sico \u2013 C\u00f3digo 106258<\/p>\n<p>19. Tornillo 3\/8 x 1 1\/4\u2033 \u2013 C\u00f3digo 239051<\/p>\n<p class=\"p2\">\n","protected":false},"excerpt":{"rendered":"<p class=\"p1\"><span class=\"s1\">C\u00f3digo: 106010\u00a0<\/span><\/p>\n<p class=\"p2\"><span class=\"s1\">DESCRIPCI\u00d3N\u00a0<\/span><\/p>\n<p class=\"p3\">Bomba autocebante BAE 050 Vulcano de 0.50 HP de potencia y tensi\u00f3n monof\u00e1sica de 220V-50HZ. Con cuerpo autocebante reforzado y prefiltro incorporado, conexiones con uniones dobles; con bujes de rosca hembra 1 \u00bd\u201d para ca\u00f1os de polipropileno y lisos de \u00d8 50 para pegar ca\u00f1os de PVC. Su impecable desempe\u00f1o, optimiza la circulaci\u00f3n de agua convirti\u00e9ndola en una excelente opci\u00f3n para su pileta.<\/p>\n<p class=\"p1\">\n","protected":false},"featured_media":402,"template":"","meta":{"_monsterinsights_skip_tracking":false,"_monsterinsights_sitenote_active":false,"_monsterinsights_sitenote_note":"","_monsterinsights_sitenote_category":0},"product_brand":[],"product_cat":[21],"product_tag":[410,412,414,386,388,235],"class_list":{"0":"post-2308","1":"product","2":"type-product","3":"status-publish","4":"has-post-thumbnail","6":"product_cat-autocebantes","7":"product_tag-0-5hp","8":"product_tag-1-2hp","9":"product_tag-bae050","10":"product_tag-bomba","11":"product_tag-electrobomba","12":"product_tag-vulcano","14":"first","15":"instock","16":"sold-individually","17":"shipping-taxable","18":"product-type-simple"},"yoast_head":"<!-- This site is optimized with the Yoast SEO plugin v27.4 - https:\/\/yoast.com\/product\/yoast-seo-wordpress\/ -->\n<title>Bomba autocebante BAE 050 - Piscinas del Sur<\/title>\n<meta name=\"description\" content=\"Bomba autocebante BAE 050 Vulcano de 0.50 HP de potencia y tensi\u00f3n monof\u00e1sica de 220V-50HZ. Con cuerpo autocebante reforzado y prefiltro incorporado.\" \/>\n<meta name=\"robots\" content=\"index, follow, max-snippet:-1, max-image-preview:large, max-video-preview:-1\" \/>\n<link rel=\"canonical\" href=\"https:\/\/piscinasdelsur.com.ar\/newWeb\/?product=bomba-autocebante-vulcano\" \/>\n<meta property=\"og:locale\" content=\"es_ES\" \/>\n<meta property=\"og:type\" content=\"article\" \/>\n<meta property=\"og:title\" content=\"Bomba autocebante BAE 050 - Piscinas del Sur\" \/>\n<meta property=\"og:description\" content=\"Bomba autocebante BAE 050 Vulcano de 0.50 HP de potencia y tensi\u00f3n monof\u00e1sica de 220V-50HZ. Con cuerpo autocebante reforzado y prefiltro incorporado.\" \/>\n<meta property=\"og:url\" content=\"https:\/\/piscinasdelsur.com.ar\/newWeb\/?product=bomba-autocebante-vulcano\" \/>\n<meta property=\"og:site_name\" content=\"Piscinas del Sur\" \/>\n<meta property=\"article:modified_time\" content=\"2021-08-09T19:28:47+00:00\" \/>\n<meta property=\"og:image\" content=\"https:\/\/piscinasdelsur.com.ar\/newWeb\/wp-content\/uploads\/2017\/12\/106009_1_10.jpg\" \/>\n\t<meta property=\"og:image:width\" content=\"767\" \/>\n\t<meta property=\"og:image:height\" content=\"767\" \/>\n\t<meta property=\"og:image:type\" content=\"image\/jpeg\" \/>\n<meta name=\"twitter:card\" content=\"summary_large_image\" \/>\n<meta name=\"twitter:label1\" content=\"Tiempo de lectura\" \/>\n\t<meta name=\"twitter:data1\" content=\"1 minuto\" \/>\n<script type=\"application\/ld+json\" class=\"yoast-schema-graph\">{\"@context\":\"https:\\\/\\\/schema.org\",\"@graph\":[{\"@type\":\"WebPage\",\"@id\":\"https:\\\/\\\/piscinasdelsur.com.ar\\\/newWeb\\\/?product=bomba-autocebante-vulcano\",\"url\":\"https:\\\/\\\/piscinasdelsur.com.ar\\\/newWeb\\\/?product=bomba-autocebante-vulcano\",\"name\":\"Bomba autocebante BAE 050 - Piscinas del Sur\",\"isPartOf\":{\"@id\":\"https:\\\/\\\/piscinasdelsur.com.ar\\\/newWeb\\\/#website\"},\"primaryImageOfPage\":{\"@id\":\"https:\\\/\\\/piscinasdelsur.com.ar\\\/newWeb\\\/?product=bomba-autocebante-vulcano#primaryimage\"},\"image\":{\"@id\":\"https:\\\/\\\/piscinasdelsur.com.ar\\\/newWeb\\\/?product=bomba-autocebante-vulcano#primaryimage\"},\"thumbnailUrl\":\"https:\\\/\\\/piscinasdelsur.com.ar\\\/newWeb\\\/wp-content\\\/uploads\\\/2017\\\/12\\\/106009_1_10.jpg\",\"datePublished\":\"2021-06-02T19:33:42+00:00\",\"dateModified\":\"2021-08-09T19:28:47+00:00\",\"description\":\"Bomba autocebante BAE 050 Vulcano de 0.50 HP de potencia y tensi\u00f3n monof\u00e1sica de 220V-50HZ. Con cuerpo autocebante reforzado y prefiltro incorporado.\",\"breadcrumb\":{\"@id\":\"https:\\\/\\\/piscinasdelsur.com.ar\\\/newWeb\\\/?product=bomba-autocebante-vulcano#breadcrumb\"},\"inLanguage\":\"es-AR\",\"potentialAction\":[{\"@type\":\"ReadAction\",\"target\":[\"https:\\\/\\\/piscinasdelsur.com.ar\\\/newWeb\\\/?product=bomba-autocebante-vulcano\"]}]},{\"@type\":\"ImageObject\",\"inLanguage\":\"es-AR\",\"@id\":\"https:\\\/\\\/piscinasdelsur.com.ar\\\/newWeb\\\/?product=bomba-autocebante-vulcano#primaryimage\",\"url\":\"https:\\\/\\\/piscinasdelsur.com.ar\\\/newWeb\\\/wp-content\\\/uploads\\\/2017\\\/12\\\/106009_1_10.jpg\",\"contentUrl\":\"https:\\\/\\\/piscinasdelsur.com.ar\\\/newWeb\\\/wp-content\\\/uploads\\\/2017\\\/12\\\/106009_1_10.jpg\",\"width\":767,\"height\":767},{\"@type\":\"BreadcrumbList\",\"@id\":\"https:\\\/\\\/piscinasdelsur.com.ar\\\/newWeb\\\/?product=bomba-autocebante-vulcano#breadcrumb\",\"itemListElement\":[{\"@type\":\"ListItem\",\"position\":1,\"name\":\"Inicio\",\"item\":\"https:\\\/\\\/piscinasdelsur.com.ar\\\/newWeb\\\/\"},{\"@type\":\"ListItem\",\"position\":2,\"name\":\"Shop\",\"item\":\"https:\\\/\\\/piscinasdelsur.com.ar\\\/newWeb\\\/?page_id=318\"},{\"@type\":\"ListItem\",\"position\":3,\"name\":\"Bomba autocebante BAE 050\"}]},{\"@type\":\"WebSite\",\"@id\":\"https:\\\/\\\/piscinasdelsur.com.ar\\\/newWeb\\\/#website\",\"url\":\"https:\\\/\\\/piscinasdelsur.com.ar\\\/newWeb\\\/\",\"name\":\"Piscinas del Sur\",\"description\":\"\",\"publisher\":{\"@id\":\"https:\\\/\\\/piscinasdelsur.com.ar\\\/newWeb\\\/#organization\"},\"potentialAction\":[{\"@type\":\"SearchAction\",\"target\":{\"@type\":\"EntryPoint\",\"urlTemplate\":\"https:\\\/\\\/piscinasdelsur.com.ar\\\/newWeb\\\/?s={search_term_string}\"},\"query-input\":{\"@type\":\"PropertyValueSpecification\",\"valueRequired\":true,\"valueName\":\"search_term_string\"}}],\"inLanguage\":\"es-AR\"},{\"@type\":\"Organization\",\"@id\":\"https:\\\/\\\/piscinasdelsur.com.ar\\\/newWeb\\\/#organization\",\"name\":\"Piscinas del Sur\",\"url\":\"https:\\\/\\\/piscinasdelsur.com.ar\\\/newWeb\\\/\",\"logo\":{\"@type\":\"ImageObject\",\"inLanguage\":\"es-AR\",\"@id\":\"https:\\\/\\\/piscinasdelsur.com.ar\\\/newWeb\\\/#\\\/schema\\\/logo\\\/image\\\/\",\"url\":\"https:\\\/\\\/piscinasdelsur.com.ar\\\/newWeb\\\/wp-content\\\/uploads\\\/2017\\\/12\\\/cropped-LOGO-PISCINAS-DEL-SUR1.png\",\"contentUrl\":\"https:\\\/\\\/piscinasdelsur.com.ar\\\/newWeb\\\/wp-content\\\/uploads\\\/2017\\\/12\\\/cropped-LOGO-PISCINAS-DEL-SUR1.png\",\"width\":350,\"height\":152,\"caption\":\"Piscinas del Sur\"},\"image\":{\"@id\":\"https:\\\/\\\/piscinasdelsur.com.ar\\\/newWeb\\\/#\\\/schema\\\/logo\\\/image\\\/\"}}]}<\/script>\n<!-- \/ Yoast SEO plugin. -->","yoast_head_json":{"title":"Bomba autocebante BAE 050 - Piscinas del Sur","description":"Bomba autocebante BAE 050 Vulcano de 0.50 HP de potencia y tensi\u00f3n monof\u00e1sica de 220V-50HZ. Con cuerpo autocebante reforzado y prefiltro incorporado.","robots":{"index":"index","follow":"follow","max-snippet":"max-snippet:-1","max-image-preview":"max-image-preview:large","max-video-preview":"max-video-preview:-1"},"canonical":"https:\/\/piscinasdelsur.com.ar\/newWeb\/?product=bomba-autocebante-vulcano","og_locale":"es_ES","og_type":"article","og_title":"Bomba autocebante BAE 050 - Piscinas del Sur","og_description":"Bomba autocebante BAE 050 Vulcano de 0.50 HP de potencia y tensi\u00f3n monof\u00e1sica de 220V-50HZ. Con cuerpo autocebante reforzado y prefiltro incorporado.","og_url":"https:\/\/piscinasdelsur.com.ar\/newWeb\/?product=bomba-autocebante-vulcano","og_site_name":"Piscinas del Sur","article_modified_time":"2021-08-09T19:28:47+00:00","og_image":[{"width":767,"height":767,"url":"https:\/\/piscinasdelsur.com.ar\/newWeb\/wp-content\/uploads\/2017\/12\/106009_1_10.jpg","type":"image\/jpeg"}],"twitter_card":"summary_large_image","twitter_misc":{"Tiempo de lectura":"1 minuto"},"schema":{"@context":"https:\/\/schema.org","@graph":[{"@type":"WebPage","@id":"https:\/\/piscinasdelsur.com.ar\/newWeb\/?product=bomba-autocebante-vulcano","url":"https:\/\/piscinasdelsur.com.ar\/newWeb\/?product=bomba-autocebante-vulcano","name":"Bomba autocebante BAE 050 - Piscinas del Sur","isPartOf":{"@id":"https:\/\/piscinasdelsur.com.ar\/newWeb\/#website"},"primaryImageOfPage":{"@id":"https:\/\/piscinasdelsur.com.ar\/newWeb\/?product=bomba-autocebante-vulcano#primaryimage"},"image":{"@id":"https:\/\/piscinasdelsur.com.ar\/newWeb\/?product=bomba-autocebante-vulcano#primaryimage"},"thumbnailUrl":"https:\/\/piscinasdelsur.com.ar\/newWeb\/wp-content\/uploads\/2017\/12\/106009_1_10.jpg","datePublished":"2021-06-02T19:33:42+00:00","dateModified":"2021-08-09T19:28:47+00:00","description":"Bomba autocebante BAE 050 Vulcano de 0.50 HP de potencia y tensi\u00f3n monof\u00e1sica de 220V-50HZ. Con cuerpo autocebante reforzado y prefiltro incorporado.","breadcrumb":{"@id":"https:\/\/piscinasdelsur.com.ar\/newWeb\/?product=bomba-autocebante-vulcano#breadcrumb"},"inLanguage":"es-AR","potentialAction":[{"@type":"ReadAction","target":["https:\/\/piscinasdelsur.com.ar\/newWeb\/?product=bomba-autocebante-vulcano"]}]},{"@type":"ImageObject","inLanguage":"es-AR","@id":"https:\/\/piscinasdelsur.com.ar\/newWeb\/?product=bomba-autocebante-vulcano#primaryimage","url":"https:\/\/piscinasdelsur.com.ar\/newWeb\/wp-content\/uploads\/2017\/12\/106009_1_10.jpg","contentUrl":"https:\/\/piscinasdelsur.com.ar\/newWeb\/wp-content\/uploads\/2017\/12\/106009_1_10.jpg","width":767,"height":767},{"@type":"BreadcrumbList","@id":"https:\/\/piscinasdelsur.com.ar\/newWeb\/?product=bomba-autocebante-vulcano#breadcrumb","itemListElement":[{"@type":"ListItem","position":1,"name":"Inicio","item":"https:\/\/piscinasdelsur.com.ar\/newWeb\/"},{"@type":"ListItem","position":2,"name":"Shop","item":"https:\/\/piscinasdelsur.com.ar\/newWeb\/?page_id=318"},{"@type":"ListItem","position":3,"name":"Bomba autocebante BAE 050"}]},{"@type":"WebSite","@id":"https:\/\/piscinasdelsur.com.ar\/newWeb\/#website","url":"https:\/\/piscinasdelsur.com.ar\/newWeb\/","name":"Piscinas del Sur","description":"","publisher":{"@id":"https:\/\/piscinasdelsur.com.ar\/newWeb\/#organization"},"potentialAction":[{"@type":"SearchAction","target":{"@type":"EntryPoint","urlTemplate":"https:\/\/piscinasdelsur.com.ar\/newWeb\/?s={search_term_string}"},"query-input":{"@type":"PropertyValueSpecification","valueRequired":true,"valueName":"search_term_string"}}],"inLanguage":"es-AR"},{"@type":"Organization","@id":"https:\/\/piscinasdelsur.com.ar\/newWeb\/#organization","name":"Piscinas del Sur","url":"https:\/\/piscinasdelsur.com.ar\/newWeb\/","logo":{"@type":"ImageObject","inLanguage":"es-AR","@id":"https:\/\/piscinasdelsur.com.ar\/newWeb\/#\/schema\/logo\/image\/","url":"https:\/\/piscinasdelsur.com.ar\/newWeb\/wp-content\/uploads\/2017\/12\/cropped-LOGO-PISCINAS-DEL-SUR1.png","contentUrl":"https:\/\/piscinasdelsur.com.ar\/newWeb\/wp-content\/uploads\/2017\/12\/cropped-LOGO-PISCINAS-DEL-SUR1.png","width":350,"height":152,"caption":"Piscinas del Sur"},"image":{"@id":"https:\/\/piscinasdelsur.com.ar\/newWeb\/#\/schema\/logo\/image\/"}}]}},"_links":{"self":[{"href":"https:\/\/piscinasdelsur.com.ar\/newWeb\/index.php?rest_route=\/wp\/v2\/product\/2308","targetHints":{"allow":["GET"]}}],"collection":[{"href":"https:\/\/piscinasdelsur.com.ar\/newWeb\/index.php?rest_route=\/wp\/v2\/product"}],"about":[{"href":"https:\/\/piscinasdelsur.com.ar\/newWeb\/index.php?rest_route=\/wp\/v2\/types\/product"}],"version-history":[{"count":0,"href":"https:\/\/piscinasdelsur.com.ar\/newWeb\/index.php?rest_route=\/wp\/v2\/product\/2308\/revisions"}],"wp:featuredmedia":[{"embeddable":true,"href":"https:\/\/piscinasdelsur.com.ar\/newWeb\/index.php?rest_route=\/wp\/v2\/media\/402"}],"wp:attachment":[{"href":"https:\/\/piscinasdelsur.com.ar\/newWeb\/index.php?rest_route=%2Fwp%2Fv2%2Fmedia&parent=2308"}],"wp:term":[{"taxonomy":"product_brand","embeddable":true,"href":"https:\/\/piscinasdelsur.com.ar\/newWeb\/index.php?rest_route=%2Fwp%2Fv2%2Fproduct_brand&post=2308"},{"taxonomy":"product_cat","embeddable":true,"href":"https:\/\/piscinasdelsur.com.ar\/newWeb\/index.php?rest_route=%2Fwp%2Fv2%2Fproduct_cat&post=2308"},{"taxonomy":"product_tag","embeddable":true,"href":"https:\/\/piscinasdelsur.com.ar\/newWeb\/index.php?rest_route=%2Fwp%2Fv2%2Fproduct_tag&post=2308"}],"curies":[{"name":"wp","href":"https:\/\/api.w.org\/{rel}","templated":true}]}}