{"id":2170,"date":"2020-09-11T18:13:47","date_gmt":"2020-09-11T21:13:47","guid":{"rendered":"https:\/\/piscinasdelsur.com.ar\/newWeb\/?post_type=product&#038;p=2170"},"modified":"2021-03-29T09:34:46","modified_gmt":"2021-03-29T12:34:46","slug":"cloro-granulado-x-1-kilo-mak","status":"publish","type":"product","link":"https:\/\/piscinasdelsur.com.ar\/newWeb\/?product=cloro-granulado-x-1-kilo-mak","title":{"rendered":"Cloro Granulado x 1 kilo MAK"},"content":{"rendered":"","protected":false},"excerpt":{"rendered":"<p class=\"p2\"><span class=\"s1\">DESCRIPCI\u00d3N<\/span><\/p>\n<p class=\"p3\"><span class=\"s1\">El cloro granulado es un desinfectante s\u00f3lido, ideal para la sanitizaci\u00f3n del agua de su piscina. La dosificaci\u00f3n depender\u00e1 del estado del agua:<\/span><\/p>\n<p class=\"p3\"><span class=\"s1\">Mantenimiento: 20 grs cada 10.000 litros de agua. Debe colocarse todos los d\u00edas, en cualquier horario, ya que al ser un cloro estabilizado, su efecto no disminuye con el sol. <\/span><\/p>\n<p class=\"p3\"><span class=\"s1\">Tratamiento de recuperaci\u00f3n: 100 grs cada 10.000 litros de agua.<\/span><\/p>\n<p class=\"p3\"><span class=\"s1\">Posee un olor caracter\u00edstico suave, que se intensifica ante la presencia de suciedad. <\/span><\/p>\n<p class=\"p3\"><span class=\"s1\">Se vende en presentaci\u00f3n de bolsa por 1 kilo.<\/span><\/p>\n<p class=\"p1\">\n","protected":false},"featured_media":2172,"template":"","meta":{"_monsterinsights_skip_tracking":false,"_monsterinsights_sitenote_active":false,"_monsterinsights_sitenote_note":"","_monsterinsights_sitenote_category":0},"product_brand":[],"product_cat":[75],"product_tag":[320,378,376,322,374,344],"class_list":{"0":"post-2170","1":"product","2":"type-product","3":"status-publish","4":"has-post-thumbnail","6":"product_cat-cloro","7":"product_tag-cloro","8":"product_tag-cloro-en-polvo","9":"product_tag-cloro-granulado","10":"product_tag-cloro-puro","11":"product_tag-granulado","12":"product_tag-mak","14":"first","15":"instock","16":"shipping-taxable","17":"product-type-simple"},"yoast_head":"<!-- This site is optimized with the Yoast SEO plugin v27.5 - https:\/\/yoast.com\/product\/yoast-seo-wordpress\/ -->\n<title>Cloro Granulado x 1 kilo MAK - Piscinas del Sur<\/title>\n<meta name=\"robots\" content=\"index, follow, max-snippet:-1, max-image-preview:large, max-video-preview:-1\" \/>\n<link rel=\"canonical\" href=\"https:\/\/piscinasdelsur.com.ar\/newWeb\/?product=cloro-granulado-x-1-kilo-mak\" \/>\n<meta property=\"og:locale\" content=\"es_ES\" \/>\n<meta property=\"og:type\" content=\"article\" \/>\n<meta property=\"og:title\" content=\"Cloro Granulado x 1 kilo MAK - Piscinas del Sur\" \/>\n<meta property=\"og:description\" content=\"DESCRIPCI\u00d3N El cloro granulado es un desinfectante s\u00f3lido, ideal para la sanitizaci\u00f3n del agua de su piscina. La dosificaci\u00f3n depender\u00e1 del estado del agua: Mantenimiento: 20 grs cada 10.000 litros de agua. Debe colocarse todos los d\u00edas, en cualquier horario, ya que al ser un cloro estabilizado, su efecto no disminuye con el sol.  Tratamiento de recuperaci\u00f3n: 100 grs cada 10.000 litros de agua. Posee un olor caracter\u00edstico suave, que se intensifica ante la presencia de suciedad.  Se vende en presentaci\u00f3n de bolsa por 1 kilo.\" \/>\n<meta property=\"og:url\" content=\"https:\/\/piscinasdelsur.com.ar\/newWeb\/?product=cloro-granulado-x-1-kilo-mak\" \/>\n<meta property=\"og:site_name\" content=\"Piscinas del Sur\" \/>\n<meta property=\"article:modified_time\" content=\"2021-03-29T12:34:46+00:00\" \/>\n<meta property=\"og:image\" content=\"https:\/\/piscinasdelsur.com.ar\/newWeb\/wp-content\/uploads\/2020\/09\/WhatsApp-Image-2020-09-11-at-10.24.39-e1599860199413.jpeg\" \/>\n\t<meta property=\"og:image:width\" content=\"250\" \/>\n\t<meta property=\"og:image:height\" content=\"342\" \/>\n\t<meta property=\"og:image:type\" content=\"image\/jpeg\" \/>\n<meta name=\"twitter:card\" content=\"summary_large_image\" \/>\n<script type=\"application\/ld+json\" class=\"yoast-schema-graph\">{\"@context\":\"https:\\\/\\\/schema.org\",\"@graph\":[{\"@type\":\"WebPage\",\"@id\":\"https:\\\/\\\/piscinasdelsur.com.ar\\\/newWeb\\\/?product=cloro-granulado-x-1-kilo-mak\",\"url\":\"https:\\\/\\\/piscinasdelsur.com.ar\\\/newWeb\\\/?product=cloro-granulado-x-1-kilo-mak\",\"name\":\"Cloro Granulado x 1 kilo MAK - Piscinas del Sur\",\"isPartOf\":{\"@id\":\"https:\\\/\\\/piscinasdelsur.com.ar\\\/newWeb\\\/#website\"},\"primaryImageOfPage\":{\"@id\":\"https:\\\/\\\/piscinasdelsur.com.ar\\\/newWeb\\\/?product=cloro-granulado-x-1-kilo-mak#primaryimage\"},\"image\":{\"@id\":\"https:\\\/\\\/piscinasdelsur.com.ar\\\/newWeb\\\/?product=cloro-granulado-x-1-kilo-mak#primaryimage\"},\"thumbnailUrl\":\"https:\\\/\\\/piscinasdelsur.com.ar\\\/newWeb\\\/wp-content\\\/uploads\\\/2020\\\/09\\\/WhatsApp-Image-2020-09-11-at-10.24.39-e1599860199413.jpeg\",\"datePublished\":\"2020-09-11T21:13:47+00:00\",\"dateModified\":\"2021-03-29T12:34:46+00:00\",\"breadcrumb\":{\"@id\":\"https:\\\/\\\/piscinasdelsur.com.ar\\\/newWeb\\\/?product=cloro-granulado-x-1-kilo-mak#breadcrumb\"},\"inLanguage\":\"es-AR\",\"potentialAction\":[{\"@type\":\"ReadAction\",\"target\":[\"https:\\\/\\\/piscinasdelsur.com.ar\\\/newWeb\\\/?product=cloro-granulado-x-1-kilo-mak\"]}]},{\"@type\":\"ImageObject\",\"inLanguage\":\"es-AR\",\"@id\":\"https:\\\/\\\/piscinasdelsur.com.ar\\\/newWeb\\\/?product=cloro-granulado-x-1-kilo-mak#primaryimage\",\"url\":\"https:\\\/\\\/piscinasdelsur.com.ar\\\/newWeb\\\/wp-content\\\/uploads\\\/2020\\\/09\\\/WhatsApp-Image-2020-09-11-at-10.24.39-e1599860199413.jpeg\",\"contentUrl\":\"https:\\\/\\\/piscinasdelsur.com.ar\\\/newWeb\\\/wp-content\\\/uploads\\\/2020\\\/09\\\/WhatsApp-Image-2020-09-11-at-10.24.39-e1599860199413.jpeg\",\"width\":250,\"height\":342},{\"@type\":\"BreadcrumbList\",\"@id\":\"https:\\\/\\\/piscinasdelsur.com.ar\\\/newWeb\\\/?product=cloro-granulado-x-1-kilo-mak#breadcrumb\",\"itemListElement\":[{\"@type\":\"ListItem\",\"position\":1,\"name\":\"Inicio\",\"item\":\"https:\\\/\\\/piscinasdelsur.com.ar\\\/newWeb\\\/\"},{\"@type\":\"ListItem\",\"position\":2,\"name\":\"Shop\",\"item\":\"https:\\\/\\\/piscinasdelsur.com.ar\\\/newWeb\\\/?page_id=318\"},{\"@type\":\"ListItem\",\"position\":3,\"name\":\"Cloro Granulado x 1 kilo MAK\"}]},{\"@type\":\"WebSite\",\"@id\":\"https:\\\/\\\/piscinasdelsur.com.ar\\\/newWeb\\\/#website\",\"url\":\"https:\\\/\\\/piscinasdelsur.com.ar\\\/newWeb\\\/\",\"name\":\"Piscinas del Sur\",\"description\":\"\",\"publisher\":{\"@id\":\"https:\\\/\\\/piscinasdelsur.com.ar\\\/newWeb\\\/#organization\"},\"potentialAction\":[{\"@type\":\"SearchAction\",\"target\":{\"@type\":\"EntryPoint\",\"urlTemplate\":\"https:\\\/\\\/piscinasdelsur.com.ar\\\/newWeb\\\/?s={search_term_string}\"},\"query-input\":{\"@type\":\"PropertyValueSpecification\",\"valueRequired\":true,\"valueName\":\"search_term_string\"}}],\"inLanguage\":\"es-AR\"},{\"@type\":\"Organization\",\"@id\":\"https:\\\/\\\/piscinasdelsur.com.ar\\\/newWeb\\\/#organization\",\"name\":\"Piscinas del Sur\",\"url\":\"https:\\\/\\\/piscinasdelsur.com.ar\\\/newWeb\\\/\",\"logo\":{\"@type\":\"ImageObject\",\"inLanguage\":\"es-AR\",\"@id\":\"https:\\\/\\\/piscinasdelsur.com.ar\\\/newWeb\\\/#\\\/schema\\\/logo\\\/image\\\/\",\"url\":\"https:\\\/\\\/piscinasdelsur.com.ar\\\/newWeb\\\/wp-content\\\/uploads\\\/2017\\\/12\\\/cropped-LOGO-PISCINAS-DEL-SUR1.png\",\"contentUrl\":\"https:\\\/\\\/piscinasdelsur.com.ar\\\/newWeb\\\/wp-content\\\/uploads\\\/2017\\\/12\\\/cropped-LOGO-PISCINAS-DEL-SUR1.png\",\"width\":350,\"height\":152,\"caption\":\"Piscinas del Sur\"},\"image\":{\"@id\":\"https:\\\/\\\/piscinasdelsur.com.ar\\\/newWeb\\\/#\\\/schema\\\/logo\\\/image\\\/\"}}]}<\/script>\n<!-- \/ Yoast SEO plugin. -->","yoast_head_json":{"title":"Cloro Granulado x 1 kilo MAK - Piscinas del Sur","robots":{"index":"index","follow":"follow","max-snippet":"max-snippet:-1","max-image-preview":"max-image-preview:large","max-video-preview":"max-video-preview:-1"},"canonical":"https:\/\/piscinasdelsur.com.ar\/newWeb\/?product=cloro-granulado-x-1-kilo-mak","og_locale":"es_ES","og_type":"article","og_title":"Cloro Granulado x 1 kilo MAK - Piscinas del Sur","og_description":"DESCRIPCI\u00d3N El cloro granulado es un desinfectante s\u00f3lido, ideal para la sanitizaci\u00f3n del agua de su piscina. La dosificaci\u00f3n depender\u00e1 del estado del agua: Mantenimiento: 20 grs cada 10.000 litros de agua. Debe colocarse todos los d\u00edas, en cualquier horario, ya que al ser un cloro estabilizado, su efecto no disminuye con el sol.  Tratamiento de recuperaci\u00f3n: 100 grs cada 10.000 litros de agua. Posee un olor caracter\u00edstico suave, que se intensifica ante la presencia de suciedad.  Se vende en presentaci\u00f3n de bolsa por 1 kilo.","og_url":"https:\/\/piscinasdelsur.com.ar\/newWeb\/?product=cloro-granulado-x-1-kilo-mak","og_site_name":"Piscinas del Sur","article_modified_time":"2021-03-29T12:34:46+00:00","og_image":[{"width":250,"height":342,"url":"https:\/\/piscinasdelsur.com.ar\/newWeb\/wp-content\/uploads\/2020\/09\/WhatsApp-Image-2020-09-11-at-10.24.39-e1599860199413.jpeg","type":"image\/jpeg"}],"twitter_card":"summary_large_image","schema":{"@context":"https:\/\/schema.org","@graph":[{"@type":"WebPage","@id":"https:\/\/piscinasdelsur.com.ar\/newWeb\/?product=cloro-granulado-x-1-kilo-mak","url":"https:\/\/piscinasdelsur.com.ar\/newWeb\/?product=cloro-granulado-x-1-kilo-mak","name":"Cloro Granulado x 1 kilo MAK - Piscinas del Sur","isPartOf":{"@id":"https:\/\/piscinasdelsur.com.ar\/newWeb\/#website"},"primaryImageOfPage":{"@id":"https:\/\/piscinasdelsur.com.ar\/newWeb\/?product=cloro-granulado-x-1-kilo-mak#primaryimage"},"image":{"@id":"https:\/\/piscinasdelsur.com.ar\/newWeb\/?product=cloro-granulado-x-1-kilo-mak#primaryimage"},"thumbnailUrl":"https:\/\/piscinasdelsur.com.ar\/newWeb\/wp-content\/uploads\/2020\/09\/WhatsApp-Image-2020-09-11-at-10.24.39-e1599860199413.jpeg","datePublished":"2020-09-11T21:13:47+00:00","dateModified":"2021-03-29T12:34:46+00:00","breadcrumb":{"@id":"https:\/\/piscinasdelsur.com.ar\/newWeb\/?product=cloro-granulado-x-1-kilo-mak#breadcrumb"},"inLanguage":"es-AR","potentialAction":[{"@type":"ReadAction","target":["https:\/\/piscinasdelsur.com.ar\/newWeb\/?product=cloro-granulado-x-1-kilo-mak"]}]},{"@type":"ImageObject","inLanguage":"es-AR","@id":"https:\/\/piscinasdelsur.com.ar\/newWeb\/?product=cloro-granulado-x-1-kilo-mak#primaryimage","url":"https:\/\/piscinasdelsur.com.ar\/newWeb\/wp-content\/uploads\/2020\/09\/WhatsApp-Image-2020-09-11-at-10.24.39-e1599860199413.jpeg","contentUrl":"https:\/\/piscinasdelsur.com.ar\/newWeb\/wp-content\/uploads\/2020\/09\/WhatsApp-Image-2020-09-11-at-10.24.39-e1599860199413.jpeg","width":250,"height":342},{"@type":"BreadcrumbList","@id":"https:\/\/piscinasdelsur.com.ar\/newWeb\/?product=cloro-granulado-x-1-kilo-mak#breadcrumb","itemListElement":[{"@type":"ListItem","position":1,"name":"Inicio","item":"https:\/\/piscinasdelsur.com.ar\/newWeb\/"},{"@type":"ListItem","position":2,"name":"Shop","item":"https:\/\/piscinasdelsur.com.ar\/newWeb\/?page_id=318"},{"@type":"ListItem","position":3,"name":"Cloro Granulado x 1 kilo MAK"}]},{"@type":"WebSite","@id":"https:\/\/piscinasdelsur.com.ar\/newWeb\/#website","url":"https:\/\/piscinasdelsur.com.ar\/newWeb\/","name":"Piscinas del Sur","description":"","publisher":{"@id":"https:\/\/piscinasdelsur.com.ar\/newWeb\/#organization"},"potentialAction":[{"@type":"SearchAction","target":{"@type":"EntryPoint","urlTemplate":"https:\/\/piscinasdelsur.com.ar\/newWeb\/?s={search_term_string}"},"query-input":{"@type":"PropertyValueSpecification","valueRequired":true,"valueName":"search_term_string"}}],"inLanguage":"es-AR"},{"@type":"Organization","@id":"https:\/\/piscinasdelsur.com.ar\/newWeb\/#organization","name":"Piscinas del Sur","url":"https:\/\/piscinasdelsur.com.ar\/newWeb\/","logo":{"@type":"ImageObject","inLanguage":"es-AR","@id":"https:\/\/piscinasdelsur.com.ar\/newWeb\/#\/schema\/logo\/image\/","url":"https:\/\/piscinasdelsur.com.ar\/newWeb\/wp-content\/uploads\/2017\/12\/cropped-LOGO-PISCINAS-DEL-SUR1.png","contentUrl":"https:\/\/piscinasdelsur.com.ar\/newWeb\/wp-content\/uploads\/2017\/12\/cropped-LOGO-PISCINAS-DEL-SUR1.png","width":350,"height":152,"caption":"Piscinas del Sur"},"image":{"@id":"https:\/\/piscinasdelsur.com.ar\/newWeb\/#\/schema\/logo\/image\/"}}]}},"_links":{"self":[{"href":"https:\/\/piscinasdelsur.com.ar\/newWeb\/index.php?rest_route=\/wp\/v2\/product\/2170","targetHints":{"allow":["GET"]}}],"collection":[{"href":"https:\/\/piscinasdelsur.com.ar\/newWeb\/index.php?rest_route=\/wp\/v2\/product"}],"about":[{"href":"https:\/\/piscinasdelsur.com.ar\/newWeb\/index.php?rest_route=\/wp\/v2\/types\/product"}],"version-history":[{"count":0,"href":"https:\/\/piscinasdelsur.com.ar\/newWeb\/index.php?rest_route=\/wp\/v2\/product\/2170\/revisions"}],"wp:featuredmedia":[{"embeddable":true,"href":"https:\/\/piscinasdelsur.com.ar\/newWeb\/index.php?rest_route=\/wp\/v2\/media\/2172"}],"wp:attachment":[{"href":"https:\/\/piscinasdelsur.com.ar\/newWeb\/index.php?rest_route=%2Fwp%2Fv2%2Fmedia&parent=2170"}],"wp:term":[{"taxonomy":"product_brand","embeddable":true,"href":"https:\/\/piscinasdelsur.com.ar\/newWeb\/index.php?rest_route=%2Fwp%2Fv2%2Fproduct_brand&post=2170"},{"taxonomy":"product_cat","embeddable":true,"href":"https:\/\/piscinasdelsur.com.ar\/newWeb\/index.php?rest_route=%2Fwp%2Fv2%2Fproduct_cat&post=2170"},{"taxonomy":"product_tag","embeddable":true,"href":"https:\/\/piscinasdelsur.com.ar\/newWeb\/index.php?rest_route=%2Fwp%2Fv2%2Fproduct_tag&post=2170"}],"curies":[{"name":"wp","href":"https:\/\/api.w.org\/{rel}","templated":true}]}}