{"id":1208,"date":"2019-08-21T00:15:02","date_gmt":"2019-08-21T03:15:02","guid":{"rendered":"http:\/\/piscinasdelsur.com.ar\/newWeb\/?post_type=product&#038;p=1208"},"modified":"2020-06-16T13:19:25","modified_gmt":"2020-06-16T16:19:25","slug":"union-flex-manguera","status":"publish","type":"product","link":"https:\/\/piscinasdelsur.com.ar\/newWeb\/?product=union-flex-manguera","title":{"rendered":"Uni\u00f3n flexible para manguera &#8211; 1 1\/4&#8243;"},"content":{"rendered":"","protected":false},"excerpt":{"rendered":"<p class=\"p1\"><span class=\"s1\">C\u00f3digo: 149006<\/span><\/p>\n<p class=\"p2\"><span class=\"s1\">DESCRIPCI\u00d3N<\/span><\/p>\n<p class=\"p3\"><span class=\"s1\">Uni\u00f3n flexible para manguera flotante. Di\u00e1metro 1 1\/4&#8243;<\/span><\/p>\n<p class=\"p1\">\n","protected":false},"featured_media":1210,"template":"","meta":{"_monsterinsights_skip_tracking":false,"_monsterinsights_sitenote_active":false,"_monsterinsights_sitenote_note":"","_monsterinsights_sitenote_category":0},"product_brand":[],"product_cat":[69],"product_tag":[282,280,284],"class_list":{"0":"post-1208","1":"product","2":"type-product","3":"status-publish","4":"has-post-thumbnail","6":"product_cat-mangueras","7":"product_tag-union-flexible-manguera","8":"product_tag-union-manguera","9":"product_tag-union-vulcano","11":"first","12":"instock","13":"shipping-taxable","14":"product-type-simple"},"yoast_head":"<!-- This site is optimized with the Yoast SEO plugin v27.4 - https:\/\/yoast.com\/product\/yoast-seo-wordpress\/ -->\n<title>Uni\u00f3n flexible para manguera - 1 1\/4&quot; - Piscinas del Sur<\/title>\n<meta name=\"robots\" content=\"index, follow, max-snippet:-1, max-image-preview:large, max-video-preview:-1\" \/>\n<link rel=\"canonical\" href=\"https:\/\/piscinasdelsur.com.ar\/newWeb\/?product=union-flex-manguera\" \/>\n<meta property=\"og:locale\" content=\"es_ES\" \/>\n<meta property=\"og:type\" content=\"article\" \/>\n<meta property=\"og:title\" content=\"Uni\u00f3n flexible para manguera - 1 1\/4&quot; - Piscinas del Sur\" \/>\n<meta property=\"og:description\" content=\"C\u00f3digo: 149006 DESCRIPCI\u00d3N Uni\u00f3n flexible para manguera flotante. Di\u00e1metro 1 1\/4&quot;\" \/>\n<meta property=\"og:url\" content=\"https:\/\/piscinasdelsur.com.ar\/newWeb\/?product=union-flex-manguera\" \/>\n<meta property=\"og:site_name\" content=\"Piscinas del Sur\" \/>\n<meta property=\"article:modified_time\" content=\"2020-06-16T16:19:25+00:00\" \/>\n<meta property=\"og:image\" content=\"https:\/\/piscinasdelsur.com.ar\/newWeb\/wp-content\/uploads\/2019\/08\/union-1-1.4-e1566357426390.jpg\" \/>\n\t<meta property=\"og:image:width\" content=\"500\" \/>\n\t<meta property=\"og:image:height\" content=\"500\" \/>\n\t<meta property=\"og:image:type\" content=\"image\/jpeg\" \/>\n<meta name=\"twitter:card\" content=\"summary_large_image\" \/>\n<script type=\"application\/ld+json\" class=\"yoast-schema-graph\">{\"@context\":\"https:\\\/\\\/schema.org\",\"@graph\":[{\"@type\":\"WebPage\",\"@id\":\"https:\\\/\\\/piscinasdelsur.com.ar\\\/newWeb\\\/?product=union-flex-manguera\",\"url\":\"https:\\\/\\\/piscinasdelsur.com.ar\\\/newWeb\\\/?product=union-flex-manguera\",\"name\":\"Uni\u00f3n flexible para manguera - 1 1\\\/4\\\" - Piscinas del Sur\",\"isPartOf\":{\"@id\":\"https:\\\/\\\/piscinasdelsur.com.ar\\\/newWeb\\\/#website\"},\"primaryImageOfPage\":{\"@id\":\"https:\\\/\\\/piscinasdelsur.com.ar\\\/newWeb\\\/?product=union-flex-manguera#primaryimage\"},\"image\":{\"@id\":\"https:\\\/\\\/piscinasdelsur.com.ar\\\/newWeb\\\/?product=union-flex-manguera#primaryimage\"},\"thumbnailUrl\":\"https:\\\/\\\/piscinasdelsur.com.ar\\\/newWeb\\\/wp-content\\\/uploads\\\/2019\\\/08\\\/union-1-1.4-e1566357426390.jpg\",\"datePublished\":\"2019-08-21T03:15:02+00:00\",\"dateModified\":\"2020-06-16T16:19:25+00:00\",\"breadcrumb\":{\"@id\":\"https:\\\/\\\/piscinasdelsur.com.ar\\\/newWeb\\\/?product=union-flex-manguera#breadcrumb\"},\"inLanguage\":\"es-AR\",\"potentialAction\":[{\"@type\":\"ReadAction\",\"target\":[\"https:\\\/\\\/piscinasdelsur.com.ar\\\/newWeb\\\/?product=union-flex-manguera\"]}]},{\"@type\":\"ImageObject\",\"inLanguage\":\"es-AR\",\"@id\":\"https:\\\/\\\/piscinasdelsur.com.ar\\\/newWeb\\\/?product=union-flex-manguera#primaryimage\",\"url\":\"https:\\\/\\\/piscinasdelsur.com.ar\\\/newWeb\\\/wp-content\\\/uploads\\\/2019\\\/08\\\/union-1-1.4-e1566357426390.jpg\",\"contentUrl\":\"https:\\\/\\\/piscinasdelsur.com.ar\\\/newWeb\\\/wp-content\\\/uploads\\\/2019\\\/08\\\/union-1-1.4-e1566357426390.jpg\",\"width\":500,\"height\":500},{\"@type\":\"BreadcrumbList\",\"@id\":\"https:\\\/\\\/piscinasdelsur.com.ar\\\/newWeb\\\/?product=union-flex-manguera#breadcrumb\",\"itemListElement\":[{\"@type\":\"ListItem\",\"position\":1,\"name\":\"Inicio\",\"item\":\"https:\\\/\\\/piscinasdelsur.com.ar\\\/newWeb\\\/\"},{\"@type\":\"ListItem\",\"position\":2,\"name\":\"Shop\",\"item\":\"https:\\\/\\\/piscinasdelsur.com.ar\\\/newWeb\\\/?page_id=318\"},{\"@type\":\"ListItem\",\"position\":3,\"name\":\"Uni\u00f3n flexible para manguera &#8211; 1 1\\\/4&#8243;\"}]},{\"@type\":\"WebSite\",\"@id\":\"https:\\\/\\\/piscinasdelsur.com.ar\\\/newWeb\\\/#website\",\"url\":\"https:\\\/\\\/piscinasdelsur.com.ar\\\/newWeb\\\/\",\"name\":\"Piscinas del Sur\",\"description\":\"\",\"publisher\":{\"@id\":\"https:\\\/\\\/piscinasdelsur.com.ar\\\/newWeb\\\/#organization\"},\"potentialAction\":[{\"@type\":\"SearchAction\",\"target\":{\"@type\":\"EntryPoint\",\"urlTemplate\":\"https:\\\/\\\/piscinasdelsur.com.ar\\\/newWeb\\\/?s={search_term_string}\"},\"query-input\":{\"@type\":\"PropertyValueSpecification\",\"valueRequired\":true,\"valueName\":\"search_term_string\"}}],\"inLanguage\":\"es-AR\"},{\"@type\":\"Organization\",\"@id\":\"https:\\\/\\\/piscinasdelsur.com.ar\\\/newWeb\\\/#organization\",\"name\":\"Piscinas del Sur\",\"url\":\"https:\\\/\\\/piscinasdelsur.com.ar\\\/newWeb\\\/\",\"logo\":{\"@type\":\"ImageObject\",\"inLanguage\":\"es-AR\",\"@id\":\"https:\\\/\\\/piscinasdelsur.com.ar\\\/newWeb\\\/#\\\/schema\\\/logo\\\/image\\\/\",\"url\":\"https:\\\/\\\/piscinasdelsur.com.ar\\\/newWeb\\\/wp-content\\\/uploads\\\/2017\\\/12\\\/cropped-LOGO-PISCINAS-DEL-SUR1.png\",\"contentUrl\":\"https:\\\/\\\/piscinasdelsur.com.ar\\\/newWeb\\\/wp-content\\\/uploads\\\/2017\\\/12\\\/cropped-LOGO-PISCINAS-DEL-SUR1.png\",\"width\":350,\"height\":152,\"caption\":\"Piscinas del Sur\"},\"image\":{\"@id\":\"https:\\\/\\\/piscinasdelsur.com.ar\\\/newWeb\\\/#\\\/schema\\\/logo\\\/image\\\/\"}}]}<\/script>\n<!-- \/ Yoast SEO plugin. -->","yoast_head_json":{"title":"Uni\u00f3n flexible para manguera - 1 1\/4\" - Piscinas del Sur","robots":{"index":"index","follow":"follow","max-snippet":"max-snippet:-1","max-image-preview":"max-image-preview:large","max-video-preview":"max-video-preview:-1"},"canonical":"https:\/\/piscinasdelsur.com.ar\/newWeb\/?product=union-flex-manguera","og_locale":"es_ES","og_type":"article","og_title":"Uni\u00f3n flexible para manguera - 1 1\/4\" - Piscinas del Sur","og_description":"C\u00f3digo: 149006 DESCRIPCI\u00d3N Uni\u00f3n flexible para manguera flotante. Di\u00e1metro 1 1\/4\"","og_url":"https:\/\/piscinasdelsur.com.ar\/newWeb\/?product=union-flex-manguera","og_site_name":"Piscinas del Sur","article_modified_time":"2020-06-16T16:19:25+00:00","og_image":[{"width":500,"height":500,"url":"https:\/\/piscinasdelsur.com.ar\/newWeb\/wp-content\/uploads\/2019\/08\/union-1-1.4-e1566357426390.jpg","type":"image\/jpeg"}],"twitter_card":"summary_large_image","schema":{"@context":"https:\/\/schema.org","@graph":[{"@type":"WebPage","@id":"https:\/\/piscinasdelsur.com.ar\/newWeb\/?product=union-flex-manguera","url":"https:\/\/piscinasdelsur.com.ar\/newWeb\/?product=union-flex-manguera","name":"Uni\u00f3n flexible para manguera - 1 1\/4\" - Piscinas del Sur","isPartOf":{"@id":"https:\/\/piscinasdelsur.com.ar\/newWeb\/#website"},"primaryImageOfPage":{"@id":"https:\/\/piscinasdelsur.com.ar\/newWeb\/?product=union-flex-manguera#primaryimage"},"image":{"@id":"https:\/\/piscinasdelsur.com.ar\/newWeb\/?product=union-flex-manguera#primaryimage"},"thumbnailUrl":"https:\/\/piscinasdelsur.com.ar\/newWeb\/wp-content\/uploads\/2019\/08\/union-1-1.4-e1566357426390.jpg","datePublished":"2019-08-21T03:15:02+00:00","dateModified":"2020-06-16T16:19:25+00:00","breadcrumb":{"@id":"https:\/\/piscinasdelsur.com.ar\/newWeb\/?product=union-flex-manguera#breadcrumb"},"inLanguage":"es-AR","potentialAction":[{"@type":"ReadAction","target":["https:\/\/piscinasdelsur.com.ar\/newWeb\/?product=union-flex-manguera"]}]},{"@type":"ImageObject","inLanguage":"es-AR","@id":"https:\/\/piscinasdelsur.com.ar\/newWeb\/?product=union-flex-manguera#primaryimage","url":"https:\/\/piscinasdelsur.com.ar\/newWeb\/wp-content\/uploads\/2019\/08\/union-1-1.4-e1566357426390.jpg","contentUrl":"https:\/\/piscinasdelsur.com.ar\/newWeb\/wp-content\/uploads\/2019\/08\/union-1-1.4-e1566357426390.jpg","width":500,"height":500},{"@type":"BreadcrumbList","@id":"https:\/\/piscinasdelsur.com.ar\/newWeb\/?product=union-flex-manguera#breadcrumb","itemListElement":[{"@type":"ListItem","position":1,"name":"Inicio","item":"https:\/\/piscinasdelsur.com.ar\/newWeb\/"},{"@type":"ListItem","position":2,"name":"Shop","item":"https:\/\/piscinasdelsur.com.ar\/newWeb\/?page_id=318"},{"@type":"ListItem","position":3,"name":"Uni\u00f3n flexible para manguera &#8211; 1 1\/4&#8243;"}]},{"@type":"WebSite","@id":"https:\/\/piscinasdelsur.com.ar\/newWeb\/#website","url":"https:\/\/piscinasdelsur.com.ar\/newWeb\/","name":"Piscinas del Sur","description":"","publisher":{"@id":"https:\/\/piscinasdelsur.com.ar\/newWeb\/#organization"},"potentialAction":[{"@type":"SearchAction","target":{"@type":"EntryPoint","urlTemplate":"https:\/\/piscinasdelsur.com.ar\/newWeb\/?s={search_term_string}"},"query-input":{"@type":"PropertyValueSpecification","valueRequired":true,"valueName":"search_term_string"}}],"inLanguage":"es-AR"},{"@type":"Organization","@id":"https:\/\/piscinasdelsur.com.ar\/newWeb\/#organization","name":"Piscinas del Sur","url":"https:\/\/piscinasdelsur.com.ar\/newWeb\/","logo":{"@type":"ImageObject","inLanguage":"es-AR","@id":"https:\/\/piscinasdelsur.com.ar\/newWeb\/#\/schema\/logo\/image\/","url":"https:\/\/piscinasdelsur.com.ar\/newWeb\/wp-content\/uploads\/2017\/12\/cropped-LOGO-PISCINAS-DEL-SUR1.png","contentUrl":"https:\/\/piscinasdelsur.com.ar\/newWeb\/wp-content\/uploads\/2017\/12\/cropped-LOGO-PISCINAS-DEL-SUR1.png","width":350,"height":152,"caption":"Piscinas del Sur"},"image":{"@id":"https:\/\/piscinasdelsur.com.ar\/newWeb\/#\/schema\/logo\/image\/"}}]}},"_links":{"self":[{"href":"https:\/\/piscinasdelsur.com.ar\/newWeb\/index.php?rest_route=\/wp\/v2\/product\/1208","targetHints":{"allow":["GET"]}}],"collection":[{"href":"https:\/\/piscinasdelsur.com.ar\/newWeb\/index.php?rest_route=\/wp\/v2\/product"}],"about":[{"href":"https:\/\/piscinasdelsur.com.ar\/newWeb\/index.php?rest_route=\/wp\/v2\/types\/product"}],"version-history":[{"count":0,"href":"https:\/\/piscinasdelsur.com.ar\/newWeb\/index.php?rest_route=\/wp\/v2\/product\/1208\/revisions"}],"wp:featuredmedia":[{"embeddable":true,"href":"https:\/\/piscinasdelsur.com.ar\/newWeb\/index.php?rest_route=\/wp\/v2\/media\/1210"}],"wp:attachment":[{"href":"https:\/\/piscinasdelsur.com.ar\/newWeb\/index.php?rest_route=%2Fwp%2Fv2%2Fmedia&parent=1208"}],"wp:term":[{"taxonomy":"product_brand","embeddable":true,"href":"https:\/\/piscinasdelsur.com.ar\/newWeb\/index.php?rest_route=%2Fwp%2Fv2%2Fproduct_brand&post=1208"},{"taxonomy":"product_cat","embeddable":true,"href":"https:\/\/piscinasdelsur.com.ar\/newWeb\/index.php?rest_route=%2Fwp%2Fv2%2Fproduct_cat&post=1208"},{"taxonomy":"product_tag","embeddable":true,"href":"https:\/\/piscinasdelsur.com.ar\/newWeb\/index.php?rest_route=%2Fwp%2Fv2%2Fproduct_tag&post=1208"}],"curies":[{"name":"wp","href":"https:\/\/api.w.org\/{rel}","templated":true}]}}